{"id":17104,"date":"2026-04-17T12:33:39","date_gmt":"2026-04-17T10:33:39","guid":{"rendered":"https:\/\/danse-soufie.com\/?page_id=17104"},"modified":"2026-04-17T12:37:51","modified_gmt":"2026-04-17T10:37:51","slug":"cecile-papipillon","status":"publish","type":"page","link":"https:\/\/danse-soufie.com\/en\/lien-de-paiement-ecole-internationale\/cecile-papipillon\/","title":{"rendered":"C\u00e9cile Papipillon"},"content":{"rendered":"<div data-elementor-type=\"page\" data-elementor-id=\"17104\" class=\"elementor elementor-17104\" data-elementor-settings=\"{&quot;ha_cmc_init_switcher&quot;:&quot;no&quot;}\" data-elementor-post-type=\"page\">\n\t\t\t\t<div class=\"elementor-element elementor-element-e343f2b e-flex e-con-boxed e-con e-parent\" data-id=\"e343f2b\" data-element_type=\"container\" data-e-type=\"container\" data-settings=\"{&quot;background_background&quot;:&quot;classic&quot;,&quot;_ha_eqh_enable&quot;:false}\">\n\t\t\t\t\t<div class=\"e-con-inner\">\n\t\t\t\t<div class=\"elementor-element elementor-element-4380d68 exad-sticky-section-no exad-glass-effect-no elementor-invisible elementor-widget elementor-widget-heading\" data-id=\"4380d68\" data-element_type=\"widget\" data-e-type=\"widget\" data-settings=\"{&quot;_animation&quot;:&quot;fadeInUp&quot;}\" data-widget_type=\"heading.default\">\n\t\t\t\t<div class=\"elementor-widget-container\">\n\t\t\t\t\t<h2 class=\"elementor-heading-title elementor-size-default\">Registration status <\/h2>\t\t\t\t<\/div>\n\t\t\t\t<\/div>\n\t\t\t\t<div class=\"elementor-element elementor-element-aec6c4a elementor-widget-divider--view-line exad-sticky-section-no exad-glass-effect-no elementor-invisible elementor-widget elementor-widget-divider\" data-id=\"aec6c4a\" data-element_type=\"widget\" data-e-type=\"widget\" data-settings=\"{&quot;_animation&quot;:&quot;fadeInUp&quot;,&quot;_animation_delay&quot;:100}\" data-widget_type=\"divider.default\">\n\t\t\t\t<div class=\"elementor-widget-container\">\n\t\t\t\t\t\t\t<div class=\"elementor-divider\">\n\t\t\t<span class=\"elementor-divider-separator\">\n\t\t\t\t\t\t<\/span>\n\t\t<\/div>\n\t\t\t\t\t\t<\/div>\n\t\t\t\t<\/div>\n\t\t\t\t<div class=\"elementor-element elementor-element-8ebdab7 e-n-tabs-none exad-sticky-section-no exad-glass-effect-no elementor-invisible elementor-widget elementor-widget-n-tabs\" data-id=\"8ebdab7\" data-element_type=\"widget\" data-e-type=\"widget\" data-settings=\"{&quot;tabs_justify_horizontal&quot;:&quot;stretch&quot;,&quot;tabs_justify_horizontal_mobile&quot;:&quot;stretch&quot;,&quot;horizontal_scroll_mobile&quot;:&quot;enable&quot;,&quot;_animation&quot;:&quot;fadeInUp&quot;,&quot;horizontal_scroll&quot;:&quot;disable&quot;}\" data-widget_type=\"nested-tabs.default\">\n\t\t\t\t<div class=\"elementor-widget-container\">\n\t\t\t\t\t\t\t<div class=\"e-n-tabs\" data-widget-number=\"149674679\" aria-label=\"Tabs. Open items with Enter or Space, close with Escape and navigate using the Arrow keys.\">\n\t\t\t<div class=\"e-n-tabs-heading\" role=\"tablist\">\n\t\t\t\t\t<button id=\"e-n-tab-title-1496746791\" data-tab-title-id=\"e-n-tab-title-1496746791\" class=\"e-n-tab-title\" aria-selected=\"true\" data-tab-index=\"1\" role=\"tab\" tabindex=\"0\" aria-controls=\"e-n-tab-content-1496746791\" style=\"--n-tabs-title-order: 1;\">\n\t\t\t\t\t\t<span class=\"e-n-tab-title-text\">\n\t\t\t\tStatus\t\t\t<\/span>\n\t\t<\/button>\n\t\t\t\t<button id=\"e-n-tab-title-1496746792\" data-tab-title-id=\"e-n-tab-title-1496746792\" class=\"e-n-tab-title\" aria-selected=\"false\" data-tab-index=\"2\" role=\"tab\" tabindex=\"-1\" aria-controls=\"e-n-tab-content-1496746792\" style=\"--n-tabs-title-order: 2;\">\n\t\t\t\t\t\t<span class=\"e-n-tab-title-text\">\n\t\t\t\tDeposit\t\t\t<\/span>\n\t\t<\/button>\n\t\t\t\t<button id=\"e-n-tab-title-1496746793\" data-tab-title-id=\"e-n-tab-title-1496746793\" class=\"e-n-tab-title\" aria-selected=\"false\" data-tab-index=\"3\" role=\"tab\" tabindex=\"-1\" aria-controls=\"e-n-tab-content-1496746793\" style=\"--n-tabs-title-order: 3;\">\n\t\t\t\t\t\t<span class=\"e-n-tab-title-text\">\n\t\t\t\tRemaining amount\t\t\t<\/span>\n\t\t<\/button>\n\t\t\t\t\t<\/div>\n\t\t\t<div class=\"e-n-tabs-content\">\n\t\t\t\t<div id=\"e-n-tab-content-1496746791\" role=\"tabpanel\" aria-labelledby=\"e-n-tab-title-1496746791\" data-tab-index=\"1\" style=\"--n-tabs-title-order: 1;\" class=\"e-active elementor-element elementor-element-a0be7a8 e-con-full e-flex elementor-invisible e-con e-child\" data-id=\"a0be7a8\" data-element_type=\"container\" data-e-type=\"container\" data-settings=\"{&quot;animation&quot;:&quot;fadeInUp&quot;,&quot;_ha_eqh_enable&quot;:false}\">\n\t\t\t\t<div class=\"elementor-element elementor-element-2b6835c exad-sticky-section-no exad-glass-effect-no elementor-widget elementor-widget-text-editor\" data-id=\"2b6835c\" data-element_type=\"widget\" data-e-type=\"widget\" data-widget_type=\"text-editor.default\">\n\t\t\t\t<div class=\"elementor-widget-container\">\n\t\t\t\t\t\t\t\t\t<p>Hello <span style=\"color: #000000;\"><strong>C\u00e9cile Papipillon,<\/strong><\/span><\/p>\n<p>From this status page of your registration for the Sufi International Dance School, you can view the deposit already paid and the remaining amount.<br \/><br \/>Module <span style=\"color: #000000;\"><strong>3 weeks<\/strong><\/span><\/p>\n<p>Training amount:<strong><span style=\"color: #000000;\"> 3 200 \u20ac<\/span><\/strong><\/p>\n<p>Full board accommodation <span style=\"color: #000000;\"><strong>1 050 \u20ac<\/strong><\/span><\/p>\n<p>Total <span style=\"color: #000000;\"><strong>4 250 \u20ac<\/strong><\/span><\/p>\t\t\t\t\t\t\t\t<\/div>\n\t\t\t\t<\/div>\n\t\t\t\t<\/div>\n\t\t<div id=\"e-n-tab-content-1496746792\" role=\"tabpanel\" aria-labelledby=\"e-n-tab-title-1496746792\" data-tab-index=\"2\" style=\"--n-tabs-title-order: 2;\" class=\"elementor-element elementor-element-cd35b24 e-con-full e-flex elementor-invisible e-con e-child\" data-id=\"cd35b24\" data-element_type=\"container\" data-e-type=\"container\" data-settings=\"{&quot;background_background&quot;:&quot;classic&quot;,&quot;animation&quot;:&quot;fadeInUp&quot;,&quot;_ha_eqh_enable&quot;:false}\">\n\t\t\t\t<div class=\"elementor-element elementor-element-dc97e85 exad-sticky-section-no exad-glass-effect-no elementor-widget elementor-widget-text-editor\" data-id=\"dc97e85\" data-element_type=\"widget\" data-e-type=\"widget\" data-widget_type=\"text-editor.default\">\n\t\t\t\t<div class=\"elementor-widget-container\">\n\t\t\t\t\t\t\t\t\t<p>You can view the deposit already paid here.<\/p>\n<p>Deposit paid: <span style=\"color: #000000;\"><strong>600 \u20ac<\/strong><\/span><\/p>\n<p>Amount already paid <span style=\"color: #000000;\"><strong>1 500 \u20ac\u00a0<\/strong><\/span><\/p>\n<p>Total <strong><span style=\"color: #000000;\">2 100 \u20ac<\/span><\/strong><\/p>\t\t\t\t\t\t\t\t<\/div>\n\t\t\t\t<\/div>\n\t\t\t\t<\/div>\n\t\t<div id=\"e-n-tab-content-1496746793\" role=\"tabpanel\" aria-labelledby=\"e-n-tab-title-1496746793\" data-tab-index=\"3\" style=\"--n-tabs-title-order: 3;\" class=\"elementor-element elementor-element-c8aabb1 e-con-full e-flex elementor-invisible e-con e-child\" data-id=\"c8aabb1\" data-element_type=\"container\" data-e-type=\"container\" data-settings=\"{&quot;animation&quot;:&quot;fadeInUp&quot;,&quot;_ha_eqh_enable&quot;:false}\">\n\t\t\t\t<div class=\"elementor-element elementor-element-6daaced exad-sticky-section-no exad-glass-effect-no elementor-widget elementor-widget-text-editor\" data-id=\"6daaced\" data-element_type=\"widget\" data-e-type=\"widget\" data-widget_type=\"text-editor.default\">\n\t\t\t\t<div class=\"elementor-widget-container\">\n\t\t\t\t\t\t\t\t\t<p>Payment information<\/p>\t\t\t\t\t\t\t\t<\/div>\n\t\t\t\t<\/div>\n\t\t\t\t<div class=\"elementor-element elementor-element-b369202 elementor-widget-divider--view-line exad-sticky-section-no exad-glass-effect-no elementor-invisible elementor-widget elementor-widget-divider\" data-id=\"b369202\" data-element_type=\"widget\" data-e-type=\"widget\" data-settings=\"{&quot;_animation&quot;:&quot;fadeInUp&quot;,&quot;_animation_delay&quot;:100}\" data-widget_type=\"divider.default\">\n\t\t\t\t<div class=\"elementor-widget-container\">\n\t\t\t\t\t\t\t<div class=\"elementor-divider\">\n\t\t\t<span class=\"elementor-divider-separator\">\n\t\t\t\t\t\t<\/span>\n\t\t<\/div>\n\t\t\t\t\t\t<\/div>\n\t\t\t\t<\/div>\n\t\t\t\t<div class=\"elementor-element elementor-element-a4c3154 exad-sticky-section-no exad-glass-effect-no elementor-widget elementor-widget-text-editor\" data-id=\"a4c3154\" data-element_type=\"widget\" data-e-type=\"widget\" data-widget_type=\"text-editor.default\">\n\t\t\t\t<div class=\"elementor-widget-container\">\n\t\t\t\t\t\t\t\t\t<p>Module <span style=\"color: #000000;\"><strong>3 weeks<\/strong><\/span><\/p>\n<p>Training amount:<strong><span style=\"color: #000000;\"> 3 200 \u20ac<\/span><\/strong><\/p>\n<p>Full board accommodation <span style=\"color: #000000;\"><strong>1 050 \u20ac<\/strong><\/span><\/p>\n<p>Total <span style=\"color: #000000;\"><strong>4 250 \u20ac<\/strong><\/span><\/p>\t\t\t\t\t\t\t\t<\/div>\n\t\t\t\t<\/div>\n\t\t\t\t<div class=\"elementor-element elementor-element-62fda6e elementor-widget-divider--view-line exad-sticky-section-no exad-glass-effect-no elementor-invisible elementor-widget elementor-widget-divider\" data-id=\"62fda6e\" data-element_type=\"widget\" data-e-type=\"widget\" data-settings=\"{&quot;_animation&quot;:&quot;fadeInUp&quot;,&quot;_animation_delay&quot;:100}\" data-widget_type=\"divider.default\">\n\t\t\t\t<div class=\"elementor-widget-container\">\n\t\t\t\t\t\t\t<div class=\"elementor-divider\">\n\t\t\t<span class=\"elementor-divider-separator\">\n\t\t\t\t\t\t<\/span>\n\t\t<\/div>\n\t\t\t\t\t\t<\/div>\n\t\t\t\t<\/div>\n\t\t\t\t<div class=\"elementor-element elementor-element-e8cccb5 exad-sticky-section-no exad-glass-effect-no elementor-widget elementor-widget-text-editor\" data-id=\"e8cccb5\" data-element_type=\"widget\" data-e-type=\"widget\" data-widget_type=\"text-editor.default\">\n\t\t\t\t<div class=\"elementor-widget-container\">\n\t\t\t\t\t\t\t\t\t<p>Amount already paid<strong> <span style=\"color: #000000;\">2 100 \u20ac<\/span><\/strong><\/p>\t\t\t\t\t\t\t\t<\/div>\n\t\t\t\t<\/div>\n\t\t\t\t<div class=\"elementor-element elementor-element-e3502d4 elementor-widget-divider--view-line exad-sticky-section-no exad-glass-effect-no elementor-invisible elementor-widget elementor-widget-divider\" data-id=\"e3502d4\" data-element_type=\"widget\" data-e-type=\"widget\" data-settings=\"{&quot;_animation&quot;:&quot;fadeInUp&quot;,&quot;_animation_delay&quot;:100}\" data-widget_type=\"divider.default\">\n\t\t\t\t<div class=\"elementor-widget-container\">\n\t\t\t\t\t\t\t<div class=\"elementor-divider\">\n\t\t\t<span class=\"elementor-divider-separator\">\n\t\t\t\t\t\t<\/span>\n\t\t<\/div>\n\t\t\t\t\t\t<\/div>\n\t\t\t\t<\/div>\n\t\t\t\t<div class=\"elementor-element elementor-element-caeda2e exad-sticky-section-no exad-glass-effect-no elementor-widget elementor-widget-text-editor\" data-id=\"caeda2e\" data-element_type=\"widget\" data-e-type=\"widget\" data-widget_type=\"text-editor.default\">\n\t\t\t\t<div class=\"elementor-widget-container\">\n\t\t\t\t\t\t\t\t\t<p>Amount remaining to pay <span style=\"color: #000000;\"><strong>2 150 \u20ac<\/strong><\/span><\/p>\t\t\t\t\t\t\t\t<\/div>\n\t\t\t\t<\/div>\n\t\t\t\t<div class=\"elementor-element elementor-element-f5137ec elementor-widget__width-initial exad-sticky-section-no exad-glass-effect-no elementor-invisible elementor-widget elementor-widget-givewp_donation_form\" data-id=\"f5137ec\" data-element_type=\"widget\" data-e-type=\"widget\" data-settings=\"{&quot;display_style&quot;:&quot;modal&quot;,&quot;donate_button_text&quot;:&quot;Payer le reste&quot;,&quot;_animation&quot;:&quot;fadeInUp&quot;}\" data-widget_type=\"givewp_donation_form.default\">\n\t\t\t\t\t<div class='root-data-givewp-embed' data-form-locale='en_GB' data-form-url='https:\/\/danse-soufie.com\/?post_type=give_forms&amp;p=17103' data-form-view-url='https:\/\/danse-soufie.com\/en\/?givewp-route=donation-form-view&amp;form-id=17103' data-src='https:\/\/danse-soufie.com\/en\/?givewp-route=donation-form-view&amp;form-id=17103' data-givewp-embed-id='give-form-shortcode-1' data-form-format='modal' data-open-form-button='Payer le reste' style='--givewp-primary-color: #000000; --givewp-secondary-color: #e8b130;'><\/div>\t\t\t\t<\/div>\n\t\t\t\t<\/div>\n\t\t\t\t\t<\/div>\n\t\t<\/div>\n\t\t\t\t\t\t<\/div>\n\t\t\t\t<\/div>\n\t\t\t\t<div class=\"elementor-element elementor-element-a68adef elementor-widget-divider--view-line exad-sticky-section-no exad-glass-effect-no elementor-invisible elementor-widget elementor-widget-divider\" data-id=\"a68adef\" data-element_type=\"widget\" data-e-type=\"widget\" data-settings=\"{&quot;_animation&quot;:&quot;fadeInUp&quot;,&quot;_animation_delay&quot;:250}\" data-widget_type=\"divider.default\">\n\t\t\t\t<div class=\"elementor-widget-container\">\n\t\t\t\t\t\t\t<div class=\"elementor-divider\">\n\t\t\t<span class=\"elementor-divider-separator\">\n\t\t\t\t\t\t<\/span>\n\t\t<\/div>\n\t\t\t\t\t\t<\/div>\n\t\t\t\t<\/div>\n\t\t\t\t\t<\/div>\n\t\t\t\t<\/div>\n\t\t\t\t<\/div>","protected":false},"excerpt":{"rendered":"<p>Statut de votre inscription Statut Acompte Montant restant Bonjour C\u00e9cile\u00a0Papipillon, \u00c0 partir de cette page de statut de votre inscription \u00e0 l&rsquo;\u00e9cole internationale de danse soufie , vous pouvez visualiser [&hellip;]<\/p>\n","protected":false},"author":1,"featured_media":9272,"parent":16792,"menu_order":0,"comment_status":"closed","ping_status":"closed","template":"","meta":{"give_campaign_id":11,"inline_featured_image":false,"_price":"","_stock":"","_tribe_ticket_header":"","_tribe_default_ticket_provider":"TEC\\Tickets\\Commerce\\Module","_tribe_ticket_capacity":"0","_ticket_start_date":"","_ticket_end_date":"","_tribe_ticket_show_description":"","_tribe_ticket_show_not_going":false,"_tribe_ticket_use_global_stock":"","_tribe_ticket_global_stock_level":"","_global_stock_mode":"","_global_stock_cap":"","_tribe_rsvp_for_event":"","_tribe_ticket_going_count":"","_tribe_ticket_not_going_count":"","_tribe_tickets_list":"[]","_tribe_ticket_has_attendee_info_fields":false,"footnotes":"","_tec_slr_enabled":"","_tec_slr_layout":""},"class_list":["post-17104","page","type-page","status-publish","has-post-thumbnail","hentry"],"yoast_head":"<!-- This site is optimized with the Yoast SEO plugin v27.4 - https:\/\/yoast.com\/product\/yoast-seo-wordpress\/ -->\n<title>R\u00e8glement d&#039;inscription<\/title>\n<meta name=\"description\" content=\"\u00c9cole Internationale de Danse Soufie \u00e9dition 2026.\" \/>\n<meta name=\"robots\" content=\"index, follow, max-snippet:-1, max-image-preview:large, max-video-preview:-1\" \/>\n<link rel=\"canonical\" href=\"https:\/\/danse-soufie.com\/en\/lien-de-paiement-ecole-internationale\/cecile-papipillon\/\" \/>\n<meta property=\"og:locale\" content=\"en_GB\" \/>\n<meta property=\"og:type\" content=\"article\" \/>\n<meta property=\"og:title\" content=\"R\u00e8glement d&#039;inscription\" \/>\n<meta property=\"og:description\" content=\"\u00c9cole Internationale de Danse Soufie \u00e9dition 2026.\" \/>\n<meta property=\"og:url\" content=\"https:\/\/danse-soufie.com\/en\/lien-de-paiement-ecole-internationale\/cecile-papipillon\/\" \/>\n<meta property=\"og:site_name\" content=\"Danse Soufie\" \/>\n<meta property=\"article:publisher\" content=\"https:\/\/web.facebook.com\/dansesoufie\" \/>\n<meta property=\"article:modified_time\" content=\"2026-04-17T10:37:51+00:00\" \/>\n<meta property=\"og:image\" content=\"https:\/\/danse-soufie.com\/wp-content\/uploads\/2025\/10\/Abandon-et-souffle-Rana-Gorgani-Derviche-Tourneur.webp\" \/>\n\t<meta property=\"og:image:width\" content=\"1600\" \/>\n\t<meta property=\"og:image:height\" content=\"1111\" \/>\n\t<meta property=\"og:image:type\" content=\"image\/webp\" \/>\n<meta name=\"twitter:card\" content=\"summary_large_image\" \/>\n<script type=\"application\/ld+json\" class=\"yoast-schema-graph\">{\"@context\":\"https:\\\/\\\/schema.org\",\"@graph\":[{\"@type\":\"WebPage\",\"@id\":\"https:\\\/\\\/danse-soufie.com\\\/fr\\\/lien-de-paiement-ecole-internationale\\\/cecile-papipillon\\\/\",\"url\":\"https:\\\/\\\/danse-soufie.com\\\/fr\\\/lien-de-paiement-ecole-internationale\\\/cecile-papipillon\\\/\",\"name\":\"R\u00e8glement d'inscription\",\"isPartOf\":{\"@id\":\"https:\\\/\\\/danse-soufie.com\\\/#website\"},\"primaryImageOfPage\":{\"@id\":\"https:\\\/\\\/danse-soufie.com\\\/fr\\\/lien-de-paiement-ecole-internationale\\\/cecile-papipillon\\\/#primaryimage\"},\"image\":{\"@id\":\"https:\\\/\\\/danse-soufie.com\\\/fr\\\/lien-de-paiement-ecole-internationale\\\/cecile-papipillon\\\/#primaryimage\"},\"thumbnailUrl\":\"https:\\\/\\\/danse-soufie.com\\\/wp-content\\\/uploads\\\/2025\\\/10\\\/Abandon-et-souffle-Rana-Gorgani-Derviche-Tourneur.webp\",\"datePublished\":\"2026-04-17T10:33:39+00:00\",\"dateModified\":\"2026-04-17T10:37:51+00:00\",\"description\":\"\u00c9cole Internationale de Danse Soufie \u00e9dition 2026.\",\"breadcrumb\":{\"@id\":\"https:\\\/\\\/danse-soufie.com\\\/fr\\\/lien-de-paiement-ecole-internationale\\\/cecile-papipillon\\\/#breadcrumb\"},\"inLanguage\":\"en-GB\",\"potentialAction\":[{\"@type\":\"ReadAction\",\"target\":[\"https:\\\/\\\/danse-soufie.com\\\/fr\\\/lien-de-paiement-ecole-internationale\\\/cecile-papipillon\\\/\"]}]},{\"@type\":\"ImageObject\",\"inLanguage\":\"en-GB\",\"@id\":\"https:\\\/\\\/danse-soufie.com\\\/fr\\\/lien-de-paiement-ecole-internationale\\\/cecile-papipillon\\\/#primaryimage\",\"url\":\"https:\\\/\\\/danse-soufie.com\\\/wp-content\\\/uploads\\\/2025\\\/10\\\/Abandon-et-souffle-Rana-Gorgani-Derviche-Tourneur.webp\",\"contentUrl\":\"https:\\\/\\\/danse-soufie.com\\\/wp-content\\\/uploads\\\/2025\\\/10\\\/Abandon-et-souffle-Rana-Gorgani-Derviche-Tourneur.webp\",\"width\":1600,\"height\":1111,\"caption\":\"Derviche Tourneur - Rana Gorgani\"},{\"@type\":\"BreadcrumbList\",\"@id\":\"https:\\\/\\\/danse-soufie.com\\\/fr\\\/lien-de-paiement-ecole-internationale\\\/cecile-papipillon\\\/#breadcrumb\",\"itemListElement\":[{\"@type\":\"ListItem\",\"position\":1,\"name\":\"Accueil\",\"item\":\"https:\\\/\\\/danse-soufie.com\\\/\"},{\"@type\":\"ListItem\",\"position\":2,\"name\":\"Lien de paiement &#8211; \u00c9cole Internationale\",\"item\":\"https:\\\/\\\/danse-soufie.com\\\/lien-de-paiement-ecole-internationale\\\/\"},{\"@type\":\"ListItem\",\"position\":3,\"name\":\"C\u00e9cile Papipillon\"}]},{\"@type\":\"WebSite\",\"@id\":\"https:\\\/\\\/danse-soufie.com\\\/#website\",\"url\":\"https:\\\/\\\/danse-soufie.com\\\/\",\"name\":\"Danse Soufie\",\"description\":\"\",\"publisher\":{\"@id\":\"https:\\\/\\\/danse-soufie.com\\\/#organization\"},\"potentialAction\":[{\"@type\":\"SearchAction\",\"target\":{\"@type\":\"EntryPoint\",\"urlTemplate\":\"https:\\\/\\\/danse-soufie.com\\\/?s={search_term_string}\"},\"query-input\":{\"@type\":\"PropertyValueSpecification\",\"valueRequired\":true,\"valueName\":\"search_term_string\"}}],\"inLanguage\":\"en-GB\"},{\"@type\":\"Organization\",\"@id\":\"https:\\\/\\\/danse-soufie.com\\\/#organization\",\"name\":\"Danse Soufie\",\"url\":\"https:\\\/\\\/danse-soufie.com\\\/\",\"logo\":{\"@type\":\"ImageObject\",\"inLanguage\":\"en-GB\",\"@id\":\"https:\\\/\\\/danse-soufie.com\\\/#\\\/schema\\\/logo\\\/image\\\/\",\"url\":\"https:\\\/\\\/danse-soufie.com\\\/wp-content\\\/uploads\\\/2025\\\/04\\\/danse-soufie-logo.webp\",\"contentUrl\":\"https:\\\/\\\/danse-soufie.com\\\/wp-content\\\/uploads\\\/2025\\\/04\\\/danse-soufie-logo.webp\",\"width\":200,\"height\":106,\"caption\":\"Danse Soufie\"},\"image\":{\"@id\":\"https:\\\/\\\/danse-soufie.com\\\/#\\\/schema\\\/logo\\\/image\\\/\"},\"sameAs\":[\"https:\\\/\\\/web.facebook.com\\\/dansesoufie\",\"https:\\\/\\\/www.instagram.com\\\/sufi_dance_school\\\/\"]}]}<\/script>\n<!-- \/ Yoast SEO plugin. -->","yoast_head_json":{"title":"R\u00e8glement d'inscription","description":"\u00c9cole Internationale de Danse Soufie \u00e9dition 2026.","robots":{"index":"index","follow":"follow","max-snippet":"max-snippet:-1","max-image-preview":"max-image-preview:large","max-video-preview":"max-video-preview:-1"},"canonical":"https:\/\/danse-soufie.com\/en\/lien-de-paiement-ecole-internationale\/cecile-papipillon\/","og_locale":"en_GB","og_type":"article","og_title":"R\u00e8glement d'inscription","og_description":"\u00c9cole Internationale de Danse Soufie \u00e9dition 2026.","og_url":"https:\/\/danse-soufie.com\/en\/lien-de-paiement-ecole-internationale\/cecile-papipillon\/","og_site_name":"Danse Soufie","article_publisher":"https:\/\/web.facebook.com\/dansesoufie","article_modified_time":"2026-04-17T10:37:51+00:00","og_image":[{"width":1600,"height":1111,"url":"https:\/\/danse-soufie.com\/wp-content\/uploads\/2025\/10\/Abandon-et-souffle-Rana-Gorgani-Derviche-Tourneur.webp","type":"image\/webp"}],"twitter_card":"summary_large_image","schema":{"@context":"https:\/\/schema.org","@graph":[{"@type":"WebPage","@id":"https:\/\/danse-soufie.com\/fr\/lien-de-paiement-ecole-internationale\/cecile-papipillon\/","url":"https:\/\/danse-soufie.com\/fr\/lien-de-paiement-ecole-internationale\/cecile-papipillon\/","name":"R\u00e8glement d'inscription","isPartOf":{"@id":"https:\/\/danse-soufie.com\/#website"},"primaryImageOfPage":{"@id":"https:\/\/danse-soufie.com\/fr\/lien-de-paiement-ecole-internationale\/cecile-papipillon\/#primaryimage"},"image":{"@id":"https:\/\/danse-soufie.com\/fr\/lien-de-paiement-ecole-internationale\/cecile-papipillon\/#primaryimage"},"thumbnailUrl":"https:\/\/danse-soufie.com\/wp-content\/uploads\/2025\/10\/Abandon-et-souffle-Rana-Gorgani-Derviche-Tourneur.webp","datePublished":"2026-04-17T10:33:39+00:00","dateModified":"2026-04-17T10:37:51+00:00","description":"\u00c9cole Internationale de Danse Soufie \u00e9dition 2026.","breadcrumb":{"@id":"https:\/\/danse-soufie.com\/fr\/lien-de-paiement-ecole-internationale\/cecile-papipillon\/#breadcrumb"},"inLanguage":"en-GB","potentialAction":[{"@type":"ReadAction","target":["https:\/\/danse-soufie.com\/fr\/lien-de-paiement-ecole-internationale\/cecile-papipillon\/"]}]},{"@type":"ImageObject","inLanguage":"en-GB","@id":"https:\/\/danse-soufie.com\/fr\/lien-de-paiement-ecole-internationale\/cecile-papipillon\/#primaryimage","url":"https:\/\/danse-soufie.com\/wp-content\/uploads\/2025\/10\/Abandon-et-souffle-Rana-Gorgani-Derviche-Tourneur.webp","contentUrl":"https:\/\/danse-soufie.com\/wp-content\/uploads\/2025\/10\/Abandon-et-souffle-Rana-Gorgani-Derviche-Tourneur.webp","width":1600,"height":1111,"caption":"Derviche Tourneur - Rana Gorgani"},{"@type":"BreadcrumbList","@id":"https:\/\/danse-soufie.com\/fr\/lien-de-paiement-ecole-internationale\/cecile-papipillon\/#breadcrumb","itemListElement":[{"@type":"ListItem","position":1,"name":"Accueil","item":"https:\/\/danse-soufie.com\/"},{"@type":"ListItem","position":2,"name":"Lien de paiement &#8211; \u00c9cole Internationale","item":"https:\/\/danse-soufie.com\/lien-de-paiement-ecole-internationale\/"},{"@type":"ListItem","position":3,"name":"C\u00e9cile Papipillon"}]},{"@type":"WebSite","@id":"https:\/\/danse-soufie.com\/#website","url":"https:\/\/danse-soufie.com\/","name":"Sufi Dance","description":"","publisher":{"@id":"https:\/\/danse-soufie.com\/#organization"},"potentialAction":[{"@type":"SearchAction","target":{"@type":"EntryPoint","urlTemplate":"https:\/\/danse-soufie.com\/?s={search_term_string}"},"query-input":{"@type":"PropertyValueSpecification","valueRequired":true,"valueName":"search_term_string"}}],"inLanguage":"en-GB"},{"@type":"Organization","@id":"https:\/\/danse-soufie.com\/#organization","name":"Sufi Dance","url":"https:\/\/danse-soufie.com\/","logo":{"@type":"ImageObject","inLanguage":"en-GB","@id":"https:\/\/danse-soufie.com\/#\/schema\/logo\/image\/","url":"https:\/\/danse-soufie.com\/wp-content\/uploads\/2025\/04\/danse-soufie-logo.webp","contentUrl":"https:\/\/danse-soufie.com\/wp-content\/uploads\/2025\/04\/danse-soufie-logo.webp","width":200,"height":106,"caption":"Danse Soufie"},"image":{"@id":"https:\/\/danse-soufie.com\/#\/schema\/logo\/image\/"},"sameAs":["https:\/\/web.facebook.com\/dansesoufie","https:\/\/www.instagram.com\/sufi_dance_school\/"]}]}},"campaignId":"11","ticketed":false,"_links":{"self":[{"href":"https:\/\/danse-soufie.com\/en\/wp-json\/wp\/v2\/pages\/17104","targetHints":{"allow":["GET"]}}],"collection":[{"href":"https:\/\/danse-soufie.com\/en\/wp-json\/wp\/v2\/pages"}],"about":[{"href":"https:\/\/danse-soufie.com\/en\/wp-json\/wp\/v2\/types\/page"}],"author":[{"embeddable":true,"href":"https:\/\/danse-soufie.com\/en\/wp-json\/wp\/v2\/users\/1"}],"replies":[{"embeddable":true,"href":"https:\/\/danse-soufie.com\/en\/wp-json\/wp\/v2\/comments?post=17104"}],"version-history":[{"count":5,"href":"https:\/\/danse-soufie.com\/en\/wp-json\/wp\/v2\/pages\/17104\/revisions"}],"predecessor-version":[{"id":17109,"href":"https:\/\/danse-soufie.com\/en\/wp-json\/wp\/v2\/pages\/17104\/revisions\/17109"}],"up":[{"embeddable":true,"href":"https:\/\/danse-soufie.com\/en\/wp-json\/wp\/v2\/pages\/16792"}],"wp:featuredmedia":[{"embeddable":true,"href":"https:\/\/danse-soufie.com\/en\/wp-json\/wp\/v2\/media\/9272"}],"wp:attachment":[{"href":"https:\/\/danse-soufie.com\/en\/wp-json\/wp\/v2\/media?parent=17104"}],"curies":[{"name":"wp","href":"https:\/\/api.w.org\/{rel}","templated":true}]}}