{"id":1509,"date":"2025-07-04T17:01:00","date_gmt":"2025-07-04T15:01:00","guid":{"rendered":"https:\/\/danse-soufie.com\/?post_type=product&#038;p=1509"},"modified":"2026-01-14T15:39:15","modified_gmt":"2026-01-14T14:39:15","slug":"daf-percussion-soufie","status":"publish","type":"product","link":"https:\/\/danse-soufie.com\/en\/product\/daf-percussion-soufie\/","title":{"rendered":"DAF \u2013 Sufi Percussion"},"content":{"rendered":"<div data-elementor-type=\"product-post\" data-elementor-id=\"1509\" class=\"elementor elementor-1509\" data-elementor-settings=\"{&quot;ha_cmc_init_switcher&quot;:&quot;no&quot;}\" data-elementor-post-type=\"product\">\n\t\t\t\t<div class=\"elementor-element elementor-element-98a9b48 e-flex e-con-boxed e-con e-parent\" data-id=\"98a9b48\" data-element_type=\"container\" data-e-type=\"container\" data-settings=\"{&quot;_ha_eqh_enable&quot;:false}\">\n\t\t\t\t\t<div class=\"e-con-inner\">\n\t\t\t\t<div class=\"elementor-element elementor-element-2fceb8f6 exad-sticky-section-no exad-glass-effect-no elementor-widget elementor-widget-text-editor\" data-id=\"2fceb8f6\" data-element_type=\"widget\" data-e-type=\"widget\" data-widget_type=\"text-editor.default\">\n\t\t\t\t<div class=\"elementor-widget-container\">\n\t\t\t\t\t\t\t\t\t<p style=\"font-weight: 400;\" class=\"translation-block\">The <strong>daf<\/strong>, also referred to as def, duff, deff, defi, defli or dap, is a large frame drum from the Persian tradition used (like the zarb) to accompany Iranian music, but which is also widespread (without its rings) from <a href=\"https:\/\/frwiki.fr\/Lexique\/Moyen-Orient\" target=\"_self\">Middle East<\/a> notably in <a href=\"https:\/\/frwiki.fr\/Lexique\/Turquie\" target=\"_self\">Turkey<\/a>, in <a href=\"https:\/\/frwiki.fr\/Lexique\/Armnie\" target=\"_self\">Armenia<\/a> and in <a href=\"https:\/\/frwiki.fr\/Lexique\/Azerbadjan\" target=\"_self\">Azerbaijan<\/a> up to the <a href=\"https:\/\/frwiki.fr\/Lexique\/Sibrie\" target=\"_self\">Siberia<\/a> via l\u2019<a>Central Asia<\/a>. It is undoubtedly the cause of the Arab-Andalusian tar spread at <a href=\"https:\/\/frwiki.fr\/Lexique\/Maghreb\" target=\"_self\">Maghreb<\/a> and which reached medieval Europe. It still survives in Portugal and Spain (as well as in Brazil and Guatemala) under the name of adufe, but also of pandero or pandeiro.<\/p>\t\t\t\t\t\t\t\t<\/div>\n\t\t\t\t<\/div>\n\t\t\t\t\t<\/div>\n\t\t\t\t<\/div>\n\t\t\t\t<\/div>","protected":false},"excerpt":{"rendered":"<p>Daf , tambour sur cadre de style kurdeen peau naturel de mouton fournis avec sa housse de protection en cuir v\u00e9ritable<\/p>\n<p><strong>Prix<\/strong> : 320 euros + frais de port : 60 euros<\/p>\n<p><strong>Dimensions :<\/strong><br \/>\nDaf<strong> : <\/strong>53,5 x 5,5cm<strong><br \/>\n<\/strong>Pochette<strong> : <\/strong>58 x 6cm<\/p>","protected":false},"featured_media":1521,"template":"","meta":{"give_campaign_id":0,"inline_featured_image":false,"_price":"320","_stock":"","_tribe_ticket_header":"","_tribe_default_ticket_provider":"","_tribe_ticket_capacity":"0","_ticket_start_date":"","_ticket_end_date":"","_tribe_ticket_show_description":"","_tribe_ticket_show_not_going":false,"_tribe_ticket_use_global_stock":"","_tribe_ticket_global_stock_level":"","_global_stock_mode":"","_global_stock_cap":"","_tribe_rsvp_for_event":"","_tribe_ticket_going_count":"","_tribe_ticket_not_going_count":"","_tribe_tickets_list":"[]","_tribe_ticket_has_attendee_info_fields":false,"_tec_slr_enabled":"","_tec_slr_layout":""},"product_brand":[],"product_cat":[39],"product_tag":[],"class_list":{"0":"post-1509","1":"product","2":"type-product","3":"status-publish","4":"has-post-thumbnail","6":"product_cat-instrument-de-musique","7":"product_shipping_class-eau_de_rose","9":"first","10":"instock","11":"taxable","12":"shipping-taxable","13":"purchasable","14":"product-type-simple"},"yoast_head":"<!-- This site is optimized with the Yoast SEO plugin v27.3 - https:\/\/yoast.com\/product\/yoast-seo-wordpress\/ -->\n<title>DAF - Percussion Soufie<\/title>\n<meta name=\"description\" content=\"Plongez dans la sagesse des derviches tourneurs gr\u00e2ce \u00e0 l&#039;Oracle Derviche, inspir\u00e9 par la danse soufie et la tradition mystique de l\u2019Orient.\" \/>\n<meta name=\"robots\" content=\"index, follow, max-snippet:-1, max-image-preview:large, max-video-preview:-1\" \/>\n<link rel=\"canonical\" href=\"https:\/\/danse-soufie.com\/en\/product\/daf-percussion-soufie\/\" \/>\n<meta property=\"og:locale\" content=\"en_GB\" \/>\n<meta property=\"og:type\" content=\"article\" \/>\n<meta property=\"og:title\" content=\"DAF - Percussion Soufie\" \/>\n<meta property=\"og:description\" content=\"Plongez dans la sagesse des derviches tourneurs gr\u00e2ce \u00e0 l&#039;Oracle Derviche, inspir\u00e9 par la danse soufie et la tradition mystique de l\u2019Orient.\" \/>\n<meta property=\"og:url\" content=\"https:\/\/danse-soufie.com\/en\/product\/daf-percussion-soufie\/\" \/>\n<meta property=\"og:site_name\" content=\"Danse Soufie\" \/>\n<meta property=\"article:publisher\" content=\"https:\/\/web.facebook.com\/dansesoufie\" \/>\n<meta property=\"article:modified_time\" content=\"2026-01-14T14:39:15+00:00\" \/>\n<meta property=\"og:image\" content=\"https:\/\/danse-soufie.com\/wp-content\/uploads\/2025\/07\/Produit-4.png\" \/>\n\t<meta property=\"og:image:width\" content=\"1080\" \/>\n\t<meta property=\"og:image:height\" content=\"1080\" \/>\n\t<meta property=\"og:image:type\" content=\"image\/png\" \/>\n<meta name=\"twitter:card\" content=\"summary_large_image\" \/>\n<meta name=\"twitter:label1\" content=\"Estimated reading time\" \/>\n\t<meta name=\"twitter:data1\" content=\"1 minute\" \/>\n<script type=\"application\/ld+json\" class=\"yoast-schema-graph\">{\"@context\":\"https:\\\/\\\/schema.org\",\"@graph\":[{\"@type\":\"WebPage\",\"@id\":\"https:\\\/\\\/danse-soufie.com\\\/produit\\\/daf-percussion-soufie\\\/\",\"url\":\"https:\\\/\\\/danse-soufie.com\\\/produit\\\/daf-percussion-soufie\\\/\",\"name\":\"DAF - Percussion Soufie\",\"isPartOf\":{\"@id\":\"https:\\\/\\\/danse-soufie.com\\\/#website\"},\"primaryImageOfPage\":{\"@id\":\"https:\\\/\\\/danse-soufie.com\\\/produit\\\/daf-percussion-soufie\\\/#primaryimage\"},\"image\":{\"@id\":\"https:\\\/\\\/danse-soufie.com\\\/produit\\\/daf-percussion-soufie\\\/#primaryimage\"},\"thumbnailUrl\":\"https:\\\/\\\/danse-soufie.com\\\/wp-content\\\/uploads\\\/2025\\\/07\\\/Produit-4.png\",\"datePublished\":\"2025-07-04T15:01:00+00:00\",\"dateModified\":\"2026-01-14T14:39:15+00:00\",\"description\":\"Plongez dans la sagesse des derviches tourneurs gr\u00e2ce \u00e0 l'Oracle Derviche, inspir\u00e9 par la danse soufie et la tradition mystique de l\u2019Orient.\",\"breadcrumb\":{\"@id\":\"https:\\\/\\\/danse-soufie.com\\\/produit\\\/daf-percussion-soufie\\\/#breadcrumb\"},\"inLanguage\":\"en-GB\",\"potentialAction\":[{\"@type\":\"ReadAction\",\"target\":[\"https:\\\/\\\/danse-soufie.com\\\/produit\\\/daf-percussion-soufie\\\/\"]}]},{\"@type\":\"ImageObject\",\"inLanguage\":\"en-GB\",\"@id\":\"https:\\\/\\\/danse-soufie.com\\\/produit\\\/daf-percussion-soufie\\\/#primaryimage\",\"url\":\"https:\\\/\\\/danse-soufie.com\\\/wp-content\\\/uploads\\\/2025\\\/07\\\/Produit-4.png\",\"contentUrl\":\"https:\\\/\\\/danse-soufie.com\\\/wp-content\\\/uploads\\\/2025\\\/07\\\/Produit-4.png\",\"width\":1080,\"height\":1080},{\"@type\":\"BreadcrumbList\",\"@id\":\"https:\\\/\\\/danse-soufie.com\\\/produit\\\/daf-percussion-soufie\\\/#breadcrumb\",\"itemListElement\":[{\"@type\":\"ListItem\",\"position\":1,\"name\":\"Accueil\",\"item\":\"https:\\\/\\\/danse-soufie.com\\\/\"},{\"@type\":\"ListItem\",\"position\":2,\"name\":\"Produits\",\"item\":\"https:\\\/\\\/danse-soufie.com\\\/shop\\\/\"},{\"@type\":\"ListItem\",\"position\":3,\"name\":\"DAF &#8211; Percussion Soufie\"}]},{\"@type\":\"WebSite\",\"@id\":\"https:\\\/\\\/danse-soufie.com\\\/#website\",\"url\":\"https:\\\/\\\/danse-soufie.com\\\/\",\"name\":\"Danse Soufie\",\"description\":\"\",\"publisher\":{\"@id\":\"https:\\\/\\\/danse-soufie.com\\\/#organization\"},\"potentialAction\":[{\"@type\":\"SearchAction\",\"target\":{\"@type\":\"EntryPoint\",\"urlTemplate\":\"https:\\\/\\\/danse-soufie.com\\\/?s={search_term_string}\"},\"query-input\":{\"@type\":\"PropertyValueSpecification\",\"valueRequired\":true,\"valueName\":\"search_term_string\"}}],\"inLanguage\":\"en-GB\"},{\"@type\":\"Organization\",\"@id\":\"https:\\\/\\\/danse-soufie.com\\\/#organization\",\"name\":\"Danse Soufie\",\"url\":\"https:\\\/\\\/danse-soufie.com\\\/\",\"logo\":{\"@type\":\"ImageObject\",\"inLanguage\":\"en-GB\",\"@id\":\"https:\\\/\\\/danse-soufie.com\\\/#\\\/schema\\\/logo\\\/image\\\/\",\"url\":\"https:\\\/\\\/danse-soufie.com\\\/wp-content\\\/uploads\\\/2025\\\/04\\\/danse-soufie-logo.webp\",\"contentUrl\":\"https:\\\/\\\/danse-soufie.com\\\/wp-content\\\/uploads\\\/2025\\\/04\\\/danse-soufie-logo.webp\",\"width\":200,\"height\":106,\"caption\":\"Danse Soufie\"},\"image\":{\"@id\":\"https:\\\/\\\/danse-soufie.com\\\/#\\\/schema\\\/logo\\\/image\\\/\"},\"sameAs\":[\"https:\\\/\\\/web.facebook.com\\\/dansesoufie\",\"https:\\\/\\\/www.instagram.com\\\/sufi_dance_school\\\/\"]}]}<\/script>\n<!-- \/ Yoast SEO plugin. -->","yoast_head_json":{"title":"DAF - Percussion Soufie","description":"Plongez dans la sagesse des derviches tourneurs gr\u00e2ce \u00e0 l'Oracle Derviche, inspir\u00e9 par la danse soufie et la tradition mystique de l\u2019Orient.","robots":{"index":"index","follow":"follow","max-snippet":"max-snippet:-1","max-image-preview":"max-image-preview:large","max-video-preview":"max-video-preview:-1"},"canonical":"https:\/\/danse-soufie.com\/en\/product\/daf-percussion-soufie\/","og_locale":"en_GB","og_type":"article","og_title":"DAF - Percussion Soufie","og_description":"Plongez dans la sagesse des derviches tourneurs gr\u00e2ce \u00e0 l'Oracle Derviche, inspir\u00e9 par la danse soufie et la tradition mystique de l\u2019Orient.","og_url":"https:\/\/danse-soufie.com\/en\/product\/daf-percussion-soufie\/","og_site_name":"Danse Soufie","article_publisher":"https:\/\/web.facebook.com\/dansesoufie","article_modified_time":"2026-01-14T14:39:15+00:00","og_image":[{"width":1080,"height":1080,"url":"https:\/\/danse-soufie.com\/wp-content\/uploads\/2025\/07\/Produit-4.png","type":"image\/png"}],"twitter_card":"summary_large_image","twitter_misc":{"Estimated reading time":"1 minute"},"schema":{"@context":"https:\/\/schema.org","@graph":[{"@type":"WebPage","@id":"https:\/\/danse-soufie.com\/produit\/daf-percussion-soufie\/","url":"https:\/\/danse-soufie.com\/produit\/daf-percussion-soufie\/","name":"DAF - Percussion Soufie","isPartOf":{"@id":"https:\/\/danse-soufie.com\/#website"},"primaryImageOfPage":{"@id":"https:\/\/danse-soufie.com\/produit\/daf-percussion-soufie\/#primaryimage"},"image":{"@id":"https:\/\/danse-soufie.com\/produit\/daf-percussion-soufie\/#primaryimage"},"thumbnailUrl":"https:\/\/danse-soufie.com\/wp-content\/uploads\/2025\/07\/Produit-4.png","datePublished":"2025-07-04T15:01:00+00:00","dateModified":"2026-01-14T14:39:15+00:00","description":"Plongez dans la sagesse des derviches tourneurs gr\u00e2ce \u00e0 l'Oracle Derviche, inspir\u00e9 par la danse soufie et la tradition mystique de l\u2019Orient.","breadcrumb":{"@id":"https:\/\/danse-soufie.com\/produit\/daf-percussion-soufie\/#breadcrumb"},"inLanguage":"en-GB","potentialAction":[{"@type":"ReadAction","target":["https:\/\/danse-soufie.com\/produit\/daf-percussion-soufie\/"]}]},{"@type":"ImageObject","inLanguage":"en-GB","@id":"https:\/\/danse-soufie.com\/produit\/daf-percussion-soufie\/#primaryimage","url":"https:\/\/danse-soufie.com\/wp-content\/uploads\/2025\/07\/Produit-4.png","contentUrl":"https:\/\/danse-soufie.com\/wp-content\/uploads\/2025\/07\/Produit-4.png","width":1080,"height":1080},{"@type":"BreadcrumbList","@id":"https:\/\/danse-soufie.com\/produit\/daf-percussion-soufie\/#breadcrumb","itemListElement":[{"@type":"ListItem","position":1,"name":"Accueil","item":"https:\/\/danse-soufie.com\/"},{"@type":"ListItem","position":2,"name":"Produits","item":"https:\/\/danse-soufie.com\/shop\/"},{"@type":"ListItem","position":3,"name":"DAF &#8211; Percussion Soufie"}]},{"@type":"WebSite","@id":"https:\/\/danse-soufie.com\/#website","url":"https:\/\/danse-soufie.com\/","name":"Sufi Dance","description":"","publisher":{"@id":"https:\/\/danse-soufie.com\/#organization"},"potentialAction":[{"@type":"SearchAction","target":{"@type":"EntryPoint","urlTemplate":"https:\/\/danse-soufie.com\/?s={search_term_string}"},"query-input":{"@type":"PropertyValueSpecification","valueRequired":true,"valueName":"search_term_string"}}],"inLanguage":"en-GB"},{"@type":"Organization","@id":"https:\/\/danse-soufie.com\/#organization","name":"Sufi Dance","url":"https:\/\/danse-soufie.com\/","logo":{"@type":"ImageObject","inLanguage":"en-GB","@id":"https:\/\/danse-soufie.com\/#\/schema\/logo\/image\/","url":"https:\/\/danse-soufie.com\/wp-content\/uploads\/2025\/04\/danse-soufie-logo.webp","contentUrl":"https:\/\/danse-soufie.com\/wp-content\/uploads\/2025\/04\/danse-soufie-logo.webp","width":200,"height":106,"caption":"Danse Soufie"},"image":{"@id":"https:\/\/danse-soufie.com\/#\/schema\/logo\/image\/"},"sameAs":["https:\/\/web.facebook.com\/dansesoufie","https:\/\/www.instagram.com\/sufi_dance_school\/"]}]}},"_links":{"self":[{"href":"https:\/\/danse-soufie.com\/en\/wp-json\/wp\/v2\/product\/1509","targetHints":{"allow":["GET"]}}],"collection":[{"href":"https:\/\/danse-soufie.com\/en\/wp-json\/wp\/v2\/product"}],"about":[{"href":"https:\/\/danse-soufie.com\/en\/wp-json\/wp\/v2\/types\/product"}],"version-history":[{"count":8,"href":"https:\/\/danse-soufie.com\/en\/wp-json\/wp\/v2\/product\/1509\/revisions"}],"predecessor-version":[{"id":8001,"href":"https:\/\/danse-soufie.com\/en\/wp-json\/wp\/v2\/product\/1509\/revisions\/8001"}],"wp:featuredmedia":[{"embeddable":true,"href":"https:\/\/danse-soufie.com\/en\/wp-json\/wp\/v2\/media\/1521"}],"wp:attachment":[{"href":"https:\/\/danse-soufie.com\/en\/wp-json\/wp\/v2\/media?parent=1509"}],"wp:term":[{"taxonomy":"product_brand","embeddable":true,"href":"https:\/\/danse-soufie.com\/en\/wp-json\/wp\/v2\/product_brand?post=1509"},{"taxonomy":"product_cat","embeddable":true,"href":"https:\/\/danse-soufie.com\/en\/wp-json\/wp\/v2\/product_cat?post=1509"},{"taxonomy":"product_tag","embeddable":true,"href":"https:\/\/danse-soufie.com\/en\/wp-json\/wp\/v2\/product_tag?post=1509"}],"curies":[{"name":"wp","href":"https:\/\/api.w.org\/{rel}","templated":true}]}}