{"id":15176,"date":"2026-03-11T13:02:32","date_gmt":"2026-03-11T12:02:32","guid":{"rendered":"https:\/\/danse-soufie.com\/produit\/cercle-soufi-en-ligne\/"},"modified":"2026-04-17T21:13:08","modified_gmt":"2026-04-17T19:13:08","slug":"cercle-soufi-en-ligne","status":"publish","type":"product","link":"https:\/\/danse-soufie.com\/en\/product\/cercle-soufi-en-ligne\/","title":{"rendered":"Online Sufi Circle"},"content":{"rendered":"<p style=\"text-align: justify;\">This circle is for those who are discovering the Sufi path, as well as for those who are already involved and wish to continue to nurture it. Each person comes to nourish the other. Meditation opens up an inner space. Teaching sheds light on the path. The circle provides an opportunity to share a word, a question or an experience.<\/p>\n<p>What's included:<\/p>\n<h5><span class=\"elementor-button-text\">\u2705 all Sufi Full Moon meditations<\/span><\/h5>\n<h5><span class=\"elementor-button-text\">\u2705 All Sufi New Moon meditations<\/span><\/h5>\n<h5><span class=\"elementor-button-text\">\u2705 a teaching session on the Sufi path<\/span><\/h5>\n<h5><span class=\"elementor-button-text\">\u2705 a circle for discussion and questions<\/span><\/h5>","protected":false},"excerpt":{"rendered":"<p>This circle is aimed at those who are new to the Sufi path, as well as those who are already involved in it and wish to continue nurturing it.<\/p>","protected":false},"featured_media":15491,"template":"","meta":{"give_campaign_id":0,"inline_featured_image":false,"_price":"40","_stock":"","_tribe_ticket_header":"","_tribe_default_ticket_provider":"","_tribe_ticket_capacity":"","_ticket_start_date":"","_ticket_end_date":"","_tribe_ticket_show_description":"","_tribe_ticket_show_not_going":false,"_tribe_ticket_use_global_stock":"","_tribe_ticket_global_stock_level":"","_global_stock_mode":"","_global_stock_cap":"","_tribe_rsvp_for_event":"","_tribe_ticket_going_count":"","_tribe_ticket_not_going_count":"","_tribe_tickets_list":"[]","_tribe_ticket_has_attendee_info_fields":false,"_tec_slr_enabled":"","_tec_slr_layout":""},"product_brand":[],"product_cat":[45],"product_tag":[],"class_list":{"0":"post-15176","1":"product","2":"type-product","3":"status-publish","4":"has-post-thumbnail","6":"product_cat-cours-en-ligne","8":"first","9":"instock","10":"virtual","11":"sold-individually","12":"taxable","13":"purchasable","14":"product-type-simple"},"yoast_head":"<!-- This site is optimized with the Yoast SEO plugin v27.4 - https:\/\/yoast.com\/product\/yoast-seo-wordpress\/ -->\n<title>Cercle Soufi en ligne - Danse Soufie<\/title>\n<meta name=\"robots\" content=\"index, follow, max-snippet:-1, max-image-preview:large, max-video-preview:-1\" \/>\n<link rel=\"canonical\" href=\"https:\/\/danse-soufie.com\/en\/product\/cercle-soufi-en-ligne\/\" \/>\n<meta property=\"og:locale\" content=\"en_GB\" \/>\n<meta property=\"og:type\" content=\"article\" \/>\n<meta property=\"og:title\" content=\"Cercle Soufi en ligne - Danse Soufie\" \/>\n<meta property=\"og:description\" content=\"Ce cercle s\u2019adresse \u00e0 celles et ceux qui d\u00e9couvrent la voie soufie comme \u00e0 celles et ceux qui la fr\u00e9quentent d\u00e9j\u00e0 et souhaitent continuer \u00e0 la nourrir.\" \/>\n<meta property=\"og:url\" content=\"https:\/\/danse-soufie.com\/en\/product\/cercle-soufi-en-ligne\/\" \/>\n<meta property=\"og:site_name\" content=\"Danse Soufie\" \/>\n<meta property=\"article:publisher\" content=\"https:\/\/web.facebook.com\/dansesoufie\" \/>\n<meta property=\"article:modified_time\" content=\"2026-04-17T19:13:08+00:00\" \/>\n<meta property=\"og:image\" content=\"https:\/\/danse-soufie.com\/wp-content\/uploads\/2026\/03\/Cercle-Soufi-en-ligne1-scaled.jpg\" \/>\n\t<meta property=\"og:image:width\" content=\"2560\" \/>\n\t<meta property=\"og:image:height\" content=\"1707\" \/>\n\t<meta property=\"og:image:type\" content=\"image\/jpeg\" \/>\n<meta name=\"twitter:card\" content=\"summary_large_image\" \/>\n<meta name=\"twitter:label1\" content=\"Estimated reading time\" \/>\n\t<meta name=\"twitter:data1\" content=\"1 minute\" \/>\n<script type=\"application\/ld+json\" class=\"yoast-schema-graph\">{\"@context\":\"https:\\\/\\\/schema.org\",\"@graph\":[{\"@type\":\"WebPage\",\"@id\":\"https:\\\/\\\/danse-soufie.com\\\/produit\\\/cercle-soufi-en-ligne\\\/\",\"url\":\"https:\\\/\\\/danse-soufie.com\\\/produit\\\/cercle-soufi-en-ligne\\\/\",\"name\":\"Cercle Soufi en ligne - Danse Soufie\",\"isPartOf\":{\"@id\":\"https:\\\/\\\/danse-soufie.com\\\/#website\"},\"primaryImageOfPage\":{\"@id\":\"https:\\\/\\\/danse-soufie.com\\\/produit\\\/cercle-soufi-en-ligne\\\/#primaryimage\"},\"image\":{\"@id\":\"https:\\\/\\\/danse-soufie.com\\\/produit\\\/cercle-soufi-en-ligne\\\/#primaryimage\"},\"thumbnailUrl\":\"https:\\\/\\\/danse-soufie.com\\\/wp-content\\\/uploads\\\/2026\\\/03\\\/Cercle-Soufi-en-ligne1-scaled.jpg\",\"datePublished\":\"2026-03-11T12:02:32+00:00\",\"dateModified\":\"2026-04-17T19:13:08+00:00\",\"breadcrumb\":{\"@id\":\"https:\\\/\\\/danse-soufie.com\\\/produit\\\/cercle-soufi-en-ligne\\\/#breadcrumb\"},\"inLanguage\":\"en-GB\",\"potentialAction\":[{\"@type\":\"ReadAction\",\"target\":[\"https:\\\/\\\/danse-soufie.com\\\/produit\\\/cercle-soufi-en-ligne\\\/\"]}]},{\"@type\":\"ImageObject\",\"inLanguage\":\"en-GB\",\"@id\":\"https:\\\/\\\/danse-soufie.com\\\/produit\\\/cercle-soufi-en-ligne\\\/#primaryimage\",\"url\":\"https:\\\/\\\/danse-soufie.com\\\/wp-content\\\/uploads\\\/2026\\\/03\\\/Cercle-Soufi-en-ligne1-scaled.jpg\",\"contentUrl\":\"https:\\\/\\\/danse-soufie.com\\\/wp-content\\\/uploads\\\/2026\\\/03\\\/Cercle-Soufi-en-ligne1-scaled.jpg\",\"width\":2560,\"height\":1707},{\"@type\":\"BreadcrumbList\",\"@id\":\"https:\\\/\\\/danse-soufie.com\\\/produit\\\/cercle-soufi-en-ligne\\\/#breadcrumb\",\"itemListElement\":[{\"@type\":\"ListItem\",\"position\":1,\"name\":\"Accueil\",\"item\":\"https:\\\/\\\/danse-soufie.com\\\/\"},{\"@type\":\"ListItem\",\"position\":2,\"name\":\"Produits\",\"item\":\"https:\\\/\\\/danse-soufie.com\\\/shop\\\/\"},{\"@type\":\"ListItem\",\"position\":3,\"name\":\"Cercle Soufi en ligne\"}]},{\"@type\":\"WebSite\",\"@id\":\"https:\\\/\\\/danse-soufie.com\\\/#website\",\"url\":\"https:\\\/\\\/danse-soufie.com\\\/\",\"name\":\"Danse Soufie\",\"description\":\"\",\"publisher\":{\"@id\":\"https:\\\/\\\/danse-soufie.com\\\/#organization\"},\"potentialAction\":[{\"@type\":\"SearchAction\",\"target\":{\"@type\":\"EntryPoint\",\"urlTemplate\":\"https:\\\/\\\/danse-soufie.com\\\/?s={search_term_string}\"},\"query-input\":{\"@type\":\"PropertyValueSpecification\",\"valueRequired\":true,\"valueName\":\"search_term_string\"}}],\"inLanguage\":\"en-GB\"},{\"@type\":\"Organization\",\"@id\":\"https:\\\/\\\/danse-soufie.com\\\/#organization\",\"name\":\"Danse Soufie\",\"url\":\"https:\\\/\\\/danse-soufie.com\\\/\",\"logo\":{\"@type\":\"ImageObject\",\"inLanguage\":\"en-GB\",\"@id\":\"https:\\\/\\\/danse-soufie.com\\\/#\\\/schema\\\/logo\\\/image\\\/\",\"url\":\"https:\\\/\\\/danse-soufie.com\\\/wp-content\\\/uploads\\\/2025\\\/04\\\/danse-soufie-logo.webp\",\"contentUrl\":\"https:\\\/\\\/danse-soufie.com\\\/wp-content\\\/uploads\\\/2025\\\/04\\\/danse-soufie-logo.webp\",\"width\":200,\"height\":106,\"caption\":\"Danse Soufie\"},\"image\":{\"@id\":\"https:\\\/\\\/danse-soufie.com\\\/#\\\/schema\\\/logo\\\/image\\\/\"},\"sameAs\":[\"https:\\\/\\\/web.facebook.com\\\/dansesoufie\",\"https:\\\/\\\/www.instagram.com\\\/sufi_dance_school\\\/\"]}]}<\/script>\n<!-- \/ Yoast SEO plugin. -->","yoast_head_json":{"title":"Cercle Soufi en ligne - Danse Soufie","robots":{"index":"index","follow":"follow","max-snippet":"max-snippet:-1","max-image-preview":"max-image-preview:large","max-video-preview":"max-video-preview:-1"},"canonical":"https:\/\/danse-soufie.com\/en\/product\/cercle-soufi-en-ligne\/","og_locale":"en_GB","og_type":"article","og_title":"Cercle Soufi en ligne - Danse Soufie","og_description":"Ce cercle s\u2019adresse \u00e0 celles et ceux qui d\u00e9couvrent la voie soufie comme \u00e0 celles et ceux qui la fr\u00e9quentent d\u00e9j\u00e0 et souhaitent continuer \u00e0 la nourrir.","og_url":"https:\/\/danse-soufie.com\/en\/product\/cercle-soufi-en-ligne\/","og_site_name":"Danse Soufie","article_publisher":"https:\/\/web.facebook.com\/dansesoufie","article_modified_time":"2026-04-17T19:13:08+00:00","og_image":[{"width":2560,"height":1707,"url":"https:\/\/danse-soufie.com\/wp-content\/uploads\/2026\/03\/Cercle-Soufi-en-ligne1-scaled.jpg","type":"image\/jpeg"}],"twitter_card":"summary_large_image","twitter_misc":{"Estimated reading time":"1 minute"},"schema":{"@context":"https:\/\/schema.org","@graph":[{"@type":"WebPage","@id":"https:\/\/danse-soufie.com\/produit\/cercle-soufi-en-ligne\/","url":"https:\/\/danse-soufie.com\/produit\/cercle-soufi-en-ligne\/","name":"Cercle Soufi en ligne - Danse Soufie","isPartOf":{"@id":"https:\/\/danse-soufie.com\/#website"},"primaryImageOfPage":{"@id":"https:\/\/danse-soufie.com\/produit\/cercle-soufi-en-ligne\/#primaryimage"},"image":{"@id":"https:\/\/danse-soufie.com\/produit\/cercle-soufi-en-ligne\/#primaryimage"},"thumbnailUrl":"https:\/\/danse-soufie.com\/wp-content\/uploads\/2026\/03\/Cercle-Soufi-en-ligne1-scaled.jpg","datePublished":"2026-03-11T12:02:32+00:00","dateModified":"2026-04-17T19:13:08+00:00","breadcrumb":{"@id":"https:\/\/danse-soufie.com\/produit\/cercle-soufi-en-ligne\/#breadcrumb"},"inLanguage":"en-GB","potentialAction":[{"@type":"ReadAction","target":["https:\/\/danse-soufie.com\/produit\/cercle-soufi-en-ligne\/"]}]},{"@type":"ImageObject","inLanguage":"en-GB","@id":"https:\/\/danse-soufie.com\/produit\/cercle-soufi-en-ligne\/#primaryimage","url":"https:\/\/danse-soufie.com\/wp-content\/uploads\/2026\/03\/Cercle-Soufi-en-ligne1-scaled.jpg","contentUrl":"https:\/\/danse-soufie.com\/wp-content\/uploads\/2026\/03\/Cercle-Soufi-en-ligne1-scaled.jpg","width":2560,"height":1707},{"@type":"BreadcrumbList","@id":"https:\/\/danse-soufie.com\/produit\/cercle-soufi-en-ligne\/#breadcrumb","itemListElement":[{"@type":"ListItem","position":1,"name":"Accueil","item":"https:\/\/danse-soufie.com\/"},{"@type":"ListItem","position":2,"name":"Produits","item":"https:\/\/danse-soufie.com\/shop\/"},{"@type":"ListItem","position":3,"name":"Cercle Soufi en ligne"}]},{"@type":"WebSite","@id":"https:\/\/danse-soufie.com\/#website","url":"https:\/\/danse-soufie.com\/","name":"Sufi Dance","description":"","publisher":{"@id":"https:\/\/danse-soufie.com\/#organization"},"potentialAction":[{"@type":"SearchAction","target":{"@type":"EntryPoint","urlTemplate":"https:\/\/danse-soufie.com\/?s={search_term_string}"},"query-input":{"@type":"PropertyValueSpecification","valueRequired":true,"valueName":"search_term_string"}}],"inLanguage":"en-GB"},{"@type":"Organization","@id":"https:\/\/danse-soufie.com\/#organization","name":"Sufi Dance","url":"https:\/\/danse-soufie.com\/","logo":{"@type":"ImageObject","inLanguage":"en-GB","@id":"https:\/\/danse-soufie.com\/#\/schema\/logo\/image\/","url":"https:\/\/danse-soufie.com\/wp-content\/uploads\/2025\/04\/danse-soufie-logo.webp","contentUrl":"https:\/\/danse-soufie.com\/wp-content\/uploads\/2025\/04\/danse-soufie-logo.webp","width":200,"height":106,"caption":"Danse Soufie"},"image":{"@id":"https:\/\/danse-soufie.com\/#\/schema\/logo\/image\/"},"sameAs":["https:\/\/web.facebook.com\/dansesoufie","https:\/\/www.instagram.com\/sufi_dance_school\/"]}]}},"_links":{"self":[{"href":"https:\/\/danse-soufie.com\/en\/wp-json\/wp\/v2\/product\/15176","targetHints":{"allow":["GET"]}}],"collection":[{"href":"https:\/\/danse-soufie.com\/en\/wp-json\/wp\/v2\/product"}],"about":[{"href":"https:\/\/danse-soufie.com\/en\/wp-json\/wp\/v2\/types\/product"}],"version-history":[{"count":7,"href":"https:\/\/danse-soufie.com\/en\/wp-json\/wp\/v2\/product\/15176\/revisions"}],"predecessor-version":[{"id":17244,"href":"https:\/\/danse-soufie.com\/en\/wp-json\/wp\/v2\/product\/15176\/revisions\/17244"}],"wp:featuredmedia":[{"embeddable":true,"href":"https:\/\/danse-soufie.com\/en\/wp-json\/wp\/v2\/media\/15491"}],"wp:attachment":[{"href":"https:\/\/danse-soufie.com\/en\/wp-json\/wp\/v2\/media?parent=15176"}],"wp:term":[{"taxonomy":"product_brand","embeddable":true,"href":"https:\/\/danse-soufie.com\/en\/wp-json\/wp\/v2\/product_brand?post=15176"},{"taxonomy":"product_cat","embeddable":true,"href":"https:\/\/danse-soufie.com\/en\/wp-json\/wp\/v2\/product_cat?post=15176"},{"taxonomy":"product_tag","embeddable":true,"href":"https:\/\/danse-soufie.com\/en\/wp-json\/wp\/v2\/product_tag?post=15176"}],"curies":[{"name":"wp","href":"https:\/\/api.w.org\/{rel}","templated":true}]}}