{"id":17040,"date":"2026-04-17T09:35:29","date_gmt":"2026-04-17T07:35:29","guid":{"rendered":"https:\/\/danse-soufie.com\/?page_id=17040"},"modified":"2026-04-17T10:59:24","modified_gmt":"2026-04-17T08:59:24","slug":"gabrielle-favier","status":"publish","type":"page","link":"https:\/\/danse-soufie.com\/fr\/lien-de-paiement-ecole-internationale\/gabrielle-favier\/","title":{"rendered":"Gabrielle Favier"},"content":{"rendered":"\t\t<div data-elementor-type=\"page\" data-elementor-id=\"17040\" class=\"elementor elementor-17040\" data-elementor-settings=\"{&quot;ha_cmc_init_switcher&quot;:&quot;no&quot;}\" data-elementor-post-type=\"page\">\n\t\t\t\t<div class=\"elementor-element elementor-element-aa890fd e-flex e-con-boxed e-con e-parent\" data-id=\"aa890fd\" data-element_type=\"container\" data-e-type=\"container\" data-settings=\"{&quot;background_background&quot;:&quot;classic&quot;,&quot;_ha_eqh_enable&quot;:false}\">\n\t\t\t\t\t<div class=\"e-con-inner\">\n\t\t\t\t<div class=\"elementor-element elementor-element-4678dd4 exad-sticky-section-no exad-glass-effect-no elementor-invisible elementor-widget elementor-widget-heading\" data-id=\"4678dd4\" data-element_type=\"widget\" data-e-type=\"widget\" data-settings=\"{&quot;_animation&quot;:&quot;fadeInUp&quot;}\" data-widget_type=\"heading.default\">\n\t\t\t\t<div class=\"elementor-widget-container\">\n\t\t\t\t\t<h2 class=\"elementor-heading-title elementor-size-default\">Statut de votre inscription <\/h2>\t\t\t\t<\/div>\n\t\t\t\t<\/div>\n\t\t\t\t<div class=\"elementor-element elementor-element-d1cd4e7 elementor-widget-divider--view-line exad-sticky-section-no exad-glass-effect-no elementor-invisible elementor-widget elementor-widget-divider\" data-id=\"d1cd4e7\" data-element_type=\"widget\" data-e-type=\"widget\" data-settings=\"{&quot;_animation&quot;:&quot;fadeInUp&quot;,&quot;_animation_delay&quot;:100}\" data-widget_type=\"divider.default\">\n\t\t\t\t<div class=\"elementor-widget-container\">\n\t\t\t\t\t\t\t<div class=\"elementor-divider\">\n\t\t\t<span class=\"elementor-divider-separator\">\n\t\t\t\t\t\t<\/span>\n\t\t<\/div>\n\t\t\t\t\t\t<\/div>\n\t\t\t\t<\/div>\n\t\t\t\t<div class=\"elementor-element elementor-element-fd2e76e e-n-tabs-none exad-sticky-section-no exad-glass-effect-no elementor-invisible elementor-widget elementor-widget-n-tabs\" data-id=\"fd2e76e\" data-element_type=\"widget\" data-e-type=\"widget\" data-settings=\"{&quot;tabs_justify_horizontal&quot;:&quot;stretch&quot;,&quot;tabs_justify_horizontal_mobile&quot;:&quot;stretch&quot;,&quot;horizontal_scroll_mobile&quot;:&quot;enable&quot;,&quot;_animation&quot;:&quot;fadeInUp&quot;,&quot;horizontal_scroll&quot;:&quot;disable&quot;}\" data-widget_type=\"nested-tabs.default\">\n\t\t\t\t<div class=\"elementor-widget-container\">\n\t\t\t\t\t\t\t<div class=\"e-n-tabs\" data-widget-number=\"265480046\" aria-label=\"Onglets. Ouvrez des \u00e9l\u00e9ments avec Entrer ou Espace, fermez-les avec Echape et naviguez \u00e0 l&#039;aide des touches fl\u00e9ch\u00e9es.\">\n\t\t\t<div class=\"e-n-tabs-heading\" role=\"tablist\">\n\t\t\t\t\t<button id=\"e-n-tab-title-2654800461\" data-tab-title-id=\"e-n-tab-title-2654800461\" class=\"e-n-tab-title\" aria-selected=\"true\" data-tab-index=\"1\" role=\"tab\" tabindex=\"0\" aria-controls=\"e-n-tab-content-2654800461\" style=\"--n-tabs-title-order: 1;\">\n\t\t\t\t\t\t<span class=\"e-n-tab-title-text\">\n\t\t\t\tStatut\t\t\t<\/span>\n\t\t<\/button>\n\t\t\t\t<button id=\"e-n-tab-title-2654800462\" data-tab-title-id=\"e-n-tab-title-2654800462\" class=\"e-n-tab-title\" aria-selected=\"false\" data-tab-index=\"2\" role=\"tab\" tabindex=\"-1\" aria-controls=\"e-n-tab-content-2654800462\" style=\"--n-tabs-title-order: 2;\">\n\t\t\t\t\t\t<span class=\"e-n-tab-title-text\">\n\t\t\t\tAcompte\t\t\t<\/span>\n\t\t<\/button>\n\t\t\t\t<button id=\"e-n-tab-title-2654800463\" data-tab-title-id=\"e-n-tab-title-2654800463\" class=\"e-n-tab-title\" aria-selected=\"false\" data-tab-index=\"3\" role=\"tab\" tabindex=\"-1\" aria-controls=\"e-n-tab-content-2654800463\" style=\"--n-tabs-title-order: 3;\">\n\t\t\t\t\t\t<span class=\"e-n-tab-title-text\">\n\t\t\t\tMontant restant\t\t\t<\/span>\n\t\t<\/button>\n\t\t\t\t\t<\/div>\n\t\t\t<div class=\"e-n-tabs-content\">\n\t\t\t\t<div id=\"e-n-tab-content-2654800461\" role=\"tabpanel\" aria-labelledby=\"e-n-tab-title-2654800461\" data-tab-index=\"1\" style=\"--n-tabs-title-order: 1;\" class=\"e-active elementor-element elementor-element-6de6e98 e-con-full e-flex elementor-invisible e-con e-child\" data-id=\"6de6e98\" data-element_type=\"container\" data-e-type=\"container\" data-settings=\"{&quot;animation&quot;:&quot;fadeInUp&quot;,&quot;_ha_eqh_enable&quot;:false}\">\n\t\t\t\t<div class=\"elementor-element elementor-element-2d7fb07 exad-sticky-section-no exad-glass-effect-no elementor-widget elementor-widget-text-editor\" data-id=\"2d7fb07\" data-element_type=\"widget\" data-e-type=\"widget\" data-widget_type=\"text-editor.default\">\n\t\t\t\t<div class=\"elementor-widget-container\">\n\t\t\t\t\t\t\t\t\t<p>Bonjour <span style=\"color: #000000;\"><strong>Gabrielle Favier<\/strong><\/span><\/p>\n<p>\u00c0 partir de cette page de statut de votre inscription \u00e0 l&rsquo;\u00e9cole internationale de danse soufie , vous pouvez visualiser l&rsquo;acompte d\u00e9j\u00e0 pay\u00e9 et le montant restant.<br \/><br \/>Module : <span style=\"color: #000000;\"><strong>2 semaines<\/strong><\/span><\/p>\n<p>Montant formation :<strong><span style=\"color: #000000;\"> 2 400 \u20ac<\/span><\/strong><\/p>\n<p>H\u00e9bergement en pension compl\u00e8te : <span style=\"color: #000000;\"><strong>700 \u20ac<\/strong><\/span><\/p>\n<p>Total : <span style=\"color: #000000;\"><strong>3 100 \u20ac<\/strong><\/span><\/p>\t\t\t\t\t\t\t\t<\/div>\n\t\t\t\t<\/div>\n\t\t\t\t<\/div>\n\t\t<div id=\"e-n-tab-content-2654800462\" role=\"tabpanel\" aria-labelledby=\"e-n-tab-title-2654800462\" data-tab-index=\"2\" style=\"--n-tabs-title-order: 2;\" class=\" elementor-element elementor-element-35d4f0e e-con-full e-flex elementor-invisible e-con e-child\" data-id=\"35d4f0e\" data-element_type=\"container\" data-e-type=\"container\" data-settings=\"{&quot;background_background&quot;:&quot;classic&quot;,&quot;animation&quot;:&quot;fadeInUp&quot;,&quot;_ha_eqh_enable&quot;:false}\">\n\t\t\t\t<div class=\"elementor-element elementor-element-ec22014 exad-sticky-section-no exad-glass-effect-no elementor-widget elementor-widget-text-editor\" data-id=\"ec22014\" data-element_type=\"widget\" data-e-type=\"widget\" data-widget_type=\"text-editor.default\">\n\t\t\t\t<div class=\"elementor-widget-container\">\n\t\t\t\t\t\t\t\t\t<p>Vous pouvez visualiser ici l&rsquo;acompte d\u00e9j\u00e0 pay\u00e9.<\/p>\n<p>Accompte pay\u00e9 : <span style=\"color: #000000;\"><strong>600 \u20ac<\/strong><\/span><\/p>\n<p>+ Montant d\u00e9j\u00e0 vers\u00e9 : <span style=\"color: #000000;\"><strong>1 050 \u20ac<\/strong><\/span><\/p>\n<p>Total : <strong><span style=\"color: #000000;\">1 650 \u20ac<\/span><\/strong><\/p>\t\t\t\t\t\t\t\t<\/div>\n\t\t\t\t<\/div>\n\t\t\t\t<\/div>\n\t\t<div id=\"e-n-tab-content-2654800463\" role=\"tabpanel\" aria-labelledby=\"e-n-tab-title-2654800463\" data-tab-index=\"3\" style=\"--n-tabs-title-order: 3;\" class=\" elementor-element elementor-element-7cb2db8 e-con-full e-flex elementor-invisible e-con e-child\" data-id=\"7cb2db8\" data-element_type=\"container\" data-e-type=\"container\" data-settings=\"{&quot;animation&quot;:&quot;fadeInUp&quot;,&quot;_ha_eqh_enable&quot;:false}\">\n\t\t\t\t<div class=\"elementor-element elementor-element-f6a2a8c exad-sticky-section-no exad-glass-effect-no elementor-widget elementor-widget-text-editor\" data-id=\"f6a2a8c\" data-element_type=\"widget\" data-e-type=\"widget\" data-widget_type=\"text-editor.default\">\n\t\t\t\t<div class=\"elementor-widget-container\">\n\t\t\t\t\t\t\t\t\t<p>Informations de paiement<\/p>\t\t\t\t\t\t\t\t<\/div>\n\t\t\t\t<\/div>\n\t\t\t\t<div class=\"elementor-element elementor-element-7806d3f elementor-widget-divider--view-line exad-sticky-section-no exad-glass-effect-no elementor-invisible elementor-widget elementor-widget-divider\" data-id=\"7806d3f\" data-element_type=\"widget\" data-e-type=\"widget\" data-settings=\"{&quot;_animation&quot;:&quot;fadeInUp&quot;,&quot;_animation_delay&quot;:100}\" data-widget_type=\"divider.default\">\n\t\t\t\t<div class=\"elementor-widget-container\">\n\t\t\t\t\t\t\t<div class=\"elementor-divider\">\n\t\t\t<span class=\"elementor-divider-separator\">\n\t\t\t\t\t\t<\/span>\n\t\t<\/div>\n\t\t\t\t\t\t<\/div>\n\t\t\t\t<\/div>\n\t\t\t\t<div class=\"elementor-element elementor-element-5a75d66 exad-sticky-section-no exad-glass-effect-no elementor-widget elementor-widget-text-editor\" data-id=\"5a75d66\" data-element_type=\"widget\" data-e-type=\"widget\" data-widget_type=\"text-editor.default\">\n\t\t\t\t<div class=\"elementor-widget-container\">\n\t\t\t\t\t\t\t\t\t<p>Module : <span style=\"color: #000000;\"><strong>2 semaines<\/strong><\/span><\/p>\n<p>Montant formation :<strong><span style=\"color: #000000;\"> 2 400 \u20ac<\/span><\/strong><\/p>\n<p>H\u00e9bergement en pension compl\u00e8te : <span style=\"color: #000000;\"><strong>700 \u20ac<\/strong><\/span><\/p>\n<p>Total : <span style=\"color: #000000;\"><strong>3 100 \u20ac<\/strong><\/span><\/p>\t\t\t\t\t\t\t\t<\/div>\n\t\t\t\t<\/div>\n\t\t\t\t<div class=\"elementor-element elementor-element-ab248e7 elementor-widget-divider--view-line exad-sticky-section-no exad-glass-effect-no elementor-invisible elementor-widget elementor-widget-divider\" data-id=\"ab248e7\" data-element_type=\"widget\" data-e-type=\"widget\" data-settings=\"{&quot;_animation&quot;:&quot;fadeInUp&quot;,&quot;_animation_delay&quot;:100}\" data-widget_type=\"divider.default\">\n\t\t\t\t<div class=\"elementor-widget-container\">\n\t\t\t\t\t\t\t<div class=\"elementor-divider\">\n\t\t\t<span class=\"elementor-divider-separator\">\n\t\t\t\t\t\t<\/span>\n\t\t<\/div>\n\t\t\t\t\t\t<\/div>\n\t\t\t\t<\/div>\n\t\t\t\t<div class=\"elementor-element elementor-element-5f97c42 exad-sticky-section-no exad-glass-effect-no elementor-widget elementor-widget-text-editor\" data-id=\"5f97c42\" data-element_type=\"widget\" data-e-type=\"widget\" data-widget_type=\"text-editor.default\">\n\t\t\t\t<div class=\"elementor-widget-container\">\n\t\t\t\t\t\t\t\t\t<p>Montant d\u00e9j\u00e0 vers\u00e9 :<strong> <span style=\"color: #000000;\">1 650 \u20ac<\/span><\/strong><\/p>\t\t\t\t\t\t\t\t<\/div>\n\t\t\t\t<\/div>\n\t\t\t\t<div class=\"elementor-element elementor-element-16c9acb elementor-widget-divider--view-line exad-sticky-section-no exad-glass-effect-no elementor-invisible elementor-widget elementor-widget-divider\" data-id=\"16c9acb\" data-element_type=\"widget\" data-e-type=\"widget\" data-settings=\"{&quot;_animation&quot;:&quot;fadeInUp&quot;,&quot;_animation_delay&quot;:100}\" data-widget_type=\"divider.default\">\n\t\t\t\t<div class=\"elementor-widget-container\">\n\t\t\t\t\t\t\t<div class=\"elementor-divider\">\n\t\t\t<span class=\"elementor-divider-separator\">\n\t\t\t\t\t\t<\/span>\n\t\t<\/div>\n\t\t\t\t\t\t<\/div>\n\t\t\t\t<\/div>\n\t\t\t\t<div class=\"elementor-element elementor-element-1443acc exad-sticky-section-no exad-glass-effect-no elementor-widget elementor-widget-text-editor\" data-id=\"1443acc\" data-element_type=\"widget\" data-e-type=\"widget\" data-widget_type=\"text-editor.default\">\n\t\t\t\t<div class=\"elementor-widget-container\">\n\t\t\t\t\t\t\t\t\t<p>Montant restant \u00e0 payer : <span style=\"color: #000000;\"><strong>1 450 \u20ac<\/strong><\/span><\/p>\t\t\t\t\t\t\t\t<\/div>\n\t\t\t\t<\/div>\n\t\t\t\t<div class=\"elementor-element elementor-element-e47363c elementor-widget__width-initial exad-sticky-section-no exad-glass-effect-no elementor-invisible elementor-widget elementor-widget-givewp_donation_form\" data-id=\"e47363c\" data-element_type=\"widget\" data-e-type=\"widget\" data-settings=\"{&quot;display_style&quot;:&quot;modal&quot;,&quot;donate_button_text&quot;:&quot;Payer le reste&quot;,&quot;_animation&quot;:&quot;fadeInUp&quot;}\" data-widget_type=\"givewp_donation_form.default\">\n\t\t\t\t\t<div class='root-data-givewp-embed' data-form-locale='fr_FR' data-form-url='https:\/\/danse-soufie.com\/?post_type=give_forms&amp;p=17039' data-form-view-url='https:\/\/danse-soufie.com\/fr\/?givewp-route=donation-form-view&amp;form-id=17039' data-src='https:\/\/danse-soufie.com\/fr\/?givewp-route=donation-form-view&amp;form-id=17039' data-givewp-embed-id='give-form-shortcode-1' data-form-format='modal' data-open-form-button='Payer le reste' style='--givewp-primary-color: #000000; --givewp-secondary-color: #e8b130;'><\/div>\t\t\t\t<\/div>\n\t\t\t\t<\/div>\n\t\t\t\t\t<\/div>\n\t\t<\/div>\n\t\t\t\t\t\t<\/div>\n\t\t\t\t<\/div>\n\t\t\t\t<div class=\"elementor-element elementor-element-2f99b4b elementor-widget-divider--view-line exad-sticky-section-no exad-glass-effect-no elementor-invisible elementor-widget elementor-widget-divider\" data-id=\"2f99b4b\" data-element_type=\"widget\" data-e-type=\"widget\" data-settings=\"{&quot;_animation&quot;:&quot;fadeInUp&quot;,&quot;_animation_delay&quot;:250}\" data-widget_type=\"divider.default\">\n\t\t\t\t<div class=\"elementor-widget-container\">\n\t\t\t\t\t\t\t<div class=\"elementor-divider\">\n\t\t\t<span class=\"elementor-divider-separator\">\n\t\t\t\t\t\t<\/span>\n\t\t<\/div>\n\t\t\t\t\t\t<\/div>\n\t\t\t\t<\/div>\n\t\t\t\t\t<\/div>\n\t\t\t\t<\/div>\n\t\t\t\t<\/div>\n\t\t","protected":false},"excerpt":{"rendered":"<p>Statut de votre inscription Statut Acompte Montant restant Bonjour Gabrielle Favier \u00c0 partir de cette page de statut de votre inscription \u00e0 l&rsquo;\u00e9cole internationale de danse soufie , vous pouvez [&hellip;]<\/p>\n","protected":false},"author":1,"featured_media":9272,"parent":16792,"menu_order":0,"comment_status":"closed","ping_status":"closed","template":"","meta":{"give_campaign_id":6,"inline_featured_image":false,"_price":"","_stock":"","_tribe_ticket_header":"","_tribe_default_ticket_provider":"TEC\\Tickets\\Commerce\\Module","_tribe_ticket_capacity":"0","_ticket_start_date":"","_ticket_end_date":"","_tribe_ticket_show_description":"","_tribe_ticket_show_not_going":false,"_tribe_ticket_use_global_stock":"","_tribe_ticket_global_stock_level":"","_global_stock_mode":"","_global_stock_cap":"","_tribe_rsvp_for_event":"","_tribe_ticket_going_count":"","_tribe_ticket_not_going_count":"","_tribe_tickets_list":"[]","_tribe_ticket_has_attendee_info_fields":false,"footnotes":"","_tec_slr_enabled":"","_tec_slr_layout":""},"class_list":["post-17040","page","type-page","status-publish","has-post-thumbnail","hentry"],"yoast_head":"<!-- This site is optimized with the Yoast SEO plugin v27.4 - https:\/\/yoast.com\/product\/yoast-seo-wordpress\/ -->\n<title>R\u00e8glement d&#039;inscription<\/title>\n<meta name=\"description\" content=\"\u00c9cole Internationale de Danse Soufie \u00e9dition 2026.\" \/>\n<meta name=\"robots\" content=\"noindex, nofollow\" \/>\n<meta property=\"og:locale\" content=\"fr_FR\" \/>\n<meta property=\"og:type\" content=\"article\" \/>\n<meta property=\"og:title\" content=\"R\u00e8glement d&#039;inscription\" \/>\n<meta property=\"og:description\" content=\"\u00c9cole Internationale de Danse Soufie \u00e9dition 2026.\" \/>\n<meta property=\"og:url\" content=\"https:\/\/danse-soufie.com\/fr\/lien-de-paiement-ecole-internationale\/gabrielle-favier\/\" \/>\n<meta property=\"og:site_name\" content=\"Danse Soufie\" \/>\n<meta property=\"article:publisher\" content=\"https:\/\/web.facebook.com\/dansesoufie\" \/>\n<meta property=\"article:modified_time\" content=\"2026-04-17T08:59:24+00:00\" \/>\n<meta property=\"og:image\" content=\"https:\/\/danse-soufie.com\/wp-content\/uploads\/2025\/10\/Abandon-et-souffle-Rana-Gorgani-Derviche-Tourneur.webp\" \/>\n\t<meta property=\"og:image:width\" content=\"1600\" \/>\n\t<meta property=\"og:image:height\" content=\"1111\" \/>\n\t<meta property=\"og:image:type\" content=\"image\/webp\" \/>\n<meta name=\"twitter:card\" content=\"summary_large_image\" \/>\n<script type=\"application\/ld+json\" class=\"yoast-schema-graph\">{\"@context\":\"https:\\\/\\\/schema.org\",\"@graph\":[{\"@type\":\"WebPage\",\"@id\":\"https:\\\/\\\/danse-soufie.com\\\/fr\\\/lien-de-paiement-ecole-internationale\\\/gabrielle-favier\\\/\",\"url\":\"https:\\\/\\\/danse-soufie.com\\\/fr\\\/lien-de-paiement-ecole-internationale\\\/gabrielle-favier\\\/\",\"name\":\"R\u00e8glement d'inscription\",\"isPartOf\":{\"@id\":\"https:\\\/\\\/danse-soufie.com\\\/#website\"},\"primaryImageOfPage\":{\"@id\":\"https:\\\/\\\/danse-soufie.com\\\/fr\\\/lien-de-paiement-ecole-internationale\\\/gabrielle-favier\\\/#primaryimage\"},\"image\":{\"@id\":\"https:\\\/\\\/danse-soufie.com\\\/fr\\\/lien-de-paiement-ecole-internationale\\\/gabrielle-favier\\\/#primaryimage\"},\"thumbnailUrl\":\"https:\\\/\\\/danse-soufie.com\\\/wp-content\\\/uploads\\\/2025\\\/10\\\/Abandon-et-souffle-Rana-Gorgani-Derviche-Tourneur.webp\",\"datePublished\":\"2026-04-17T07:35:29+00:00\",\"dateModified\":\"2026-04-17T08:59:24+00:00\",\"description\":\"\u00c9cole Internationale de Danse Soufie \u00e9dition 2026.\",\"breadcrumb\":{\"@id\":\"https:\\\/\\\/danse-soufie.com\\\/fr\\\/lien-de-paiement-ecole-internationale\\\/gabrielle-favier\\\/#breadcrumb\"},\"inLanguage\":\"fr-FR\",\"potentialAction\":[{\"@type\":\"ReadAction\",\"target\":[\"https:\\\/\\\/danse-soufie.com\\\/fr\\\/lien-de-paiement-ecole-internationale\\\/gabrielle-favier\\\/\"]}]},{\"@type\":\"ImageObject\",\"inLanguage\":\"fr-FR\",\"@id\":\"https:\\\/\\\/danse-soufie.com\\\/fr\\\/lien-de-paiement-ecole-internationale\\\/gabrielle-favier\\\/#primaryimage\",\"url\":\"https:\\\/\\\/danse-soufie.com\\\/wp-content\\\/uploads\\\/2025\\\/10\\\/Abandon-et-souffle-Rana-Gorgani-Derviche-Tourneur.webp\",\"contentUrl\":\"https:\\\/\\\/danse-soufie.com\\\/wp-content\\\/uploads\\\/2025\\\/10\\\/Abandon-et-souffle-Rana-Gorgani-Derviche-Tourneur.webp\",\"width\":1600,\"height\":1111,\"caption\":\"Derviche Tourneur - Rana Gorgani\"},{\"@type\":\"BreadcrumbList\",\"@id\":\"https:\\\/\\\/danse-soufie.com\\\/fr\\\/lien-de-paiement-ecole-internationale\\\/gabrielle-favier\\\/#breadcrumb\",\"itemListElement\":[{\"@type\":\"ListItem\",\"position\":1,\"name\":\"Accueil\",\"item\":\"https:\\\/\\\/danse-soufie.com\\\/\"},{\"@type\":\"ListItem\",\"position\":2,\"name\":\"Lien de paiement &#8211; \u00c9cole Internationale\",\"item\":\"https:\\\/\\\/danse-soufie.com\\\/lien-de-paiement-ecole-internationale\\\/\"},{\"@type\":\"ListItem\",\"position\":3,\"name\":\"Gabrielle Favier\"}]},{\"@type\":\"WebSite\",\"@id\":\"https:\\\/\\\/danse-soufie.com\\\/#website\",\"url\":\"https:\\\/\\\/danse-soufie.com\\\/\",\"name\":\"Danse Soufie\",\"description\":\"\",\"publisher\":{\"@id\":\"https:\\\/\\\/danse-soufie.com\\\/#organization\"},\"potentialAction\":[{\"@type\":\"SearchAction\",\"target\":{\"@type\":\"EntryPoint\",\"urlTemplate\":\"https:\\\/\\\/danse-soufie.com\\\/?s={search_term_string}\"},\"query-input\":{\"@type\":\"PropertyValueSpecification\",\"valueRequired\":true,\"valueName\":\"search_term_string\"}}],\"inLanguage\":\"fr-FR\"},{\"@type\":\"Organization\",\"@id\":\"https:\\\/\\\/danse-soufie.com\\\/#organization\",\"name\":\"Danse Soufie\",\"url\":\"https:\\\/\\\/danse-soufie.com\\\/\",\"logo\":{\"@type\":\"ImageObject\",\"inLanguage\":\"fr-FR\",\"@id\":\"https:\\\/\\\/danse-soufie.com\\\/#\\\/schema\\\/logo\\\/image\\\/\",\"url\":\"https:\\\/\\\/danse-soufie.com\\\/wp-content\\\/uploads\\\/2025\\\/04\\\/danse-soufie-logo.webp\",\"contentUrl\":\"https:\\\/\\\/danse-soufie.com\\\/wp-content\\\/uploads\\\/2025\\\/04\\\/danse-soufie-logo.webp\",\"width\":200,\"height\":106,\"caption\":\"Danse Soufie\"},\"image\":{\"@id\":\"https:\\\/\\\/danse-soufie.com\\\/#\\\/schema\\\/logo\\\/image\\\/\"},\"sameAs\":[\"https:\\\/\\\/web.facebook.com\\\/dansesoufie\",\"https:\\\/\\\/www.instagram.com\\\/sufi_dance_school\\\/\"]}]}<\/script>\n<!-- \/ Yoast SEO plugin. -->","yoast_head_json":{"title":"R\u00e8glement d'inscription","description":"\u00c9cole Internationale de Danse Soufie \u00e9dition 2026.","robots":{"index":"noindex","follow":"nofollow"},"og_locale":"fr_FR","og_type":"article","og_title":"R\u00e8glement d'inscription","og_description":"\u00c9cole Internationale de Danse Soufie \u00e9dition 2026.","og_url":"https:\/\/danse-soufie.com\/fr\/lien-de-paiement-ecole-internationale\/gabrielle-favier\/","og_site_name":"Danse Soufie","article_publisher":"https:\/\/web.facebook.com\/dansesoufie","article_modified_time":"2026-04-17T08:59:24+00:00","og_image":[{"width":1600,"height":1111,"url":"https:\/\/danse-soufie.com\/wp-content\/uploads\/2025\/10\/Abandon-et-souffle-Rana-Gorgani-Derviche-Tourneur.webp","type":"image\/webp"}],"twitter_card":"summary_large_image","schema":{"@context":"https:\/\/schema.org","@graph":[{"@type":"WebPage","@id":"https:\/\/danse-soufie.com\/fr\/lien-de-paiement-ecole-internationale\/gabrielle-favier\/","url":"https:\/\/danse-soufie.com\/fr\/lien-de-paiement-ecole-internationale\/gabrielle-favier\/","name":"R\u00e8glement d'inscription","isPartOf":{"@id":"https:\/\/danse-soufie.com\/#website"},"primaryImageOfPage":{"@id":"https:\/\/danse-soufie.com\/fr\/lien-de-paiement-ecole-internationale\/gabrielle-favier\/#primaryimage"},"image":{"@id":"https:\/\/danse-soufie.com\/fr\/lien-de-paiement-ecole-internationale\/gabrielle-favier\/#primaryimage"},"thumbnailUrl":"https:\/\/danse-soufie.com\/wp-content\/uploads\/2025\/10\/Abandon-et-souffle-Rana-Gorgani-Derviche-Tourneur.webp","datePublished":"2026-04-17T07:35:29+00:00","dateModified":"2026-04-17T08:59:24+00:00","description":"\u00c9cole Internationale de Danse Soufie \u00e9dition 2026.","breadcrumb":{"@id":"https:\/\/danse-soufie.com\/fr\/lien-de-paiement-ecole-internationale\/gabrielle-favier\/#breadcrumb"},"inLanguage":"fr-FR","potentialAction":[{"@type":"ReadAction","target":["https:\/\/danse-soufie.com\/fr\/lien-de-paiement-ecole-internationale\/gabrielle-favier\/"]}]},{"@type":"ImageObject","inLanguage":"fr-FR","@id":"https:\/\/danse-soufie.com\/fr\/lien-de-paiement-ecole-internationale\/gabrielle-favier\/#primaryimage","url":"https:\/\/danse-soufie.com\/wp-content\/uploads\/2025\/10\/Abandon-et-souffle-Rana-Gorgani-Derviche-Tourneur.webp","contentUrl":"https:\/\/danse-soufie.com\/wp-content\/uploads\/2025\/10\/Abandon-et-souffle-Rana-Gorgani-Derviche-Tourneur.webp","width":1600,"height":1111,"caption":"Derviche Tourneur - Rana Gorgani"},{"@type":"BreadcrumbList","@id":"https:\/\/danse-soufie.com\/fr\/lien-de-paiement-ecole-internationale\/gabrielle-favier\/#breadcrumb","itemListElement":[{"@type":"ListItem","position":1,"name":"Accueil","item":"https:\/\/danse-soufie.com\/"},{"@type":"ListItem","position":2,"name":"Lien de paiement &#8211; \u00c9cole Internationale","item":"https:\/\/danse-soufie.com\/lien-de-paiement-ecole-internationale\/"},{"@type":"ListItem","position":3,"name":"Gabrielle Favier"}]},{"@type":"WebSite","@id":"https:\/\/danse-soufie.com\/#website","url":"https:\/\/danse-soufie.com\/","name":"Danse Soufie","description":"","publisher":{"@id":"https:\/\/danse-soufie.com\/#organization"},"potentialAction":[{"@type":"SearchAction","target":{"@type":"EntryPoint","urlTemplate":"https:\/\/danse-soufie.com\/?s={search_term_string}"},"query-input":{"@type":"PropertyValueSpecification","valueRequired":true,"valueName":"search_term_string"}}],"inLanguage":"fr-FR"},{"@type":"Organization","@id":"https:\/\/danse-soufie.com\/#organization","name":"Danse Soufie","url":"https:\/\/danse-soufie.com\/","logo":{"@type":"ImageObject","inLanguage":"fr-FR","@id":"https:\/\/danse-soufie.com\/#\/schema\/logo\/image\/","url":"https:\/\/danse-soufie.com\/wp-content\/uploads\/2025\/04\/danse-soufie-logo.webp","contentUrl":"https:\/\/danse-soufie.com\/wp-content\/uploads\/2025\/04\/danse-soufie-logo.webp","width":200,"height":106,"caption":"Danse Soufie"},"image":{"@id":"https:\/\/danse-soufie.com\/#\/schema\/logo\/image\/"},"sameAs":["https:\/\/web.facebook.com\/dansesoufie","https:\/\/www.instagram.com\/sufi_dance_school\/"]}]}},"campaignId":"6","ticketed":false,"_links":{"self":[{"href":"https:\/\/danse-soufie.com\/fr\/wp-json\/wp\/v2\/pages\/17040","targetHints":{"allow":["GET"]}}],"collection":[{"href":"https:\/\/danse-soufie.com\/fr\/wp-json\/wp\/v2\/pages"}],"about":[{"href":"https:\/\/danse-soufie.com\/fr\/wp-json\/wp\/v2\/types\/page"}],"author":[{"embeddable":true,"href":"https:\/\/danse-soufie.com\/fr\/wp-json\/wp\/v2\/users\/1"}],"replies":[{"embeddable":true,"href":"https:\/\/danse-soufie.com\/fr\/wp-json\/wp\/v2\/comments?post=17040"}],"version-history":[{"count":15,"href":"https:\/\/danse-soufie.com\/fr\/wp-json\/wp\/v2\/pages\/17040\/revisions"}],"predecessor-version":[{"id":17068,"href":"https:\/\/danse-soufie.com\/fr\/wp-json\/wp\/v2\/pages\/17040\/revisions\/17068"}],"up":[{"embeddable":true,"href":"https:\/\/danse-soufie.com\/fr\/wp-json\/wp\/v2\/pages\/16792"}],"wp:featuredmedia":[{"embeddable":true,"href":"https:\/\/danse-soufie.com\/fr\/wp-json\/wp\/v2\/media\/9272"}],"wp:attachment":[{"href":"https:\/\/danse-soufie.com\/fr\/wp-json\/wp\/v2\/media?parent=17040"}],"curies":[{"name":"wp","href":"https:\/\/api.w.org\/{rel}","templated":true}]}}