{"id":1877,"date":"2025-07-16T15:07:15","date_gmt":"2025-07-16T13:07:15","guid":{"rendered":"https:\/\/danse-soufie.com\/tickets-checkout\/"},"modified":"2026-02-11T12:58:02","modified_gmt":"2026-02-11T11:58:02","slug":"tickets-checkout","status":"publish","type":"page","link":"https:\/\/danse-soufie.com\/fr\/tickets-checkout\/","title":{"rendered":"Commande de billets"},"content":{"rendered":"\t\t<div data-elementor-type=\"wp-page\" data-elementor-id=\"1877\" class=\"elementor elementor-1877\" data-elementor-settings=\"{&quot;ha_cmc_init_switcher&quot;:&quot;no&quot;}\" data-elementor-post-type=\"page\">\n\t\t\t\t<div class=\"elementor-element elementor-element-1d75741a e-flex e-con-boxed e-con e-parent\" data-id=\"1d75741a\" data-element_type=\"container\" data-e-type=\"container\" data-settings=\"{&quot;_ha_eqh_enable&quot;:false}\">\n\t\t\t\t\t<div class=\"e-con-inner\">\n\t\t\t\t<div class=\"elementor-element elementor-element-79bce5be exad-sticky-section-no exad-glass-effect-no elementor-invisible elementor-widget elementor-widget-text-editor\" data-id=\"79bce5be\" data-element_type=\"widget\" data-e-type=\"widget\" data-settings=\"{&quot;_animation&quot;:&quot;fadeInUp&quot;,&quot;_animation_delay&quot;:100}\" data-widget_type=\"text-editor.default\">\n\t\t\t\t<div class=\"elementor-widget-container\">\n\t\t\t\t\t\t\t\t\t<p><link rel='stylesheet' id='tec-variables-skeleton-css' href='https:\/\/danse-soufie.com\/wp-content\/plugins\/the-events-calendar\/common\/build\/css\/variables-skeleton.css?ver=6.10.3' media='all' \/>\n<link rel='stylesheet' id='tribe-common-skeleton-style-css' href='https:\/\/danse-soufie.com\/wp-content\/plugins\/the-events-calendar\/common\/build\/css\/common-skeleton.css?ver=6.10.3' media='all' \/>\n<link rel='stylesheet' id='tec-variables-full-css' href='https:\/\/danse-soufie.com\/wp-content\/plugins\/the-events-calendar\/common\/build\/css\/variables-full.css?ver=6.10.3' media='all' \/>\n<link rel='stylesheet' id='tribe-common-full-style-css' href='https:\/\/danse-soufie.com\/wp-content\/plugins\/the-events-calendar\/common\/build\/css\/common-full.css?ver=6.10.3' media='all' \/>\n<link rel='stylesheet' id='tribe-common-responsive-css' href='https:\/\/danse-soufie.com\/wp-content\/plugins\/event-tickets\/build\/css\/common-responsive.css?ver=5.27.6.1' media='all' \/>\n<link rel='stylesheet' id='tribe-tickets-commerce-style-css' href='https:\/\/danse-soufie.com\/wp-content\/plugins\/event-tickets\/build\/css\/tickets-commerce.css?ver=5.27.6.1' media='all' \/>\n<link rel='stylesheet' id='tribe-tickets-commerce-stripe-style-css' href='https:\/\/danse-soufie.com\/wp-content\/plugins\/event-tickets\/build\/css\/tickets-commerce\/gateway\/stripe.css?ver=5.27.6.1' media='all' \/>\n<link rel='stylesheet' id='tribe-tickets-commerce-free-style-css' href='https:\/\/danse-soufie.com\/wp-content\/plugins\/event-tickets\/build\/css\/tickets-commerce\/gateway\/free.css?ver=5.27.6.1' media='all' \/>\n<link rel='stylesheet' id='tribe-tickets-commerce-paypal-style-css' href='https:\/\/danse-soufie.com\/wp-content\/plugins\/event-tickets\/build\/css\/tickets-commerce\/gateway\/paypal.css?ver=5.27.6.1' media='all' \/>\n<div class=\"tribe-common event-tickets\">\n<section\n\t\tclass=\"tribe-tickets__commerce-checkout\"\n\t\t data-js=\"tec-tickets-commerce-notice\" data-notice-default-title=\"Paiement indisponible\u00a0!\" data-notice-default-content=\"Le paiement n\u2019est pas disponible pour le moment car aucun mode de paiement n\u2019a \u00e9t\u00e9 configur\u00e9 pour cet \u00e9v\u00e8nement. Veuillez en informer l\u2019administrateur du site.\" \t><br \/>\n\t\t<input type=\"hidden\" id=\"tec-tc-checkout-nonce\" name=\"tec-tc-checkout-nonce\" value=\"8a9c1e0e37\" \/><input type=\"hidden\" name=\"_wp_http_referer\" value=\"\/fr\/wp-json\/wp\/v2\/pages\/1877\" \/>\t\t<\/p>\n<header class=\"tribe-tickets__commerce-checkout-header\">\n<h3 class=\"tribe-common-h2 tribe-tickets__commerce-checkout-header-title\">\n\tAcheter Billets<\/h3>\n<\/header>\n<div  class=\"tribe-tickets-loader__dots tribe-common-c-loader tribe-common-a11y-hidden\" >\n\t<svg\n\t class=\"tribe-common-c-svgicon tribe-common-c-svgicon--dot tribe-common-c-loader__dot tribe-common-c-loader__dot--first\" \taria-hidden=\"true\"\n\tviewBox=\"0 0 15 15\"\n\txmlns=\"http:\/\/www.w3.org\/2000\/svg\"\n>\n\t<circle cx=\"7.5\" cy=\"7.5\" r=\"7.5\"\/>\n<\/svg><br \/>\n\t<svg\n\t class=\"tribe-common-c-svgicon tribe-common-c-svgicon--dot tribe-common-c-loader__dot tribe-common-c-loader__dot--second\" \taria-hidden=\"true\"\n\tviewBox=\"0 0 15 15\"\n\txmlns=\"http:\/\/www.w3.org\/2000\/svg\"\n>\n\t<circle cx=\"7.5\" cy=\"7.5\" r=\"7.5\"\/>\n<\/svg><br \/>\n\t<svg\n\t class=\"tribe-common-c-svgicon tribe-common-c-svgicon--dot tribe-common-c-loader__dot tribe-common-c-loader__dot--third\" \taria-hidden=\"true\"\n\tviewBox=\"0 0 15 15\"\n\txmlns=\"http:\/\/www.w3.org\/2000\/svg\"\n>\n\t<circle cx=\"7.5\" cy=\"7.5\" r=\"7.5\"\/>\n<\/svg>\n<\/div>\n<div id=\"\"  class=\"tribe-tickets__notice tribe-tickets__notice--error tribe-tickets__commerce-checkout-notice\" >\n<h3 class=\"tribe-common-h7 tribe-tickets-notice__title\">Erreur dans la commande\u00a0!<\/h3>\n<div  class=\"tribe-common-b2 tribe-tickets-notice__content tribe-tickets__commerce-checkout-notice-content\" >\n\t\tUn probl\u00e8me est survenu\u00a0!\t<\/div>\n<\/div>\n<div class=\"tribe-tickets__commerce-checkout-cart-empty\">\n<h3 class=\"tribe-common-h3 tribe-tickets__commerce-checkout-cart-empty-title\">\n\tOh l\u00e0, pas de billets!<\/h3>\n<div class=\"tribe-common-b1 tribe-tickets__commerce-checkout-cart-empty-description\">\n\tVeuillez <a href=\"https:\/\/danse-soufie.com\/fr\/events\/\" class=\"tribe-common-anchor-alt tribe-tickets__commerce-checkout-cart-empty-description-link\">naviguer dans les \u00e9v\u00e8nements<\/a> et ajouter des billets pour commander.<\/div>\n<\/div>\n<footer class=\"tribe-tickets__commerce-checkout-footer\">\n\t<\/footer>\n<\/section>\n<\/div>\n\t\t\t\t\t\t\t\t<\/div>\n\t\t\t\t<\/div>\n\t\t\t\t<div class=\"elementor-element elementor-element-81238c3 elementor-position-inline-start elementor-mobile-position-inline-start elementor-view-default exad-sticky-section-no exad-glass-effect-no elementor-invisible elementor-widget elementor-widget-icon-box\" data-id=\"81238c3\" data-element_type=\"widget\" data-e-type=\"widget\" data-settings=\"{&quot;_animation&quot;:&quot;fadeInUp&quot;,&quot;_animation_delay&quot;:150}\" data-widget_type=\"icon-box.default\">\n\t\t\t\t<div class=\"elementor-widget-container\">\n\t\t\t\t\t\t\t<div class=\"elementor-icon-box-wrapper\">\n\n\t\t\t\t\t\t<div class=\"elementor-icon-box-icon\">\n\t\t\t\t<span  class=\"elementor-icon\">\n\t\t\t\t<svg aria-hidden=\"true\" class=\"e-font-icon-svg e-fas-lock\" viewBox=\"0 0 448 512\" xmlns=\"http:\/\/www.w3.org\/2000\/svg\"><path d=\"M400 224h-24v-72C376 68.2 307.8 0 224 0S72 68.2 72 152v72H48c-26.5 0-48 21.5-48 48v192c0 26.5 21.5 48 48 48h352c26.5 0 48-21.5 48-48V272c0-26.5-21.5-48-48-48zm-104 0H152v-72c0-39.7 32.3-72 72-72s72 32.3 72 72v72z\"><\/path><\/svg>\t\t\t\t<\/span>\n\t\t\t<\/div>\n\t\t\t\n\t\t\t\t\t\t<div class=\"elementor-icon-box-content\">\n\n\t\t\t\t\n\t\t\t\t\t\t\t\t\t<p class=\"elementor-icon-box-description\">\n\t\t\t\t\t\tPaiement s\u00e9curis\u00e9\t\t\t\t\t<\/p>\n\t\t\t\t\n\t\t\t<\/div>\n\t\t\t\n\t\t<\/div>\n\t\t\t\t\t\t<\/div>\n\t\t\t\t<\/div>\n\t\t\t\t\t<\/div>\n\t\t\t\t<\/div>\n\t\t\t\t<\/div>\n\t\t","protected":false},"excerpt":{"rendered":"<p>Paiement s\u00e9curis\u00e9<\/p>\n","protected":false},"author":1,"featured_media":0,"parent":0,"menu_order":0,"comment_status":"closed","ping_status":"closed","template":"","meta":{"give_campaign_id":0,"inline_featured_image":false,"_price":"","_stock":"","_tribe_ticket_header":"","_tribe_default_ticket_provider":"","_tribe_ticket_capacity":"0","_ticket_start_date":"","_ticket_end_date":"","_tribe_ticket_show_description":"","_tribe_ticket_show_not_going":false,"_tribe_ticket_use_global_stock":"","_tribe_ticket_global_stock_level":"","_global_stock_mode":"","_global_stock_cap":"","_tribe_rsvp_for_event":"","_tribe_ticket_going_count":"","_tribe_ticket_not_going_count":"","_tribe_tickets_list":"[]","_tribe_ticket_has_attendee_info_fields":false,"footnotes":"","_tec_slr_enabled":"","_tec_slr_layout":""},"class_list":["post-1877","page","type-page","status-publish","hentry"],"yoast_head":"<!-- This site is optimized with the Yoast SEO plugin v27.4 - https:\/\/yoast.com\/product\/yoast-seo-wordpress\/ -->\n<title>Commande de billets - Danse Soufie<\/title>\n<meta name=\"robots\" content=\"index, follow, max-snippet:-1, max-image-preview:large, max-video-preview:-1\" \/>\n<link rel=\"canonical\" href=\"https:\/\/danse-soufie.com\/fr\/tickets-checkout\/\" \/>\n<meta property=\"og:locale\" content=\"fr_FR\" \/>\n<meta property=\"og:type\" content=\"article\" \/>\n<meta property=\"og:title\" content=\"Commande de billets - Danse Soufie\" \/>\n<meta property=\"og:description\" content=\"Paiement s\u00e9curis\u00e9\" \/>\n<meta property=\"og:url\" content=\"https:\/\/danse-soufie.com\/fr\/tickets-checkout\/\" \/>\n<meta property=\"og:site_name\" content=\"Danse Soufie\" \/>\n<meta property=\"article:publisher\" content=\"https:\/\/web.facebook.com\/dansesoufie\" \/>\n<meta property=\"article:modified_time\" content=\"2026-02-11T11:58:02+00:00\" \/>\n<meta name=\"twitter:card\" content=\"summary_large_image\" \/>\n<meta name=\"twitter:label1\" content=\"Dur\u00e9e de lecture estim\u00e9e\" \/>\n\t<meta name=\"twitter:data1\" content=\"1 minute\" \/>\n<script type=\"application\/ld+json\" class=\"yoast-schema-graph\">{\"@context\":\"https:\\\/\\\/schema.org\",\"@graph\":[{\"@type\":\"WebPage\",\"@id\":\"https:\\\/\\\/danse-soufie.com\\\/tickets-checkout\\\/\",\"url\":\"https:\\\/\\\/danse-soufie.com\\\/tickets-checkout\\\/\",\"name\":\"Commande de billets - Danse Soufie\",\"isPartOf\":{\"@id\":\"https:\\\/\\\/danse-soufie.com\\\/#website\"},\"datePublished\":\"2025-07-16T13:07:15+00:00\",\"dateModified\":\"2026-02-11T11:58:02+00:00\",\"breadcrumb\":{\"@id\":\"https:\\\/\\\/danse-soufie.com\\\/tickets-checkout\\\/#breadcrumb\"},\"inLanguage\":\"fr-FR\",\"potentialAction\":[{\"@type\":\"ReadAction\",\"target\":[\"https:\\\/\\\/danse-soufie.com\\\/tickets-checkout\\\/\"]}]},{\"@type\":\"BreadcrumbList\",\"@id\":\"https:\\\/\\\/danse-soufie.com\\\/tickets-checkout\\\/#breadcrumb\",\"itemListElement\":[{\"@type\":\"ListItem\",\"position\":1,\"name\":\"Accueil\",\"item\":\"https:\\\/\\\/danse-soufie.com\\\/\"},{\"@type\":\"ListItem\",\"position\":2,\"name\":\"Commande de billets\"}]},{\"@type\":\"WebSite\",\"@id\":\"https:\\\/\\\/danse-soufie.com\\\/#website\",\"url\":\"https:\\\/\\\/danse-soufie.com\\\/\",\"name\":\"Danse Soufie\",\"description\":\"\",\"publisher\":{\"@id\":\"https:\\\/\\\/danse-soufie.com\\\/#organization\"},\"potentialAction\":[{\"@type\":\"SearchAction\",\"target\":{\"@type\":\"EntryPoint\",\"urlTemplate\":\"https:\\\/\\\/danse-soufie.com\\\/?s={search_term_string}\"},\"query-input\":{\"@type\":\"PropertyValueSpecification\",\"valueRequired\":true,\"valueName\":\"search_term_string\"}}],\"inLanguage\":\"fr-FR\"},{\"@type\":\"Organization\",\"@id\":\"https:\\\/\\\/danse-soufie.com\\\/#organization\",\"name\":\"Danse Soufie\",\"url\":\"https:\\\/\\\/danse-soufie.com\\\/\",\"logo\":{\"@type\":\"ImageObject\",\"inLanguage\":\"fr-FR\",\"@id\":\"https:\\\/\\\/danse-soufie.com\\\/#\\\/schema\\\/logo\\\/image\\\/\",\"url\":\"https:\\\/\\\/danse-soufie.com\\\/wp-content\\\/uploads\\\/2025\\\/04\\\/danse-soufie-logo.webp\",\"contentUrl\":\"https:\\\/\\\/danse-soufie.com\\\/wp-content\\\/uploads\\\/2025\\\/04\\\/danse-soufie-logo.webp\",\"width\":200,\"height\":106,\"caption\":\"Danse Soufie\"},\"image\":{\"@id\":\"https:\\\/\\\/danse-soufie.com\\\/#\\\/schema\\\/logo\\\/image\\\/\"},\"sameAs\":[\"https:\\\/\\\/web.facebook.com\\\/dansesoufie\",\"https:\\\/\\\/www.instagram.com\\\/sufi_dance_school\\\/\"]}]}<\/script>\n<!-- \/ Yoast SEO plugin. -->","yoast_head_json":{"title":"Commande de billets - Danse Soufie","robots":{"index":"index","follow":"follow","max-snippet":"max-snippet:-1","max-image-preview":"max-image-preview:large","max-video-preview":"max-video-preview:-1"},"canonical":"https:\/\/danse-soufie.com\/fr\/tickets-checkout\/","og_locale":"fr_FR","og_type":"article","og_title":"Commande de billets - Danse Soufie","og_description":"Paiement s\u00e9curis\u00e9","og_url":"https:\/\/danse-soufie.com\/fr\/tickets-checkout\/","og_site_name":"Danse Soufie","article_publisher":"https:\/\/web.facebook.com\/dansesoufie","article_modified_time":"2026-02-11T11:58:02+00:00","twitter_card":"summary_large_image","twitter_misc":{"Dur\u00e9e de lecture estim\u00e9e":"1 minute"},"schema":{"@context":"https:\/\/schema.org","@graph":[{"@type":"WebPage","@id":"https:\/\/danse-soufie.com\/tickets-checkout\/","url":"https:\/\/danse-soufie.com\/tickets-checkout\/","name":"Commande de billets - Danse Soufie","isPartOf":{"@id":"https:\/\/danse-soufie.com\/#website"},"datePublished":"2025-07-16T13:07:15+00:00","dateModified":"2026-02-11T11:58:02+00:00","breadcrumb":{"@id":"https:\/\/danse-soufie.com\/tickets-checkout\/#breadcrumb"},"inLanguage":"fr-FR","potentialAction":[{"@type":"ReadAction","target":["https:\/\/danse-soufie.com\/tickets-checkout\/"]}]},{"@type":"BreadcrumbList","@id":"https:\/\/danse-soufie.com\/tickets-checkout\/#breadcrumb","itemListElement":[{"@type":"ListItem","position":1,"name":"Accueil","item":"https:\/\/danse-soufie.com\/"},{"@type":"ListItem","position":2,"name":"Commande de billets"}]},{"@type":"WebSite","@id":"https:\/\/danse-soufie.com\/#website","url":"https:\/\/danse-soufie.com\/","name":"Danse Soufie","description":"","publisher":{"@id":"https:\/\/danse-soufie.com\/#organization"},"potentialAction":[{"@type":"SearchAction","target":{"@type":"EntryPoint","urlTemplate":"https:\/\/danse-soufie.com\/?s={search_term_string}"},"query-input":{"@type":"PropertyValueSpecification","valueRequired":true,"valueName":"search_term_string"}}],"inLanguage":"fr-FR"},{"@type":"Organization","@id":"https:\/\/danse-soufie.com\/#organization","name":"Danse Soufie","url":"https:\/\/danse-soufie.com\/","logo":{"@type":"ImageObject","inLanguage":"fr-FR","@id":"https:\/\/danse-soufie.com\/#\/schema\/logo\/image\/","url":"https:\/\/danse-soufie.com\/wp-content\/uploads\/2025\/04\/danse-soufie-logo.webp","contentUrl":"https:\/\/danse-soufie.com\/wp-content\/uploads\/2025\/04\/danse-soufie-logo.webp","width":200,"height":106,"caption":"Danse Soufie"},"image":{"@id":"https:\/\/danse-soufie.com\/#\/schema\/logo\/image\/"},"sameAs":["https:\/\/web.facebook.com\/dansesoufie","https:\/\/www.instagram.com\/sufi_dance_school\/"]}]}},"campaignId":"","ticketed":false,"_links":{"self":[{"href":"https:\/\/danse-soufie.com\/fr\/wp-json\/wp\/v2\/pages\/1877","targetHints":{"allow":["GET"]}}],"collection":[{"href":"https:\/\/danse-soufie.com\/fr\/wp-json\/wp\/v2\/pages"}],"about":[{"href":"https:\/\/danse-soufie.com\/fr\/wp-json\/wp\/v2\/types\/page"}],"author":[{"embeddable":true,"href":"https:\/\/danse-soufie.com\/fr\/wp-json\/wp\/v2\/users\/1"}],"replies":[{"embeddable":true,"href":"https:\/\/danse-soufie.com\/fr\/wp-json\/wp\/v2\/comments?post=1877"}],"version-history":[{"count":42,"href":"https:\/\/danse-soufie.com\/fr\/wp-json\/wp\/v2\/pages\/1877\/revisions"}],"predecessor-version":[{"id":13994,"href":"https:\/\/danse-soufie.com\/fr\/wp-json\/wp\/v2\/pages\/1877\/revisions\/13994"}],"wp:attachment":[{"href":"https:\/\/danse-soufie.com\/fr\/wp-json\/wp\/v2\/media?parent=1877"}],"curies":[{"name":"wp","href":"https:\/\/api.w.org\/{rel}","templated":true}]}}