{"id":9990,"date":"2025-11-06T06:53:50","date_gmt":"2025-11-06T05:53:50","guid":{"rendered":"https:\/\/danse-soufie.com\/?page_id=9990"},"modified":"2025-11-08T09:50:43","modified_gmt":"2025-11-08T08:50:43","slug":"produit-coffret-de-noel-edition-limitee","status":"publish","type":"page","link":"https:\/\/danse-soufie.com\/fr\/produit-coffret-de-noel-edition-limitee\/","title":{"rendered":"Coffret de No\u00ebl \u2013 \u00c9dition Limit\u00e9e"},"content":{"rendered":"\t\t<div data-elementor-type=\"wp-page\" data-elementor-id=\"9990\" class=\"elementor elementor-9990\" data-elementor-post-type=\"page\">\n\t\t\t\t<div class=\"elementor-element elementor-element-3b3e565 e-flex e-con-boxed e-con e-parent\" data-id=\"3b3e565\" data-element_type=\"container\" data-e-type=\"container\" data-settings=\"{&quot;background_background&quot;:&quot;classic&quot;,&quot;_ha_eqh_enable&quot;:false}\">\n\t\t\t\t\t<div class=\"e-con-inner\">\n\t\t<div class=\"elementor-element elementor-element-68e9ba8 e-con-full e-flex e-con e-child\" data-id=\"68e9ba8\" data-element_type=\"container\" data-e-type=\"container\" data-settings=\"{&quot;_ha_eqh_enable&quot;:false}\">\n\t\t\t\t<div class=\"elementor-element elementor-element-95c32fd exad-sticky-section-no exad-glass-effect-no elementor-widget elementor-widget-heading\" data-id=\"95c32fd\" data-element_type=\"widget\" data-e-type=\"widget\" data-widget_type=\"heading.default\">\n\t\t\t\t<div class=\"elementor-widget-container\">\n\t\t\t\t\t<h2 class=\"elementor-heading-title elementor-size-default\">Coffret de No\u00ebl \u2013 Oracle Derviche\n<\/h2>\t\t\t\t<\/div>\n\t\t\t\t<\/div>\n\t\t\t\t<div class=\"elementor-element elementor-element-94e0907 exad-sticky-section-no exad-glass-effect-no elementor-widget elementor-widget-text-editor\" data-id=\"94e0907\" data-element_type=\"widget\" data-e-type=\"widget\" data-widget_type=\"text-editor.default\">\n\t\t\t\t<div class=\"elementor-widget-container\">\n\t\t\t\t\t\t\t\t\t<p>Oracle Derviche &amp; Eau de Rose \u2014 <strong><span style=\"color: #e8b130;\">\u00c9dition Limit\u00e9e.<\/span><\/strong><\/p>\t\t\t\t\t\t\t\t<\/div>\n\t\t\t\t<\/div>\n\t\t\t\t<\/div>\n\t\t<div class=\"elementor-element elementor-element-55d6951 e-con-full e-flex e-con e-child\" data-id=\"55d6951\" data-element_type=\"container\" data-e-type=\"container\" data-settings=\"{&quot;background_background&quot;:&quot;gradient&quot;,&quot;_ha_eqh_enable&quot;:false}\">\n\t\t<div class=\"elementor-element elementor-element-98044b0 e-con-full e-flex e-con e-child\" data-id=\"98044b0\" data-element_type=\"container\" data-e-type=\"container\" data-settings=\"{&quot;background_background&quot;:&quot;gradient&quot;,&quot;_ha_eqh_enable&quot;:false}\">\n\t\t<div class=\"elementor-element elementor-element-36a810a e-con-full e-flex e-con e-child\" data-id=\"36a810a\" data-element_type=\"container\" data-e-type=\"container\" data-settings=\"{&quot;background_background&quot;:&quot;classic&quot;,&quot;_ha_eqh_enable&quot;:false}\">\n\t\t\t\t<div class=\"elementor-element elementor-element-7546538 elementor-widget__width-initial elementor-absolute exad-sticky-section-no exad-glass-effect-no ha-has-bg-overlay elementor-widget elementor-widget-heading\" data-id=\"7546538\" data-element_type=\"widget\" data-e-type=\"widget\" data-settings=\"{&quot;_position&quot;:&quot;absolute&quot;}\" data-widget_type=\"heading.default\">\n\t\t\t\t<div class=\"elementor-widget-container\">\n\t\t\t\t\t<p class=\"elementor-heading-title elementor-size-default\">\u00c9DITION LIMIT\u00c9E<\/p>\t\t\t\t<\/div>\n\t\t\t\t<\/div>\n\t\t\t\t<\/div>\n\t\t\t\t<\/div>\n\t\t<div class=\"elementor-element elementor-element-99fea63 e-con-full e-flex e-con e-child\" data-id=\"99fea63\" data-element_type=\"container\" data-e-type=\"container\" data-settings=\"{&quot;background_background&quot;:&quot;classic&quot;,&quot;_ha_eqh_enable&quot;:false}\">\n\t\t\t\t<div class=\"elementor-element elementor-element-acd19c3 elementor-widget__width-initial exad-sticky-section-no exad-glass-effect-no ha-has-bg-overlay elementor-widget elementor-widget-heading\" data-id=\"acd19c3\" data-element_type=\"widget\" data-e-type=\"widget\" data-widget_type=\"heading.default\">\n\t\t\t\t<div class=\"elementor-widget-container\">\n\t\t\t\t\t<h2 class=\"elementor-heading-title elementor-size-default\">\ud83c\udf81 Coffret de No\u00ebl<\/h2>\t\t\t\t<\/div>\n\t\t\t\t<\/div>\n\t\t\t\t<div class=\"elementor-element elementor-element-e1c881f exad-sticky-section-no exad-glass-effect-no elementor-widget elementor-widget-heading\" data-id=\"e1c881f\" data-element_type=\"widget\" data-e-type=\"widget\" data-widget_type=\"heading.default\">\n\t\t\t\t<div class=\"elementor-widget-container\">\n\t\t\t\t\t<h2 class=\"elementor-heading-title elementor-size-default\">Oracle Derviche &amp; Eau de Rose<\/h2>\t\t\t\t<\/div>\n\t\t\t\t<\/div>\n\t\t\t\t<div class=\"elementor-element elementor-element-fe6c2d4 exad-sticky-section-no exad-glass-effect-no elementor-widget elementor-widget-text-editor\" data-id=\"fe6c2d4\" data-element_type=\"widget\" data-e-type=\"widget\" data-widget_type=\"text-editor.default\">\n\t\t\t\t<div class=\"elementor-widget-container\">\n\t\t\t\t\t\t\t\t\t<p>Offrez ou offrez-vous un pr\u00e9sent empreint de myst\u00e8re et de douceur :<br \/>le Coffret \u201c<strong>Oracle Derviche&amp; Eau de Rose<\/strong>\u201d, une rencontre entre la sagesse des cartes et la d\u00e9licatesse du parfum.<\/p><p>Chaque coffret unit le souffle mystique de l\u2019Oracle Dervish \u00e0 la puret\u00e9 d\u2019une eau de rose artisanale, distill\u00e9e selon la tradition persane.<br \/>Un \u00e9crin raffin\u00e9, n\u00e9 pour c\u00e9l\u00e9brer la beaut\u00e9, la paix et la lumi\u00e8re de l\u2019hiver.<\/p>\t\t\t\t\t\t\t\t<\/div>\n\t\t\t\t<\/div>\n\t\t\t\t<div class=\"elementor-element elementor-element-cba353e exad-sticky-section-no exad-glass-effect-no elementor-widget elementor-widget-heading\" data-id=\"cba353e\" data-element_type=\"widget\" data-e-type=\"widget\" data-widget_type=\"heading.default\">\n\t\t\t\t<div class=\"elementor-widget-container\">\n\t\t\t\t\t<h2 class=\"elementor-heading-title elementor-size-default\">\u2728 \u00c9dition limit\u00e9e \u2014 55 \u20ac<\/h2>\t\t\t\t<\/div>\n\t\t\t\t<\/div>\n\t\t\t\t<div class=\"elementor-element elementor-element-4edec76 exad-sticky-section-no exad-glass-effect-no elementor-widget elementor-widget-button\" data-id=\"4edec76\" data-element_type=\"widget\" data-e-type=\"widget\" data-widget_type=\"button.default\">\n\t\t\t\t<div class=\"elementor-widget-container\">\n\t\t\t\t\t\t\t\t\t<div class=\"elementor-button-wrapper\">\n\t\t\t\t\t<a class=\"elementor-button elementor-button-link elementor-size-sm\" href=\"https:\/\/danse-soufie.com\/fr?add-to-cart=10094&#038;quantity=1&#038;e-redirect=https:\/\/danse-soufie.com\/fr\/panier\/\">\n\t\t\t\t\t\t<span class=\"elementor-button-content-wrapper\">\n\t\t\t\t\t\t\t\t\t<span class=\"elementor-button-text\">Commander maintenant<\/span>\n\t\t\t\t\t<\/span>\n\t\t\t\t\t<\/a>\n\t\t\t\t<\/div>\n\t\t\t\t\t\t\t\t<\/div>\n\t\t\t\t<\/div>\n\t\t<div class=\"elementor-element elementor-element-93bccea e-con-full e-flex e-con e-child\" data-id=\"93bccea\" data-element_type=\"container\" data-e-type=\"container\" data-settings=\"{&quot;_ha_eqh_enable&quot;:false}\">\n\t\t\t\t<div class=\"elementor-element elementor-element-44cd9ed elementor-widget__width-initial exad-sticky-section-no exad-glass-effect-no ha-has-bg-overlay elementor-widget elementor-widget-exad-exclusive-dual-heading\" data-id=\"44cd9ed\" data-element_type=\"widget\" data-e-type=\"widget\" data-widget_type=\"exad-exclusive-dual-heading.default\">\n\t\t\t\t<div class=\"elementor-widget-container\">\n\t\t\t\t\t\r\n        <div class=\"exad-dual-heading\">\r\n            <div class=\"exad-dual-heading-wrapper\">\r\n            \r\n                <h2 class=\"exad-dual-heading-title\">\r\n                                    <span class=\"first-heading\">Oracle Derviche<\/span>\r\n                    <span class=\"second-heading\"><\/span>\r\n                                    <\/h2>\r\n\r\n                                    <p class=\"exad-dual-heading-description\">44 cartes orn\u00e9.<\/br>\nChaque carte est une porte symbolique.<\/br>\nOuvrant un espace d\u2019intuition, de r\u00e9flexion et de transformation.<\/p>\r\n                  \r\n\r\n            <\/div>\r\n        <\/div>\r\n        \t\t\t\t<\/div>\n\t\t\t\t<\/div>\n\t\t\t\t<div class=\"elementor-element elementor-element-884c6e5 elementor-widget__width-initial exad-sticky-section-no exad-glass-effect-no ha-has-bg-overlay elementor-widget elementor-widget-exad-exclusive-dual-heading\" data-id=\"884c6e5\" data-element_type=\"widget\" data-e-type=\"widget\" data-widget_type=\"exad-exclusive-dual-heading.default\">\n\t\t\t\t<div class=\"elementor-widget-container\">\n\t\t\t\t\t\r\n        <div class=\"exad-dual-heading\">\r\n            <div class=\"exad-dual-heading-wrapper\">\r\n            \r\n                <h2 class=\"exad-dual-heading-title\">\r\n                                    <span class=\"first-heading\">Eau de Rose<\/span>\r\n                    <span class=\"second-heading\"><\/span>\r\n                                    <\/h2>\r\n\r\n                                    <p class=\"exad-dual-heading-description\">30 ml d'une essence d\u00e9licate <\/br> refermant des secrets ancestraux.<\/br> \nFleur : Rose de Damas (Rosa damascena)<\/br>\n100% naturelle<\/p>\r\n                  \r\n\r\n            <\/div>\r\n        <\/div>\r\n        \t\t\t\t<\/div>\n\t\t\t\t<\/div>\n\t\t\t\t<\/div>\n\t\t\t\t<\/div>\n\t\t\t\t<\/div>\n\t\t\t\t\t<\/div>\n\t\t\t\t<\/div>\n\t\t\t\t<\/div>\n\t\t","protected":false},"excerpt":{"rendered":"<p>Coffret de No\u00ebl \u2013 Oracle Derviche Oracle Derviche &amp; Eau de Rose \u2014 \u00c9dition Limit\u00e9e. \u00c9DITION LIMIT\u00c9E \ud83c\udf81 Coffret de No\u00ebl Oracle Derviche &amp; Eau de Rose Offrez ou offrez-vous [&hellip;]<\/p>\n","protected":false},"author":1,"featured_media":10062,"parent":0,"menu_order":0,"comment_status":"closed","ping_status":"closed","template":"elementor_header_footer","meta":{"give_campaign_id":0,"inline_featured_image":false,"_price":"","_stock":"","_tribe_ticket_header":"","_tribe_default_ticket_provider":"TEC\\Tickets\\Commerce\\Module","_tribe_ticket_capacity":"0","_ticket_start_date":"","_ticket_end_date":"","_tribe_ticket_show_description":"","_tribe_ticket_show_not_going":false,"_tribe_ticket_use_global_stock":"","_tribe_ticket_global_stock_level":"","_global_stock_mode":"","_global_stock_cap":"","_tribe_rsvp_for_event":"","_tribe_ticket_going_count":"","_tribe_ticket_not_going_count":"","_tribe_tickets_list":"[]","_tribe_ticket_has_attendee_info_fields":false,"footnotes":"","_tec_slr_enabled":"","_tec_slr_layout":""},"class_list":["post-9990","page","type-page","status-publish","has-post-thumbnail","hentry"],"yoast_head":"<!-- This site is optimized with the Yoast SEO plugin v27.3 - https:\/\/yoast.com\/product\/yoast-seo-wordpress\/ -->\n<title>Coffret de No\u00ebl \u2013 \u00c9dition Limit\u00e9e - Danse Soufie<\/title>\n<meta name=\"description\" content=\"Chaque coffret unit le souffle mystique de l\u2019Oracle Dervish \u00e0 la puret\u00e9 d\u2019une eau de rose artisanale, distill\u00e9e selon la tradition persane.\" \/>\n<meta name=\"robots\" content=\"index, follow, max-snippet:-1, max-image-preview:large, max-video-preview:-1\" \/>\n<link rel=\"canonical\" href=\"https:\/\/danse-soufie.com\/fr\/produit-coffret-de-noel-edition-limitee\/\" \/>\n<meta property=\"og:locale\" content=\"fr_FR\" \/>\n<meta property=\"og:type\" content=\"article\" \/>\n<meta property=\"og:title\" content=\"Coffret de No\u00ebl \u2013 \u00c9dition Limit\u00e9e - Danse Soufie\" \/>\n<meta property=\"og:description\" content=\"Chaque coffret unit le souffle mystique de l\u2019Oracle Dervish \u00e0 la puret\u00e9 d\u2019une eau de rose artisanale, distill\u00e9e selon la tradition persane.\" \/>\n<meta property=\"og:url\" content=\"https:\/\/danse-soufie.com\/fr\/produit-coffret-de-noel-edition-limitee\/\" \/>\n<meta property=\"og:site_name\" content=\"Danse Soufie\" \/>\n<meta property=\"article:publisher\" content=\"https:\/\/web.facebook.com\/dansesoufie\" \/>\n<meta property=\"article:modified_time\" content=\"2025-11-08T08:50:43+00:00\" \/>\n<meta property=\"og:image\" content=\"https:\/\/danse-soufie.com\/wp-content\/uploads\/2025\/11\/eau-de-rose-oracle-dervish_coffret-noel-edition-limitee-scaled.webp\" \/>\n\t<meta property=\"og:image:width\" content=\"1920\" \/>\n\t<meta property=\"og:image:height\" content=\"2560\" \/>\n\t<meta property=\"og:image:type\" content=\"image\/webp\" \/>\n<meta name=\"twitter:card\" content=\"summary_large_image\" \/>\n<meta name=\"twitter:label1\" content=\"Dur\u00e9e de lecture estim\u00e9e\" \/>\n\t<meta name=\"twitter:data1\" content=\"1 minute\" \/>\n<script type=\"application\/ld+json\" class=\"yoast-schema-graph\">{\"@context\":\"https:\\\/\\\/schema.org\",\"@graph\":[{\"@type\":\"WebPage\",\"@id\":\"https:\\\/\\\/danse-soufie.com\\\/produit-coffret-de-noel-edition-limitee\\\/\",\"url\":\"https:\\\/\\\/danse-soufie.com\\\/produit-coffret-de-noel-edition-limitee\\\/\",\"name\":\"Coffret de No\u00ebl \u2013 \u00c9dition Limit\u00e9e - Danse Soufie\",\"isPartOf\":{\"@id\":\"https:\\\/\\\/danse-soufie.com\\\/#website\"},\"primaryImageOfPage\":{\"@id\":\"https:\\\/\\\/danse-soufie.com\\\/produit-coffret-de-noel-edition-limitee\\\/#primaryimage\"},\"image\":{\"@id\":\"https:\\\/\\\/danse-soufie.com\\\/produit-coffret-de-noel-edition-limitee\\\/#primaryimage\"},\"thumbnailUrl\":\"https:\\\/\\\/danse-soufie.com\\\/wp-content\\\/uploads\\\/2025\\\/11\\\/eau-de-rose-oracle-dervish_coffret-noel-edition-limitee-scaled.webp\",\"datePublished\":\"2025-11-06T05:53:50+00:00\",\"dateModified\":\"2025-11-08T08:50:43+00:00\",\"description\":\"Chaque coffret unit le souffle mystique de l\u2019Oracle Dervish \u00e0 la puret\u00e9 d\u2019une eau de rose artisanale, distill\u00e9e selon la tradition persane.\",\"breadcrumb\":{\"@id\":\"https:\\\/\\\/danse-soufie.com\\\/produit-coffret-de-noel-edition-limitee\\\/#breadcrumb\"},\"inLanguage\":\"fr-FR\",\"potentialAction\":[{\"@type\":\"ReadAction\",\"target\":[\"https:\\\/\\\/danse-soufie.com\\\/produit-coffret-de-noel-edition-limitee\\\/\"]}]},{\"@type\":\"ImageObject\",\"inLanguage\":\"fr-FR\",\"@id\":\"https:\\\/\\\/danse-soufie.com\\\/produit-coffret-de-noel-edition-limitee\\\/#primaryimage\",\"url\":\"https:\\\/\\\/danse-soufie.com\\\/wp-content\\\/uploads\\\/2025\\\/11\\\/eau-de-rose-oracle-dervish_coffret-noel-edition-limitee-scaled.webp\",\"contentUrl\":\"https:\\\/\\\/danse-soufie.com\\\/wp-content\\\/uploads\\\/2025\\\/11\\\/eau-de-rose-oracle-dervish_coffret-noel-edition-limitee-scaled.webp\",\"width\":1920,\"height\":2560},{\"@type\":\"BreadcrumbList\",\"@id\":\"https:\\\/\\\/danse-soufie.com\\\/produit-coffret-de-noel-edition-limitee\\\/#breadcrumb\",\"itemListElement\":[{\"@type\":\"ListItem\",\"position\":1,\"name\":\"Accueil\",\"item\":\"https:\\\/\\\/danse-soufie.com\\\/\"},{\"@type\":\"ListItem\",\"position\":2,\"name\":\"Coffret de No\u00ebl \u2013 \u00c9dition Limit\u00e9e\"}]},{\"@type\":\"WebSite\",\"@id\":\"https:\\\/\\\/danse-soufie.com\\\/#website\",\"url\":\"https:\\\/\\\/danse-soufie.com\\\/\",\"name\":\"Danse Soufie\",\"description\":\"\",\"publisher\":{\"@id\":\"https:\\\/\\\/danse-soufie.com\\\/#organization\"},\"potentialAction\":[{\"@type\":\"SearchAction\",\"target\":{\"@type\":\"EntryPoint\",\"urlTemplate\":\"https:\\\/\\\/danse-soufie.com\\\/?s={search_term_string}\"},\"query-input\":{\"@type\":\"PropertyValueSpecification\",\"valueRequired\":true,\"valueName\":\"search_term_string\"}}],\"inLanguage\":\"fr-FR\"},{\"@type\":\"Organization\",\"@id\":\"https:\\\/\\\/danse-soufie.com\\\/#organization\",\"name\":\"Danse Soufie\",\"url\":\"https:\\\/\\\/danse-soufie.com\\\/\",\"logo\":{\"@type\":\"ImageObject\",\"inLanguage\":\"fr-FR\",\"@id\":\"https:\\\/\\\/danse-soufie.com\\\/#\\\/schema\\\/logo\\\/image\\\/\",\"url\":\"https:\\\/\\\/danse-soufie.com\\\/wp-content\\\/uploads\\\/2025\\\/04\\\/danse-soufie-logo.webp\",\"contentUrl\":\"https:\\\/\\\/danse-soufie.com\\\/wp-content\\\/uploads\\\/2025\\\/04\\\/danse-soufie-logo.webp\",\"width\":200,\"height\":106,\"caption\":\"Danse Soufie\"},\"image\":{\"@id\":\"https:\\\/\\\/danse-soufie.com\\\/#\\\/schema\\\/logo\\\/image\\\/\"},\"sameAs\":[\"https:\\\/\\\/web.facebook.com\\\/dansesoufie\",\"https:\\\/\\\/www.instagram.com\\\/sufi_dance_school\\\/\"]}]}<\/script>\n<!-- \/ Yoast SEO plugin. -->","yoast_head_json":{"title":"Coffret de No\u00ebl \u2013 \u00c9dition Limit\u00e9e - Danse Soufie","description":"Chaque coffret unit le souffle mystique de l\u2019Oracle Dervish \u00e0 la puret\u00e9 d\u2019une eau de rose artisanale, distill\u00e9e selon la tradition persane.","robots":{"index":"index","follow":"follow","max-snippet":"max-snippet:-1","max-image-preview":"max-image-preview:large","max-video-preview":"max-video-preview:-1"},"canonical":"https:\/\/danse-soufie.com\/fr\/produit-coffret-de-noel-edition-limitee\/","og_locale":"fr_FR","og_type":"article","og_title":"Coffret de No\u00ebl \u2013 \u00c9dition Limit\u00e9e - Danse Soufie","og_description":"Chaque coffret unit le souffle mystique de l\u2019Oracle Dervish \u00e0 la puret\u00e9 d\u2019une eau de rose artisanale, distill\u00e9e selon la tradition persane.","og_url":"https:\/\/danse-soufie.com\/fr\/produit-coffret-de-noel-edition-limitee\/","og_site_name":"Danse Soufie","article_publisher":"https:\/\/web.facebook.com\/dansesoufie","article_modified_time":"2025-11-08T08:50:43+00:00","og_image":[{"width":1920,"height":2560,"url":"https:\/\/danse-soufie.com\/wp-content\/uploads\/2025\/11\/eau-de-rose-oracle-dervish_coffret-noel-edition-limitee-scaled.webp","type":"image\/webp"}],"twitter_card":"summary_large_image","twitter_misc":{"Dur\u00e9e de lecture estim\u00e9e":"1 minute"},"schema":{"@context":"https:\/\/schema.org","@graph":[{"@type":"WebPage","@id":"https:\/\/danse-soufie.com\/produit-coffret-de-noel-edition-limitee\/","url":"https:\/\/danse-soufie.com\/produit-coffret-de-noel-edition-limitee\/","name":"Coffret de No\u00ebl \u2013 \u00c9dition Limit\u00e9e - Danse Soufie","isPartOf":{"@id":"https:\/\/danse-soufie.com\/#website"},"primaryImageOfPage":{"@id":"https:\/\/danse-soufie.com\/produit-coffret-de-noel-edition-limitee\/#primaryimage"},"image":{"@id":"https:\/\/danse-soufie.com\/produit-coffret-de-noel-edition-limitee\/#primaryimage"},"thumbnailUrl":"https:\/\/danse-soufie.com\/wp-content\/uploads\/2025\/11\/eau-de-rose-oracle-dervish_coffret-noel-edition-limitee-scaled.webp","datePublished":"2025-11-06T05:53:50+00:00","dateModified":"2025-11-08T08:50:43+00:00","description":"Chaque coffret unit le souffle mystique de l\u2019Oracle Dervish \u00e0 la puret\u00e9 d\u2019une eau de rose artisanale, distill\u00e9e selon la tradition persane.","breadcrumb":{"@id":"https:\/\/danse-soufie.com\/produit-coffret-de-noel-edition-limitee\/#breadcrumb"},"inLanguage":"fr-FR","potentialAction":[{"@type":"ReadAction","target":["https:\/\/danse-soufie.com\/produit-coffret-de-noel-edition-limitee\/"]}]},{"@type":"ImageObject","inLanguage":"fr-FR","@id":"https:\/\/danse-soufie.com\/produit-coffret-de-noel-edition-limitee\/#primaryimage","url":"https:\/\/danse-soufie.com\/wp-content\/uploads\/2025\/11\/eau-de-rose-oracle-dervish_coffret-noel-edition-limitee-scaled.webp","contentUrl":"https:\/\/danse-soufie.com\/wp-content\/uploads\/2025\/11\/eau-de-rose-oracle-dervish_coffret-noel-edition-limitee-scaled.webp","width":1920,"height":2560},{"@type":"BreadcrumbList","@id":"https:\/\/danse-soufie.com\/produit-coffret-de-noel-edition-limitee\/#breadcrumb","itemListElement":[{"@type":"ListItem","position":1,"name":"Accueil","item":"https:\/\/danse-soufie.com\/"},{"@type":"ListItem","position":2,"name":"Coffret de No\u00ebl \u2013 \u00c9dition Limit\u00e9e"}]},{"@type":"WebSite","@id":"https:\/\/danse-soufie.com\/#website","url":"https:\/\/danse-soufie.com\/","name":"Danse Soufie","description":"","publisher":{"@id":"https:\/\/danse-soufie.com\/#organization"},"potentialAction":[{"@type":"SearchAction","target":{"@type":"EntryPoint","urlTemplate":"https:\/\/danse-soufie.com\/?s={search_term_string}"},"query-input":{"@type":"PropertyValueSpecification","valueRequired":true,"valueName":"search_term_string"}}],"inLanguage":"fr-FR"},{"@type":"Organization","@id":"https:\/\/danse-soufie.com\/#organization","name":"Danse Soufie","url":"https:\/\/danse-soufie.com\/","logo":{"@type":"ImageObject","inLanguage":"fr-FR","@id":"https:\/\/danse-soufie.com\/#\/schema\/logo\/image\/","url":"https:\/\/danse-soufie.com\/wp-content\/uploads\/2025\/04\/danse-soufie-logo.webp","contentUrl":"https:\/\/danse-soufie.com\/wp-content\/uploads\/2025\/04\/danse-soufie-logo.webp","width":200,"height":106,"caption":"Danse Soufie"},"image":{"@id":"https:\/\/danse-soufie.com\/#\/schema\/logo\/image\/"},"sameAs":["https:\/\/web.facebook.com\/dansesoufie","https:\/\/www.instagram.com\/sufi_dance_school\/"]}]}},"campaignId":"","ticketed":false,"_links":{"self":[{"href":"https:\/\/danse-soufie.com\/fr\/wp-json\/wp\/v2\/pages\/9990","targetHints":{"allow":["GET"]}}],"collection":[{"href":"https:\/\/danse-soufie.com\/fr\/wp-json\/wp\/v2\/pages"}],"about":[{"href":"https:\/\/danse-soufie.com\/fr\/wp-json\/wp\/v2\/types\/page"}],"author":[{"embeddable":true,"href":"https:\/\/danse-soufie.com\/fr\/wp-json\/wp\/v2\/users\/1"}],"replies":[{"embeddable":true,"href":"https:\/\/danse-soufie.com\/fr\/wp-json\/wp\/v2\/comments?post=9990"}],"version-history":[{"count":66,"href":"https:\/\/danse-soufie.com\/fr\/wp-json\/wp\/v2\/pages\/9990\/revisions"}],"predecessor-version":[{"id":10232,"href":"https:\/\/danse-soufie.com\/fr\/wp-json\/wp\/v2\/pages\/9990\/revisions\/10232"}],"wp:featuredmedia":[{"embeddable":true,"href":"https:\/\/danse-soufie.com\/fr\/wp-json\/wp\/v2\/media\/10062"}],"wp:attachment":[{"href":"https:\/\/danse-soufie.com\/fr\/wp-json\/wp\/v2\/media?parent=9990"}],"curies":[{"name":"wp","href":"https:\/\/api.w.org\/{rel}","templated":true}]}}