{"id":11890,"date":"2025-12-12T16:24:34","date_gmt":"2025-12-12T15:24:34","guid":{"rendered":"https:\/\/danse-soufie.com\/?post_type=product&#038;p=11890"},"modified":"2025-12-13T08:35:45","modified_gmt":"2025-12-13T07:35:45","slug":"jupe-soufie","status":"publish","type":"product","link":"https:\/\/danse-soufie.com\/fr\/produit\/jupe-soufie\/","title":{"rendered":"Jupe soufie"},"content":{"rendered":"<p style=\"text-align: jus;\">Nos jupes soufies sont r\u00e9alis\u00e9es \u00e0 la main, sur mesure, pour honorer la tradition et l\u2019\u00e9lan du corps. Chaque pi\u00e8ce est pens\u00e9e comme un \u00e9crin de mouvement : la coupe, le tomb\u00e9 et la l\u00e9g\u00e8ret\u00e9 du tissu accompagnent la rotation, r\u00e9v\u00e9lant la gr\u00e2ce de la danse. Confectionn\u00e9es avec soin et pr\u00e9cision, elles portent l\u2019empreinte d\u2019un savoir-faire unique, alliant respect de l\u2019h\u00e9ritage soufi et exigence contemporaine. Plus qu\u2019un v\u00eatement, chaque jupe devient un instrument de libert\u00e9, une invitation \u00e0 tourner et \u00e0 c\u00e9l\u00e9brer l\u2019union du corps et de l\u2019esprit.<\/p>\n<h5>Note :<\/h5>\n<p><span style=\"color: #ffcc00;\">Une fois votre commande effectu\u00e9e, nous reviendrons vers vous afin de recueillir vos mesures et cr\u00e9er une pi\u00e8ce parfaitement adapt\u00e9e.<\/span><\/p>\n","protected":false},"excerpt":{"rendered":"<p>COLLECTION GALAXY<\/p>\n<p>Depuis de nombreuses ann\u00e9es Rana Gorgani cr\u00e9e ses propres tenues soufies.<br \/>\nAujourd\u2019hui, elle rend ses cr\u00e9ations accessibles \u00e0 tous et met son savoir-faire au service des danseurs qui souhaitent sublimer leur danse.<\/p>\n","protected":false},"featured_media":11897,"template":"","meta":{"give_campaign_id":0,"inline_featured_image":false,"_price":"410","_stock":"","_tribe_ticket_header":"","_tribe_default_ticket_provider":"","_tribe_ticket_capacity":"","_ticket_start_date":"","_ticket_end_date":"","_tribe_ticket_show_description":"","_tribe_ticket_show_not_going":false,"_tribe_ticket_use_global_stock":"","_tribe_ticket_global_stock_level":"","_global_stock_mode":"","_global_stock_cap":"","_tribe_rsvp_for_event":"","_tribe_ticket_going_count":"","_tribe_ticket_not_going_count":"","_tribe_tickets_list":"[]","_tribe_ticket_has_attendee_info_fields":false,"_tec_slr_enabled":"","_tec_slr_layout":""},"product_brand":[],"product_cat":[37],"product_tag":[],"class_list":{"0":"post-11890","1":"product","2":"type-product","3":"status-publish","4":"has-post-thumbnail","6":"product_cat-accessoires","7":"product_shipping_class-article","9":"first","10":"instock","11":"taxable","12":"shipping-taxable","13":"purchasable","14":"product-type-variable"},"yoast_head":"<!-- This site is optimized with the Yoast SEO plugin v27.3 - https:\/\/yoast.com\/product\/yoast-seo-wordpress\/ -->\n<title>Jupe soufie - Danse Soufie<\/title>\n<meta name=\"robots\" content=\"index, follow, max-snippet:-1, max-image-preview:large, max-video-preview:-1\" \/>\n<link rel=\"canonical\" href=\"https:\/\/danse-soufie.com\/fr\/produit\/jupe-soufie\/\" \/>\n<meta property=\"og:locale\" content=\"fr_FR\" \/>\n<meta property=\"og:type\" content=\"article\" \/>\n<meta property=\"og:title\" content=\"Jupe soufie - Danse Soufie\" \/>\n<meta property=\"og:description\" content=\"COLLECTION GALAXY  Depuis de nombreuses ann\u00e9es Rana Gorgani cr\u00e9e ses propres tenues soufies. Aujourd\u2019hui, elle rend ses cr\u00e9ations accessibles \u00e0 tous et met son savoir-faire au service des danseurs qui souhaitent sublimer leur danse.\" \/>\n<meta property=\"og:url\" content=\"https:\/\/danse-soufie.com\/fr\/produit\/jupe-soufie\/\" \/>\n<meta property=\"og:site_name\" content=\"Danse Soufie\" \/>\n<meta property=\"article:publisher\" content=\"https:\/\/web.facebook.com\/dansesoufie\" \/>\n<meta property=\"article:modified_time\" content=\"2025-12-13T07:35:45+00:00\" \/>\n<meta property=\"og:image\" content=\"https:\/\/danse-soufie.com\/wp-content\/uploads\/2025\/12\/Jupe-Soleil.webp\" \/>\n\t<meta property=\"og:image:width\" content=\"1080\" \/>\n\t<meta property=\"og:image:height\" content=\"1080\" \/>\n\t<meta property=\"og:image:type\" content=\"image\/webp\" \/>\n<meta name=\"twitter:card\" content=\"summary_large_image\" \/>\n<meta name=\"twitter:label1\" content=\"Dur\u00e9e de lecture estim\u00e9e\" \/>\n\t<meta name=\"twitter:data1\" content=\"1 minute\" \/>\n<script type=\"application\/ld+json\" class=\"yoast-schema-graph\">{\"@context\":\"https:\\\/\\\/schema.org\",\"@graph\":[{\"@type\":\"WebPage\",\"@id\":\"https:\\\/\\\/danse-soufie.com\\\/produit\\\/jupe-soufie\\\/\",\"url\":\"https:\\\/\\\/danse-soufie.com\\\/produit\\\/jupe-soufie\\\/\",\"name\":\"Jupe soufie - Danse Soufie\",\"isPartOf\":{\"@id\":\"https:\\\/\\\/danse-soufie.com\\\/#website\"},\"primaryImageOfPage\":{\"@id\":\"https:\\\/\\\/danse-soufie.com\\\/produit\\\/jupe-soufie\\\/#primaryimage\"},\"image\":{\"@id\":\"https:\\\/\\\/danse-soufie.com\\\/produit\\\/jupe-soufie\\\/#primaryimage\"},\"thumbnailUrl\":\"https:\\\/\\\/danse-soufie.com\\\/wp-content\\\/uploads\\\/2025\\\/12\\\/Jupe-Soleil.webp\",\"datePublished\":\"2025-12-12T15:24:34+00:00\",\"dateModified\":\"2025-12-13T07:35:45+00:00\",\"breadcrumb\":{\"@id\":\"https:\\\/\\\/danse-soufie.com\\\/produit\\\/jupe-soufie\\\/#breadcrumb\"},\"inLanguage\":\"fr-FR\",\"potentialAction\":[{\"@type\":\"ReadAction\",\"target\":[\"https:\\\/\\\/danse-soufie.com\\\/produit\\\/jupe-soufie\\\/\"]}]},{\"@type\":\"ImageObject\",\"inLanguage\":\"fr-FR\",\"@id\":\"https:\\\/\\\/danse-soufie.com\\\/produit\\\/jupe-soufie\\\/#primaryimage\",\"url\":\"https:\\\/\\\/danse-soufie.com\\\/wp-content\\\/uploads\\\/2025\\\/12\\\/Jupe-Soleil.webp\",\"contentUrl\":\"https:\\\/\\\/danse-soufie.com\\\/wp-content\\\/uploads\\\/2025\\\/12\\\/Jupe-Soleil.webp\",\"width\":1080,\"height\":1080},{\"@type\":\"BreadcrumbList\",\"@id\":\"https:\\\/\\\/danse-soufie.com\\\/produit\\\/jupe-soufie\\\/#breadcrumb\",\"itemListElement\":[{\"@type\":\"ListItem\",\"position\":1,\"name\":\"Accueil\",\"item\":\"https:\\\/\\\/danse-soufie.com\\\/\"},{\"@type\":\"ListItem\",\"position\":2,\"name\":\"Produits\",\"item\":\"https:\\\/\\\/danse-soufie.com\\\/shop\\\/\"},{\"@type\":\"ListItem\",\"position\":3,\"name\":\"Jupe soufie\"}]},{\"@type\":\"WebSite\",\"@id\":\"https:\\\/\\\/danse-soufie.com\\\/#website\",\"url\":\"https:\\\/\\\/danse-soufie.com\\\/\",\"name\":\"Danse Soufie\",\"description\":\"\",\"publisher\":{\"@id\":\"https:\\\/\\\/danse-soufie.com\\\/#organization\"},\"potentialAction\":[{\"@type\":\"SearchAction\",\"target\":{\"@type\":\"EntryPoint\",\"urlTemplate\":\"https:\\\/\\\/danse-soufie.com\\\/?s={search_term_string}\"},\"query-input\":{\"@type\":\"PropertyValueSpecification\",\"valueRequired\":true,\"valueName\":\"search_term_string\"}}],\"inLanguage\":\"fr-FR\"},{\"@type\":\"Organization\",\"@id\":\"https:\\\/\\\/danse-soufie.com\\\/#organization\",\"name\":\"Danse Soufie\",\"url\":\"https:\\\/\\\/danse-soufie.com\\\/\",\"logo\":{\"@type\":\"ImageObject\",\"inLanguage\":\"fr-FR\",\"@id\":\"https:\\\/\\\/danse-soufie.com\\\/#\\\/schema\\\/logo\\\/image\\\/\",\"url\":\"https:\\\/\\\/danse-soufie.com\\\/wp-content\\\/uploads\\\/2025\\\/04\\\/danse-soufie-logo.webp\",\"contentUrl\":\"https:\\\/\\\/danse-soufie.com\\\/wp-content\\\/uploads\\\/2025\\\/04\\\/danse-soufie-logo.webp\",\"width\":200,\"height\":106,\"caption\":\"Danse Soufie\"},\"image\":{\"@id\":\"https:\\\/\\\/danse-soufie.com\\\/#\\\/schema\\\/logo\\\/image\\\/\"},\"sameAs\":[\"https:\\\/\\\/web.facebook.com\\\/dansesoufie\",\"https:\\\/\\\/www.instagram.com\\\/sufi_dance_school\\\/\"]}]}<\/script>\n<!-- \/ Yoast SEO plugin. -->","yoast_head_json":{"title":"Jupe soufie - Danse Soufie","robots":{"index":"index","follow":"follow","max-snippet":"max-snippet:-1","max-image-preview":"max-image-preview:large","max-video-preview":"max-video-preview:-1"},"canonical":"https:\/\/danse-soufie.com\/fr\/produit\/jupe-soufie\/","og_locale":"fr_FR","og_type":"article","og_title":"Jupe soufie - Danse Soufie","og_description":"COLLECTION GALAXY  Depuis de nombreuses ann\u00e9es Rana Gorgani cr\u00e9e ses propres tenues soufies. Aujourd\u2019hui, elle rend ses cr\u00e9ations accessibles \u00e0 tous et met son savoir-faire au service des danseurs qui souhaitent sublimer leur danse.","og_url":"https:\/\/danse-soufie.com\/fr\/produit\/jupe-soufie\/","og_site_name":"Danse Soufie","article_publisher":"https:\/\/web.facebook.com\/dansesoufie","article_modified_time":"2025-12-13T07:35:45+00:00","og_image":[{"width":1080,"height":1080,"url":"https:\/\/danse-soufie.com\/wp-content\/uploads\/2025\/12\/Jupe-Soleil.webp","type":"image\/webp"}],"twitter_card":"summary_large_image","twitter_misc":{"Dur\u00e9e de lecture estim\u00e9e":"1 minute"},"schema":{"@context":"https:\/\/schema.org","@graph":[{"@type":"WebPage","@id":"https:\/\/danse-soufie.com\/produit\/jupe-soufie\/","url":"https:\/\/danse-soufie.com\/produit\/jupe-soufie\/","name":"Jupe soufie - Danse Soufie","isPartOf":{"@id":"https:\/\/danse-soufie.com\/#website"},"primaryImageOfPage":{"@id":"https:\/\/danse-soufie.com\/produit\/jupe-soufie\/#primaryimage"},"image":{"@id":"https:\/\/danse-soufie.com\/produit\/jupe-soufie\/#primaryimage"},"thumbnailUrl":"https:\/\/danse-soufie.com\/wp-content\/uploads\/2025\/12\/Jupe-Soleil.webp","datePublished":"2025-12-12T15:24:34+00:00","dateModified":"2025-12-13T07:35:45+00:00","breadcrumb":{"@id":"https:\/\/danse-soufie.com\/produit\/jupe-soufie\/#breadcrumb"},"inLanguage":"fr-FR","potentialAction":[{"@type":"ReadAction","target":["https:\/\/danse-soufie.com\/produit\/jupe-soufie\/"]}]},{"@type":"ImageObject","inLanguage":"fr-FR","@id":"https:\/\/danse-soufie.com\/produit\/jupe-soufie\/#primaryimage","url":"https:\/\/danse-soufie.com\/wp-content\/uploads\/2025\/12\/Jupe-Soleil.webp","contentUrl":"https:\/\/danse-soufie.com\/wp-content\/uploads\/2025\/12\/Jupe-Soleil.webp","width":1080,"height":1080},{"@type":"BreadcrumbList","@id":"https:\/\/danse-soufie.com\/produit\/jupe-soufie\/#breadcrumb","itemListElement":[{"@type":"ListItem","position":1,"name":"Accueil","item":"https:\/\/danse-soufie.com\/"},{"@type":"ListItem","position":2,"name":"Produits","item":"https:\/\/danse-soufie.com\/shop\/"},{"@type":"ListItem","position":3,"name":"Jupe soufie"}]},{"@type":"WebSite","@id":"https:\/\/danse-soufie.com\/#website","url":"https:\/\/danse-soufie.com\/","name":"Danse Soufie","description":"","publisher":{"@id":"https:\/\/danse-soufie.com\/#organization"},"potentialAction":[{"@type":"SearchAction","target":{"@type":"EntryPoint","urlTemplate":"https:\/\/danse-soufie.com\/?s={search_term_string}"},"query-input":{"@type":"PropertyValueSpecification","valueRequired":true,"valueName":"search_term_string"}}],"inLanguage":"fr-FR"},{"@type":"Organization","@id":"https:\/\/danse-soufie.com\/#organization","name":"Danse Soufie","url":"https:\/\/danse-soufie.com\/","logo":{"@type":"ImageObject","inLanguage":"fr-FR","@id":"https:\/\/danse-soufie.com\/#\/schema\/logo\/image\/","url":"https:\/\/danse-soufie.com\/wp-content\/uploads\/2025\/04\/danse-soufie-logo.webp","contentUrl":"https:\/\/danse-soufie.com\/wp-content\/uploads\/2025\/04\/danse-soufie-logo.webp","width":200,"height":106,"caption":"Danse Soufie"},"image":{"@id":"https:\/\/danse-soufie.com\/#\/schema\/logo\/image\/"},"sameAs":["https:\/\/web.facebook.com\/dansesoufie","https:\/\/www.instagram.com\/sufi_dance_school\/"]}]}},"_links":{"self":[{"href":"https:\/\/danse-soufie.com\/fr\/wp-json\/wp\/v2\/product\/11890","targetHints":{"allow":["GET"]}}],"collection":[{"href":"https:\/\/danse-soufie.com\/fr\/wp-json\/wp\/v2\/product"}],"about":[{"href":"https:\/\/danse-soufie.com\/fr\/wp-json\/wp\/v2\/types\/product"}],"version-history":[{"count":8,"href":"https:\/\/danse-soufie.com\/fr\/wp-json\/wp\/v2\/product\/11890\/revisions"}],"predecessor-version":[{"id":12020,"href":"https:\/\/danse-soufie.com\/fr\/wp-json\/wp\/v2\/product\/11890\/revisions\/12020"}],"wp:featuredmedia":[{"embeddable":true,"href":"https:\/\/danse-soufie.com\/fr\/wp-json\/wp\/v2\/media\/11897"}],"wp:attachment":[{"href":"https:\/\/danse-soufie.com\/fr\/wp-json\/wp\/v2\/media?parent=11890"}],"wp:term":[{"taxonomy":"product_brand","embeddable":true,"href":"https:\/\/danse-soufie.com\/fr\/wp-json\/wp\/v2\/product_brand?post=11890"},{"taxonomy":"product_cat","embeddable":true,"href":"https:\/\/danse-soufie.com\/fr\/wp-json\/wp\/v2\/product_cat?post=11890"},{"taxonomy":"product_tag","embeddable":true,"href":"https:\/\/danse-soufie.com\/fr\/wp-json\/wp\/v2\/product_tag?post=11890"}],"curies":[{"name":"wp","href":"https:\/\/api.w.org\/{rel}","templated":true}]}}