{"id":13567,"date":"2026-01-30T21:51:06","date_gmt":"2026-01-30T20:51:06","guid":{"rendered":"https:\/\/danse-soufie.com\/?post_type=product&#038;p=13567"},"modified":"2026-01-30T21:54:09","modified_gmt":"2026-01-30T20:54:09","slug":"masterclass-en-ligne-sama-lart-de-tourner-en-presence","status":"publish","type":"product","link":"https:\/\/danse-soufie.com\/fr\/produit\/masterclass-en-ligne-sama-lart-de-tourner-en-presence\/","title":{"rendered":"Masterclass en ligne : SAM\u00c2 : L\u2019ART DE TOURNER EN PR\u00c9SENCE"},"content":{"rendered":"<p>L\u2019ART DE TOURNER EN PR\u00c9SENCE<br \/>\nTransmission sur 12 mois \u2013 En Fran\u00e7ais ou en Anglais.<br \/>\nCette masterclass en ligne s\u2019inscrit dans une d\u00e9marche de cr\u00e9ation et de transmission \u00e0 long terme.<br \/>\nEn y prenant part, vous soutenez la cr\u00e9ation d\u2019un cycle de transmission en danse soufie, pens\u00e9 comme un chemin progressif, incarn\u00e9 et respectueux du corps, du temps et de l\u2019int\u00e9riorit\u00e9.<\/p>\n","protected":false},"excerpt":{"rendered":"<p>Entrer dans cette master class, c\u2019est choisir de\u00a0<strong>s\u2019inscrire dans un cycle<\/strong>, de laisser le corps comprendre avant de vouloir ma\u00eetriser, et de soutenir une transmission vivante de la danse soufie, pens\u00e9e pour durer.<\/p>\n","protected":false},"featured_media":13273,"template":"","meta":{"give_campaign_id":0,"inline_featured_image":false,"_price":"720","_stock":"","_tribe_ticket_header":"","_tribe_default_ticket_provider":"","_tribe_ticket_capacity":"0","_ticket_start_date":"","_ticket_end_date":"","_tribe_ticket_show_description":"","_tribe_ticket_show_not_going":false,"_tribe_ticket_use_global_stock":"","_tribe_ticket_global_stock_level":"","_global_stock_mode":"","_global_stock_cap":"","_tribe_rsvp_for_event":"","_tribe_ticket_going_count":"","_tribe_ticket_not_going_count":"","_tribe_tickets_list":"[]","_tribe_ticket_has_attendee_info_fields":false,"_tec_slr_enabled":"","_tec_slr_layout":""},"product_brand":[],"product_cat":[124],"product_tag":[],"class_list":{"0":"post-13567","1":"product","2":"type-product","3":"status-publish","4":"has-post-thumbnail","6":"product_cat-masterclass","8":"first","9":"instock","10":"virtual","11":"taxable","12":"purchasable","13":"product-type-simple"},"yoast_head":"<!-- This site is optimized with the Yoast SEO plugin v27.3 - https:\/\/yoast.com\/product\/yoast-seo-wordpress\/ -->\n<title>Masterclass en ligne : SAM\u00c2 : L\u2019ART DE TOURNER EN PR\u00c9SENCE - Danse Soufie<\/title>\n<meta name=\"robots\" content=\"index, follow, max-snippet:-1, max-image-preview:large, max-video-preview:-1\" \/>\n<link rel=\"canonical\" href=\"https:\/\/danse-soufie.com\/fr\/produit\/masterclass-en-ligne-sama-lart-de-tourner-en-presence\/\" \/>\n<meta property=\"og:locale\" content=\"fr_FR\" \/>\n<meta property=\"og:type\" content=\"article\" \/>\n<meta property=\"og:title\" content=\"Masterclass en ligne : SAM\u00c2 : L\u2019ART DE TOURNER EN PR\u00c9SENCE - Danse Soufie\" \/>\n<meta property=\"og:description\" content=\"Entrer dans cette master class, c\u2019est choisir de\u00a0s\u2019inscrire dans un cycle, de laisser le corps comprendre avant de vouloir ma\u00eetriser, et de soutenir une transmission vivante de la danse soufie, pens\u00e9e pour durer.\" \/>\n<meta property=\"og:url\" content=\"https:\/\/danse-soufie.com\/fr\/produit\/masterclass-en-ligne-sama-lart-de-tourner-en-presence\/\" \/>\n<meta property=\"og:site_name\" content=\"Danse Soufie\" \/>\n<meta property=\"article:publisher\" content=\"https:\/\/web.facebook.com\/dansesoufie\" \/>\n<meta property=\"article:modified_time\" content=\"2026-01-30T20:54:09+00:00\" \/>\n<meta property=\"og:image\" content=\"https:\/\/danse-soufie.com\/wp-content\/uploads\/2026\/01\/Philarmonie-96-nb-scaled.jpg\" \/>\n\t<meta property=\"og:image:width\" content=\"2560\" \/>\n\t<meta property=\"og:image:height\" content=\"1707\" \/>\n\t<meta property=\"og:image:type\" content=\"image\/jpeg\" \/>\n<meta name=\"twitter:card\" content=\"summary_large_image\" \/>\n<meta name=\"twitter:label1\" content=\"Dur\u00e9e de lecture estim\u00e9e\" \/>\n\t<meta name=\"twitter:data1\" content=\"1 minute\" \/>\n<script type=\"application\/ld+json\" class=\"yoast-schema-graph\">{\"@context\":\"https:\\\/\\\/schema.org\",\"@graph\":[{\"@type\":\"WebPage\",\"@id\":\"https:\\\/\\\/danse-soufie.com\\\/produit\\\/masterclass-en-ligne-sama-lart-de-tourner-en-presence\\\/\",\"url\":\"https:\\\/\\\/danse-soufie.com\\\/produit\\\/masterclass-en-ligne-sama-lart-de-tourner-en-presence\\\/\",\"name\":\"Masterclass en ligne : SAM\u00c2 : L\u2019ART DE TOURNER EN PR\u00c9SENCE - Danse Soufie\",\"isPartOf\":{\"@id\":\"https:\\\/\\\/danse-soufie.com\\\/#website\"},\"primaryImageOfPage\":{\"@id\":\"https:\\\/\\\/danse-soufie.com\\\/produit\\\/masterclass-en-ligne-sama-lart-de-tourner-en-presence\\\/#primaryimage\"},\"image\":{\"@id\":\"https:\\\/\\\/danse-soufie.com\\\/produit\\\/masterclass-en-ligne-sama-lart-de-tourner-en-presence\\\/#primaryimage\"},\"thumbnailUrl\":\"https:\\\/\\\/danse-soufie.com\\\/wp-content\\\/uploads\\\/2026\\\/01\\\/Philarmonie-96-nb-scaled.jpg\",\"datePublished\":\"2026-01-30T20:51:06+00:00\",\"dateModified\":\"2026-01-30T20:54:09+00:00\",\"breadcrumb\":{\"@id\":\"https:\\\/\\\/danse-soufie.com\\\/produit\\\/masterclass-en-ligne-sama-lart-de-tourner-en-presence\\\/#breadcrumb\"},\"inLanguage\":\"fr-FR\",\"potentialAction\":[{\"@type\":\"ReadAction\",\"target\":[\"https:\\\/\\\/danse-soufie.com\\\/produit\\\/masterclass-en-ligne-sama-lart-de-tourner-en-presence\\\/\"]}]},{\"@type\":\"ImageObject\",\"inLanguage\":\"fr-FR\",\"@id\":\"https:\\\/\\\/danse-soufie.com\\\/produit\\\/masterclass-en-ligne-sama-lart-de-tourner-en-presence\\\/#primaryimage\",\"url\":\"https:\\\/\\\/danse-soufie.com\\\/wp-content\\\/uploads\\\/2026\\\/01\\\/Philarmonie-96-nb-scaled.jpg\",\"contentUrl\":\"https:\\\/\\\/danse-soufie.com\\\/wp-content\\\/uploads\\\/2026\\\/01\\\/Philarmonie-96-nb-scaled.jpg\",\"width\":2560,\"height\":1707},{\"@type\":\"BreadcrumbList\",\"@id\":\"https:\\\/\\\/danse-soufie.com\\\/produit\\\/masterclass-en-ligne-sama-lart-de-tourner-en-presence\\\/#breadcrumb\",\"itemListElement\":[{\"@type\":\"ListItem\",\"position\":1,\"name\":\"Accueil\",\"item\":\"https:\\\/\\\/danse-soufie.com\\\/\"},{\"@type\":\"ListItem\",\"position\":2,\"name\":\"Produits\",\"item\":\"https:\\\/\\\/danse-soufie.com\\\/shop\\\/\"},{\"@type\":\"ListItem\",\"position\":3,\"name\":\"Masterclass en ligne : SAM\u00c2 : L\u2019ART DE TOURNER EN PR\u00c9SENCE\"}]},{\"@type\":\"WebSite\",\"@id\":\"https:\\\/\\\/danse-soufie.com\\\/#website\",\"url\":\"https:\\\/\\\/danse-soufie.com\\\/\",\"name\":\"Danse Soufie\",\"description\":\"\",\"publisher\":{\"@id\":\"https:\\\/\\\/danse-soufie.com\\\/#organization\"},\"potentialAction\":[{\"@type\":\"SearchAction\",\"target\":{\"@type\":\"EntryPoint\",\"urlTemplate\":\"https:\\\/\\\/danse-soufie.com\\\/?s={search_term_string}\"},\"query-input\":{\"@type\":\"PropertyValueSpecification\",\"valueRequired\":true,\"valueName\":\"search_term_string\"}}],\"inLanguage\":\"fr-FR\"},{\"@type\":\"Organization\",\"@id\":\"https:\\\/\\\/danse-soufie.com\\\/#organization\",\"name\":\"Danse Soufie\",\"url\":\"https:\\\/\\\/danse-soufie.com\\\/\",\"logo\":{\"@type\":\"ImageObject\",\"inLanguage\":\"fr-FR\",\"@id\":\"https:\\\/\\\/danse-soufie.com\\\/#\\\/schema\\\/logo\\\/image\\\/\",\"url\":\"https:\\\/\\\/danse-soufie.com\\\/wp-content\\\/uploads\\\/2025\\\/04\\\/danse-soufie-logo.webp\",\"contentUrl\":\"https:\\\/\\\/danse-soufie.com\\\/wp-content\\\/uploads\\\/2025\\\/04\\\/danse-soufie-logo.webp\",\"width\":200,\"height\":106,\"caption\":\"Danse Soufie\"},\"image\":{\"@id\":\"https:\\\/\\\/danse-soufie.com\\\/#\\\/schema\\\/logo\\\/image\\\/\"},\"sameAs\":[\"https:\\\/\\\/web.facebook.com\\\/dansesoufie\",\"https:\\\/\\\/www.instagram.com\\\/sufi_dance_school\\\/\"]}]}<\/script>\n<!-- \/ Yoast SEO plugin. -->","yoast_head_json":{"title":"Masterclass en ligne : SAM\u00c2 : L\u2019ART DE TOURNER EN PR\u00c9SENCE - Danse Soufie","robots":{"index":"index","follow":"follow","max-snippet":"max-snippet:-1","max-image-preview":"max-image-preview:large","max-video-preview":"max-video-preview:-1"},"canonical":"https:\/\/danse-soufie.com\/fr\/produit\/masterclass-en-ligne-sama-lart-de-tourner-en-presence\/","og_locale":"fr_FR","og_type":"article","og_title":"Masterclass en ligne : SAM\u00c2 : L\u2019ART DE TOURNER EN PR\u00c9SENCE - Danse Soufie","og_description":"Entrer dans cette master class, c\u2019est choisir de\u00a0s\u2019inscrire dans un cycle, de laisser le corps comprendre avant de vouloir ma\u00eetriser, et de soutenir une transmission vivante de la danse soufie, pens\u00e9e pour durer.","og_url":"https:\/\/danse-soufie.com\/fr\/produit\/masterclass-en-ligne-sama-lart-de-tourner-en-presence\/","og_site_name":"Danse Soufie","article_publisher":"https:\/\/web.facebook.com\/dansesoufie","article_modified_time":"2026-01-30T20:54:09+00:00","og_image":[{"width":2560,"height":1707,"url":"https:\/\/danse-soufie.com\/wp-content\/uploads\/2026\/01\/Philarmonie-96-nb-scaled.jpg","type":"image\/jpeg"}],"twitter_card":"summary_large_image","twitter_misc":{"Dur\u00e9e de lecture estim\u00e9e":"1 minute"},"schema":{"@context":"https:\/\/schema.org","@graph":[{"@type":"WebPage","@id":"https:\/\/danse-soufie.com\/produit\/masterclass-en-ligne-sama-lart-de-tourner-en-presence\/","url":"https:\/\/danse-soufie.com\/produit\/masterclass-en-ligne-sama-lart-de-tourner-en-presence\/","name":"Masterclass en ligne : SAM\u00c2 : L\u2019ART DE TOURNER EN PR\u00c9SENCE - Danse Soufie","isPartOf":{"@id":"https:\/\/danse-soufie.com\/#website"},"primaryImageOfPage":{"@id":"https:\/\/danse-soufie.com\/produit\/masterclass-en-ligne-sama-lart-de-tourner-en-presence\/#primaryimage"},"image":{"@id":"https:\/\/danse-soufie.com\/produit\/masterclass-en-ligne-sama-lart-de-tourner-en-presence\/#primaryimage"},"thumbnailUrl":"https:\/\/danse-soufie.com\/wp-content\/uploads\/2026\/01\/Philarmonie-96-nb-scaled.jpg","datePublished":"2026-01-30T20:51:06+00:00","dateModified":"2026-01-30T20:54:09+00:00","breadcrumb":{"@id":"https:\/\/danse-soufie.com\/produit\/masterclass-en-ligne-sama-lart-de-tourner-en-presence\/#breadcrumb"},"inLanguage":"fr-FR","potentialAction":[{"@type":"ReadAction","target":["https:\/\/danse-soufie.com\/produit\/masterclass-en-ligne-sama-lart-de-tourner-en-presence\/"]}]},{"@type":"ImageObject","inLanguage":"fr-FR","@id":"https:\/\/danse-soufie.com\/produit\/masterclass-en-ligne-sama-lart-de-tourner-en-presence\/#primaryimage","url":"https:\/\/danse-soufie.com\/wp-content\/uploads\/2026\/01\/Philarmonie-96-nb-scaled.jpg","contentUrl":"https:\/\/danse-soufie.com\/wp-content\/uploads\/2026\/01\/Philarmonie-96-nb-scaled.jpg","width":2560,"height":1707},{"@type":"BreadcrumbList","@id":"https:\/\/danse-soufie.com\/produit\/masterclass-en-ligne-sama-lart-de-tourner-en-presence\/#breadcrumb","itemListElement":[{"@type":"ListItem","position":1,"name":"Accueil","item":"https:\/\/danse-soufie.com\/"},{"@type":"ListItem","position":2,"name":"Produits","item":"https:\/\/danse-soufie.com\/shop\/"},{"@type":"ListItem","position":3,"name":"Masterclass en ligne : SAM\u00c2 : L\u2019ART DE TOURNER EN PR\u00c9SENCE"}]},{"@type":"WebSite","@id":"https:\/\/danse-soufie.com\/#website","url":"https:\/\/danse-soufie.com\/","name":"Danse Soufie","description":"","publisher":{"@id":"https:\/\/danse-soufie.com\/#organization"},"potentialAction":[{"@type":"SearchAction","target":{"@type":"EntryPoint","urlTemplate":"https:\/\/danse-soufie.com\/?s={search_term_string}"},"query-input":{"@type":"PropertyValueSpecification","valueRequired":true,"valueName":"search_term_string"}}],"inLanguage":"fr-FR"},{"@type":"Organization","@id":"https:\/\/danse-soufie.com\/#organization","name":"Danse Soufie","url":"https:\/\/danse-soufie.com\/","logo":{"@type":"ImageObject","inLanguage":"fr-FR","@id":"https:\/\/danse-soufie.com\/#\/schema\/logo\/image\/","url":"https:\/\/danse-soufie.com\/wp-content\/uploads\/2025\/04\/danse-soufie-logo.webp","contentUrl":"https:\/\/danse-soufie.com\/wp-content\/uploads\/2025\/04\/danse-soufie-logo.webp","width":200,"height":106,"caption":"Danse Soufie"},"image":{"@id":"https:\/\/danse-soufie.com\/#\/schema\/logo\/image\/"},"sameAs":["https:\/\/web.facebook.com\/dansesoufie","https:\/\/www.instagram.com\/sufi_dance_school\/"]}]}},"_links":{"self":[{"href":"https:\/\/danse-soufie.com\/fr\/wp-json\/wp\/v2\/product\/13567","targetHints":{"allow":["GET"]}}],"collection":[{"href":"https:\/\/danse-soufie.com\/fr\/wp-json\/wp\/v2\/product"}],"about":[{"href":"https:\/\/danse-soufie.com\/fr\/wp-json\/wp\/v2\/types\/product"}],"version-history":[{"count":2,"href":"https:\/\/danse-soufie.com\/fr\/wp-json\/wp\/v2\/product\/13567\/revisions"}],"predecessor-version":[{"id":13569,"href":"https:\/\/danse-soufie.com\/fr\/wp-json\/wp\/v2\/product\/13567\/revisions\/13569"}],"wp:featuredmedia":[{"embeddable":true,"href":"https:\/\/danse-soufie.com\/fr\/wp-json\/wp\/v2\/media\/13273"}],"wp:attachment":[{"href":"https:\/\/danse-soufie.com\/fr\/wp-json\/wp\/v2\/media?parent=13567"}],"wp:term":[{"taxonomy":"product_brand","embeddable":true,"href":"https:\/\/danse-soufie.com\/fr\/wp-json\/wp\/v2\/product_brand?post=13567"},{"taxonomy":"product_cat","embeddable":true,"href":"https:\/\/danse-soufie.com\/fr\/wp-json\/wp\/v2\/product_cat?post=13567"},{"taxonomy":"product_tag","embeddable":true,"href":"https:\/\/danse-soufie.com\/fr\/wp-json\/wp\/v2\/product_tag?post=13567"}],"curies":[{"name":"wp","href":"https:\/\/api.w.org\/{rel}","templated":true}]}}