{"id":1509,"date":"2025-07-04T17:01:00","date_gmt":"2025-07-04T15:01:00","guid":{"rendered":"https:\/\/danse-soufie.com\/?post_type=product&#038;p=1509"},"modified":"2026-01-14T15:39:15","modified_gmt":"2026-01-14T14:39:15","slug":"daf-percussion-soufie","status":"publish","type":"product","link":"https:\/\/danse-soufie.com\/fr\/produit\/daf-percussion-soufie\/","title":{"rendered":"DAF &#8211; Percussion Soufie"},"content":{"rendered":"\t\t<div data-elementor-type=\"product-post\" data-elementor-id=\"1509\" class=\"elementor elementor-1509\" data-elementor-settings=\"{&quot;ha_cmc_init_switcher&quot;:&quot;no&quot;}\" data-elementor-post-type=\"product\">\n\t\t\t\t<div class=\"elementor-element elementor-element-98a9b48 e-flex e-con-boxed e-con e-parent\" data-id=\"98a9b48\" data-element_type=\"container\" data-e-type=\"container\" data-settings=\"{&quot;_ha_eqh_enable&quot;:false}\">\n\t\t\t\t\t<div class=\"e-con-inner\">\n\t\t\t\t<div class=\"elementor-element elementor-element-2fceb8f6 exad-sticky-section-no exad-glass-effect-no elementor-widget elementor-widget-text-editor\" data-id=\"2fceb8f6\" data-element_type=\"widget\" data-e-type=\"widget\" data-widget_type=\"text-editor.default\">\n\t\t\t\t<div class=\"elementor-widget-container\">\n\t\t\t\t\t\t\t\t\t<p style=\"font-weight: 400;\">Le\u00a0<strong>daf<\/strong>, \u00e9galement appel\u00e9 def, duff, deff, defi, defli ou dap, est un grand\u00a0tambour sur cadre\u00a0de la tradition persane utilis\u00e9 (comme le\u00a0zarb) pour accompagner la\u00a0musique iranienne, mais qui est aussi r\u00e9pandu (sans ses anneaux) du\u00a0<a href=\"https:\/\/frwiki.fr\/Lexique\/Moyen-Orient\">Moyen-Orient<\/a>\u00a0notamment en\u00a0<a href=\"https:\/\/frwiki.fr\/Lexique\/Turquie\">Turquie<\/a>, en\u00a0<a href=\"https:\/\/frwiki.fr\/Lexique\/Arm%c3%a9nie\">Arm\u00e9nie<\/a>\u00a0et en\u00a0<a href=\"https:\/\/frwiki.fr\/Lexique\/Azerba%c3%afdjan\">Azerba\u00efdjan<\/a>\u00a0jusqu&rsquo;\u00e0 la\u00a0<a href=\"https:\/\/frwiki.fr\/Lexique\/Sib%c3%a9rie\">Sib\u00e9rie<\/a>\u00a0en passant par l&rsquo;<a href=\"https:\/\/frwiki.fr\/Lexique\/Asie_centrale\">Asie centrale<\/a>. Il est sans doute \u00e0 l&rsquo;origine du\u00a0tar\u00a0arabo-andalou r\u00e9pandu au\u00a0<a href=\"https:\/\/frwiki.fr\/Lexique\/Maghreb\">Maghreb<\/a>\u00a0et qui a atteint l&rsquo;Europe m\u00e9di\u00e9vale. Il survit encore au Portugal et en Espagne (ainsi qu&rsquo;au Br\u00e9sil et au Guat\u00e9mala) sous le nom d&rsquo;adufe, mais aussi de\u00a0pandero\u00a0ou\u00a0pandeiro.<\/p>\t\t\t\t\t\t\t\t<\/div>\n\t\t\t\t<\/div>\n\t\t\t\t\t<\/div>\n\t\t\t\t<\/div>\n\t\t\t\t<\/div>\n\t\t","protected":false},"excerpt":{"rendered":"<p>Daf , tambour sur cadre de style kurdeen peau naturel de mouton fournis avec sa housse de protection en cuir v\u00e9ritable<\/p>\n<p><strong>Prix<\/strong> : 320 euros + frais de port : 60 euros<\/p>\n<p><strong>Dimensions :<\/strong><br \/>\nDaf<strong> : <\/strong>53,5 x 5,5cm<strong><br \/>\n<\/strong>Pochette<strong> : <\/strong>58 x 6cm<\/p>\n","protected":false},"featured_media":1521,"template":"","meta":{"give_campaign_id":0,"inline_featured_image":false,"_price":"320","_stock":"","_tribe_ticket_header":"","_tribe_default_ticket_provider":"","_tribe_ticket_capacity":"0","_ticket_start_date":"","_ticket_end_date":"","_tribe_ticket_show_description":"","_tribe_ticket_show_not_going":false,"_tribe_ticket_use_global_stock":"","_tribe_ticket_global_stock_level":"","_global_stock_mode":"","_global_stock_cap":"","_tribe_rsvp_for_event":"","_tribe_ticket_going_count":"","_tribe_ticket_not_going_count":"","_tribe_tickets_list":"[]","_tribe_ticket_has_attendee_info_fields":false,"_tec_slr_enabled":"","_tec_slr_layout":""},"product_brand":[],"product_cat":[39],"product_tag":[],"class_list":{"0":"post-1509","1":"product","2":"type-product","3":"status-publish","4":"has-post-thumbnail","6":"product_cat-instrument-de-musique","7":"product_shipping_class-eau_de_rose","9":"first","10":"instock","11":"taxable","12":"shipping-taxable","13":"purchasable","14":"product-type-simple"},"yoast_head":"<!-- This site is optimized with the Yoast SEO plugin v27.3 - https:\/\/yoast.com\/product\/yoast-seo-wordpress\/ -->\n<title>DAF - Percussion Soufie<\/title>\n<meta name=\"description\" content=\"Plongez dans la sagesse des derviches tourneurs gr\u00e2ce \u00e0 l&#039;Oracle Derviche, inspir\u00e9 par la danse soufie et la tradition mystique de l\u2019Orient.\" \/>\n<meta name=\"robots\" content=\"index, follow, max-snippet:-1, max-image-preview:large, max-video-preview:-1\" \/>\n<link rel=\"canonical\" href=\"https:\/\/danse-soufie.com\/fr\/produit\/daf-percussion-soufie\/\" \/>\n<meta property=\"og:locale\" content=\"fr_FR\" \/>\n<meta property=\"og:type\" content=\"article\" \/>\n<meta property=\"og:title\" content=\"DAF - Percussion Soufie\" \/>\n<meta property=\"og:description\" content=\"Plongez dans la sagesse des derviches tourneurs gr\u00e2ce \u00e0 l&#039;Oracle Derviche, inspir\u00e9 par la danse soufie et la tradition mystique de l\u2019Orient.\" \/>\n<meta property=\"og:url\" content=\"https:\/\/danse-soufie.com\/fr\/produit\/daf-percussion-soufie\/\" \/>\n<meta property=\"og:site_name\" content=\"Danse Soufie\" \/>\n<meta property=\"article:publisher\" content=\"https:\/\/web.facebook.com\/dansesoufie\" \/>\n<meta property=\"article:modified_time\" content=\"2026-01-14T14:39:15+00:00\" \/>\n<meta property=\"og:image\" content=\"https:\/\/danse-soufie.com\/wp-content\/uploads\/2025\/07\/Produit-4.png\" \/>\n\t<meta property=\"og:image:width\" content=\"1080\" \/>\n\t<meta property=\"og:image:height\" content=\"1080\" \/>\n\t<meta property=\"og:image:type\" content=\"image\/png\" \/>\n<meta name=\"twitter:card\" content=\"summary_large_image\" \/>\n<meta name=\"twitter:label1\" content=\"Dur\u00e9e de lecture estim\u00e9e\" \/>\n\t<meta name=\"twitter:data1\" content=\"1 minute\" \/>\n<script type=\"application\/ld+json\" class=\"yoast-schema-graph\">{\"@context\":\"https:\\\/\\\/schema.org\",\"@graph\":[{\"@type\":\"WebPage\",\"@id\":\"https:\\\/\\\/danse-soufie.com\\\/produit\\\/daf-percussion-soufie\\\/\",\"url\":\"https:\\\/\\\/danse-soufie.com\\\/produit\\\/daf-percussion-soufie\\\/\",\"name\":\"DAF - Percussion Soufie\",\"isPartOf\":{\"@id\":\"https:\\\/\\\/danse-soufie.com\\\/#website\"},\"primaryImageOfPage\":{\"@id\":\"https:\\\/\\\/danse-soufie.com\\\/produit\\\/daf-percussion-soufie\\\/#primaryimage\"},\"image\":{\"@id\":\"https:\\\/\\\/danse-soufie.com\\\/produit\\\/daf-percussion-soufie\\\/#primaryimage\"},\"thumbnailUrl\":\"https:\\\/\\\/danse-soufie.com\\\/wp-content\\\/uploads\\\/2025\\\/07\\\/Produit-4.png\",\"datePublished\":\"2025-07-04T15:01:00+00:00\",\"dateModified\":\"2026-01-14T14:39:15+00:00\",\"description\":\"Plongez dans la sagesse des derviches tourneurs gr\u00e2ce \u00e0 l'Oracle Derviche, inspir\u00e9 par la danse soufie et la tradition mystique de l\u2019Orient.\",\"breadcrumb\":{\"@id\":\"https:\\\/\\\/danse-soufie.com\\\/produit\\\/daf-percussion-soufie\\\/#breadcrumb\"},\"inLanguage\":\"fr-FR\",\"potentialAction\":[{\"@type\":\"ReadAction\",\"target\":[\"https:\\\/\\\/danse-soufie.com\\\/produit\\\/daf-percussion-soufie\\\/\"]}]},{\"@type\":\"ImageObject\",\"inLanguage\":\"fr-FR\",\"@id\":\"https:\\\/\\\/danse-soufie.com\\\/produit\\\/daf-percussion-soufie\\\/#primaryimage\",\"url\":\"https:\\\/\\\/danse-soufie.com\\\/wp-content\\\/uploads\\\/2025\\\/07\\\/Produit-4.png\",\"contentUrl\":\"https:\\\/\\\/danse-soufie.com\\\/wp-content\\\/uploads\\\/2025\\\/07\\\/Produit-4.png\",\"width\":1080,\"height\":1080},{\"@type\":\"BreadcrumbList\",\"@id\":\"https:\\\/\\\/danse-soufie.com\\\/produit\\\/daf-percussion-soufie\\\/#breadcrumb\",\"itemListElement\":[{\"@type\":\"ListItem\",\"position\":1,\"name\":\"Accueil\",\"item\":\"https:\\\/\\\/danse-soufie.com\\\/\"},{\"@type\":\"ListItem\",\"position\":2,\"name\":\"Produits\",\"item\":\"https:\\\/\\\/danse-soufie.com\\\/shop\\\/\"},{\"@type\":\"ListItem\",\"position\":3,\"name\":\"DAF &#8211; Percussion Soufie\"}]},{\"@type\":\"WebSite\",\"@id\":\"https:\\\/\\\/danse-soufie.com\\\/#website\",\"url\":\"https:\\\/\\\/danse-soufie.com\\\/\",\"name\":\"Danse Soufie\",\"description\":\"\",\"publisher\":{\"@id\":\"https:\\\/\\\/danse-soufie.com\\\/#organization\"},\"potentialAction\":[{\"@type\":\"SearchAction\",\"target\":{\"@type\":\"EntryPoint\",\"urlTemplate\":\"https:\\\/\\\/danse-soufie.com\\\/?s={search_term_string}\"},\"query-input\":{\"@type\":\"PropertyValueSpecification\",\"valueRequired\":true,\"valueName\":\"search_term_string\"}}],\"inLanguage\":\"fr-FR\"},{\"@type\":\"Organization\",\"@id\":\"https:\\\/\\\/danse-soufie.com\\\/#organization\",\"name\":\"Danse Soufie\",\"url\":\"https:\\\/\\\/danse-soufie.com\\\/\",\"logo\":{\"@type\":\"ImageObject\",\"inLanguage\":\"fr-FR\",\"@id\":\"https:\\\/\\\/danse-soufie.com\\\/#\\\/schema\\\/logo\\\/image\\\/\",\"url\":\"https:\\\/\\\/danse-soufie.com\\\/wp-content\\\/uploads\\\/2025\\\/04\\\/danse-soufie-logo.webp\",\"contentUrl\":\"https:\\\/\\\/danse-soufie.com\\\/wp-content\\\/uploads\\\/2025\\\/04\\\/danse-soufie-logo.webp\",\"width\":200,\"height\":106,\"caption\":\"Danse Soufie\"},\"image\":{\"@id\":\"https:\\\/\\\/danse-soufie.com\\\/#\\\/schema\\\/logo\\\/image\\\/\"},\"sameAs\":[\"https:\\\/\\\/web.facebook.com\\\/dansesoufie\",\"https:\\\/\\\/www.instagram.com\\\/sufi_dance_school\\\/\"]}]}<\/script>\n<!-- \/ Yoast SEO plugin. -->","yoast_head_json":{"title":"DAF - Percussion Soufie","description":"Plongez dans la sagesse des derviches tourneurs gr\u00e2ce \u00e0 l'Oracle Derviche, inspir\u00e9 par la danse soufie et la tradition mystique de l\u2019Orient.","robots":{"index":"index","follow":"follow","max-snippet":"max-snippet:-1","max-image-preview":"max-image-preview:large","max-video-preview":"max-video-preview:-1"},"canonical":"https:\/\/danse-soufie.com\/fr\/produit\/daf-percussion-soufie\/","og_locale":"fr_FR","og_type":"article","og_title":"DAF - Percussion Soufie","og_description":"Plongez dans la sagesse des derviches tourneurs gr\u00e2ce \u00e0 l'Oracle Derviche, inspir\u00e9 par la danse soufie et la tradition mystique de l\u2019Orient.","og_url":"https:\/\/danse-soufie.com\/fr\/produit\/daf-percussion-soufie\/","og_site_name":"Danse Soufie","article_publisher":"https:\/\/web.facebook.com\/dansesoufie","article_modified_time":"2026-01-14T14:39:15+00:00","og_image":[{"width":1080,"height":1080,"url":"https:\/\/danse-soufie.com\/wp-content\/uploads\/2025\/07\/Produit-4.png","type":"image\/png"}],"twitter_card":"summary_large_image","twitter_misc":{"Dur\u00e9e de lecture estim\u00e9e":"1 minute"},"schema":{"@context":"https:\/\/schema.org","@graph":[{"@type":"WebPage","@id":"https:\/\/danse-soufie.com\/produit\/daf-percussion-soufie\/","url":"https:\/\/danse-soufie.com\/produit\/daf-percussion-soufie\/","name":"DAF - Percussion Soufie","isPartOf":{"@id":"https:\/\/danse-soufie.com\/#website"},"primaryImageOfPage":{"@id":"https:\/\/danse-soufie.com\/produit\/daf-percussion-soufie\/#primaryimage"},"image":{"@id":"https:\/\/danse-soufie.com\/produit\/daf-percussion-soufie\/#primaryimage"},"thumbnailUrl":"https:\/\/danse-soufie.com\/wp-content\/uploads\/2025\/07\/Produit-4.png","datePublished":"2025-07-04T15:01:00+00:00","dateModified":"2026-01-14T14:39:15+00:00","description":"Plongez dans la sagesse des derviches tourneurs gr\u00e2ce \u00e0 l'Oracle Derviche, inspir\u00e9 par la danse soufie et la tradition mystique de l\u2019Orient.","breadcrumb":{"@id":"https:\/\/danse-soufie.com\/produit\/daf-percussion-soufie\/#breadcrumb"},"inLanguage":"fr-FR","potentialAction":[{"@type":"ReadAction","target":["https:\/\/danse-soufie.com\/produit\/daf-percussion-soufie\/"]}]},{"@type":"ImageObject","inLanguage":"fr-FR","@id":"https:\/\/danse-soufie.com\/produit\/daf-percussion-soufie\/#primaryimage","url":"https:\/\/danse-soufie.com\/wp-content\/uploads\/2025\/07\/Produit-4.png","contentUrl":"https:\/\/danse-soufie.com\/wp-content\/uploads\/2025\/07\/Produit-4.png","width":1080,"height":1080},{"@type":"BreadcrumbList","@id":"https:\/\/danse-soufie.com\/produit\/daf-percussion-soufie\/#breadcrumb","itemListElement":[{"@type":"ListItem","position":1,"name":"Accueil","item":"https:\/\/danse-soufie.com\/"},{"@type":"ListItem","position":2,"name":"Produits","item":"https:\/\/danse-soufie.com\/shop\/"},{"@type":"ListItem","position":3,"name":"DAF &#8211; Percussion Soufie"}]},{"@type":"WebSite","@id":"https:\/\/danse-soufie.com\/#website","url":"https:\/\/danse-soufie.com\/","name":"Danse Soufie","description":"","publisher":{"@id":"https:\/\/danse-soufie.com\/#organization"},"potentialAction":[{"@type":"SearchAction","target":{"@type":"EntryPoint","urlTemplate":"https:\/\/danse-soufie.com\/?s={search_term_string}"},"query-input":{"@type":"PropertyValueSpecification","valueRequired":true,"valueName":"search_term_string"}}],"inLanguage":"fr-FR"},{"@type":"Organization","@id":"https:\/\/danse-soufie.com\/#organization","name":"Danse Soufie","url":"https:\/\/danse-soufie.com\/","logo":{"@type":"ImageObject","inLanguage":"fr-FR","@id":"https:\/\/danse-soufie.com\/#\/schema\/logo\/image\/","url":"https:\/\/danse-soufie.com\/wp-content\/uploads\/2025\/04\/danse-soufie-logo.webp","contentUrl":"https:\/\/danse-soufie.com\/wp-content\/uploads\/2025\/04\/danse-soufie-logo.webp","width":200,"height":106,"caption":"Danse Soufie"},"image":{"@id":"https:\/\/danse-soufie.com\/#\/schema\/logo\/image\/"},"sameAs":["https:\/\/web.facebook.com\/dansesoufie","https:\/\/www.instagram.com\/sufi_dance_school\/"]}]}},"_links":{"self":[{"href":"https:\/\/danse-soufie.com\/fr\/wp-json\/wp\/v2\/product\/1509","targetHints":{"allow":["GET"]}}],"collection":[{"href":"https:\/\/danse-soufie.com\/fr\/wp-json\/wp\/v2\/product"}],"about":[{"href":"https:\/\/danse-soufie.com\/fr\/wp-json\/wp\/v2\/types\/product"}],"version-history":[{"count":8,"href":"https:\/\/danse-soufie.com\/fr\/wp-json\/wp\/v2\/product\/1509\/revisions"}],"predecessor-version":[{"id":8001,"href":"https:\/\/danse-soufie.com\/fr\/wp-json\/wp\/v2\/product\/1509\/revisions\/8001"}],"wp:featuredmedia":[{"embeddable":true,"href":"https:\/\/danse-soufie.com\/fr\/wp-json\/wp\/v2\/media\/1521"}],"wp:attachment":[{"href":"https:\/\/danse-soufie.com\/fr\/wp-json\/wp\/v2\/media?parent=1509"}],"wp:term":[{"taxonomy":"product_brand","embeddable":true,"href":"https:\/\/danse-soufie.com\/fr\/wp-json\/wp\/v2\/product_brand?post=1509"},{"taxonomy":"product_cat","embeddable":true,"href":"https:\/\/danse-soufie.com\/fr\/wp-json\/wp\/v2\/product_cat?post=1509"},{"taxonomy":"product_tag","embeddable":true,"href":"https:\/\/danse-soufie.com\/fr\/wp-json\/wp\/v2\/product_tag?post=1509"}],"curies":[{"name":"wp","href":"https:\/\/api.w.org\/{rel}","templated":true}]}}