{"id":1634,"date":"2025-07-07T16:17:00","date_gmt":"2025-07-07T14:17:00","guid":{"rendered":"https:\/\/danse-soufie.com\/?post_type=product&#038;p=1634"},"modified":"2026-02-16T13:35:24","modified_gmt":"2026-02-16T12:35:24","slug":"tote-bag-femme-vie-liberte","status":"publish","type":"product","link":"https:\/\/danse-soufie.com\/fr\/produit\/tote-bag-femme-vie-liberte\/","title":{"rendered":"Tote Bag Femme, Vie, Libert\u00e9"},"content":{"rendered":"<p><strong>Femme, Vie, Libert\u00e9 ( Zan , Zendegi, Azadi )<\/strong> est un slogan pour\u00a0les droits fondamentaux du peuple iranien et du peuple kurde.<br \/>\nCes trois mots repris dans le monde entier devient le cri d&rsquo;un combat universel pour les femmes victimes de l&rsquo;obscurantisme et de la tyrannie.<br \/>\nCe tote bag fut cr\u00e9e en 2023 \u00e0 l&rsquo;occasion de la journ\u00e9e internationale des droits des femmes.<\/p>\n<p>2 versions : Anglais \/ Francais<br \/>\n2 couleurs : noir ou blanc<\/p>\n","protected":false},"excerpt":{"rendered":"<p><strong>Fiche technique :\u00a0<\/strong><br \/>\nMati\u00e8re 100% Coton<br \/>\n\u00c9paisseur Du Tissu 150 gr\/m2<\/p>\n<p>Longueur Des Anses 70 cm<br \/>\nHauteur 42 cm<br \/>\nLargeur 38 cm<br \/>\nCapacit\u00e9 10 Litres<br \/>\nPoids 72 g<\/p>\n","protected":false},"featured_media":1518,"template":"","meta":{"give_campaign_id":0,"inline_featured_image":false,"_price":"20","_stock":"","_tribe_ticket_header":"","_tribe_default_ticket_provider":"","_tribe_ticket_capacity":"0","_ticket_start_date":"","_ticket_end_date":"","_tribe_ticket_show_description":"","_tribe_ticket_show_not_going":false,"_tribe_ticket_use_global_stock":"","_tribe_ticket_global_stock_level":"","_global_stock_mode":"","_global_stock_cap":"","_tribe_rsvp_for_event":"","_tribe_ticket_going_count":"","_tribe_ticket_not_going_count":"","_tribe_tickets_list":"[]","_tribe_ticket_has_attendee_info_fields":false,"_tec_slr_enabled":"","_tec_slr_layout":""},"product_brand":[],"product_cat":[37,38],"product_tag":[],"class_list":{"0":"post-1634","1":"product","2":"type-product","3":"status-publish","4":"has-post-thumbnail","6":"product_cat-accessoires","7":"product_cat-divers","8":"product_shipping_class-eau_de_rose","10":"first","11":"instock","12":"taxable","13":"shipping-taxable","14":"purchasable","15":"product-type-simple"},"yoast_head":"<!-- This site is optimized with the Yoast SEO plugin v27.3 - https:\/\/yoast.com\/product\/yoast-seo-wordpress\/ -->\n<title>Tote Bag Femme, Vie, Libert\u00e9 - Danse Soufie<\/title>\n<meta name=\"robots\" content=\"index, follow, max-snippet:-1, max-image-preview:large, max-video-preview:-1\" \/>\n<link rel=\"canonical\" href=\"https:\/\/danse-soufie.com\/fr\/produit\/tote-bag-femme-vie-liberte\/\" \/>\n<meta property=\"og:locale\" content=\"fr_FR\" \/>\n<meta property=\"og:type\" content=\"article\" \/>\n<meta property=\"og:title\" content=\"Tote Bag Femme, Vie, Libert\u00e9 - Danse Soufie\" \/>\n<meta property=\"og:description\" content=\"Fiche technique :\u00a0 Mati\u00e8re 100% Coton \u00c9paisseur Du Tissu 150 gr\/m2  Longueur Des Anses 70 cm Hauteur 42 cm Largeur 38 cm Capacit\u00e9 10 Litres Poids 72 g\" \/>\n<meta property=\"og:url\" content=\"https:\/\/danse-soufie.com\/fr\/produit\/tote-bag-femme-vie-liberte\/\" \/>\n<meta property=\"og:site_name\" content=\"Danse Soufie\" \/>\n<meta property=\"article:publisher\" content=\"https:\/\/web.facebook.com\/dansesoufie\" \/>\n<meta property=\"article:modified_time\" content=\"2026-02-16T12:35:24+00:00\" \/>\n<meta property=\"og:image\" content=\"https:\/\/danse-soufie.com\/wp-content\/uploads\/2025\/07\/Produit-1.png\" \/>\n\t<meta property=\"og:image:width\" content=\"1080\" \/>\n\t<meta property=\"og:image:height\" content=\"1080\" \/>\n\t<meta property=\"og:image:type\" content=\"image\/png\" \/>\n<meta name=\"twitter:card\" content=\"summary_large_image\" \/>\n<meta name=\"twitter:label1\" content=\"Dur\u00e9e de lecture estim\u00e9e\" \/>\n\t<meta name=\"twitter:data1\" content=\"1 minute\" \/>\n<script type=\"application\/ld+json\" class=\"yoast-schema-graph\">{\"@context\":\"https:\\\/\\\/schema.org\",\"@graph\":[{\"@type\":\"WebPage\",\"@id\":\"https:\\\/\\\/danse-soufie.com\\\/produit\\\/tote-bag-femme-vie-liberte\\\/\",\"url\":\"https:\\\/\\\/danse-soufie.com\\\/produit\\\/tote-bag-femme-vie-liberte\\\/\",\"name\":\"Tote Bag Femme, Vie, Libert\u00e9 - Danse Soufie\",\"isPartOf\":{\"@id\":\"https:\\\/\\\/danse-soufie.com\\\/#website\"},\"primaryImageOfPage\":{\"@id\":\"https:\\\/\\\/danse-soufie.com\\\/produit\\\/tote-bag-femme-vie-liberte\\\/#primaryimage\"},\"image\":{\"@id\":\"https:\\\/\\\/danse-soufie.com\\\/produit\\\/tote-bag-femme-vie-liberte\\\/#primaryimage\"},\"thumbnailUrl\":\"https:\\\/\\\/danse-soufie.com\\\/wp-content\\\/uploads\\\/2025\\\/07\\\/Produit-1.png\",\"datePublished\":\"2025-07-07T14:17:00+00:00\",\"dateModified\":\"2026-02-16T12:35:24+00:00\",\"breadcrumb\":{\"@id\":\"https:\\\/\\\/danse-soufie.com\\\/produit\\\/tote-bag-femme-vie-liberte\\\/#breadcrumb\"},\"inLanguage\":\"fr-FR\",\"potentialAction\":[{\"@type\":\"ReadAction\",\"target\":[\"https:\\\/\\\/danse-soufie.com\\\/produit\\\/tote-bag-femme-vie-liberte\\\/\"]}]},{\"@type\":\"ImageObject\",\"inLanguage\":\"fr-FR\",\"@id\":\"https:\\\/\\\/danse-soufie.com\\\/produit\\\/tote-bag-femme-vie-liberte\\\/#primaryimage\",\"url\":\"https:\\\/\\\/danse-soufie.com\\\/wp-content\\\/uploads\\\/2025\\\/07\\\/Produit-1.png\",\"contentUrl\":\"https:\\\/\\\/danse-soufie.com\\\/wp-content\\\/uploads\\\/2025\\\/07\\\/Produit-1.png\",\"width\":1080,\"height\":1080},{\"@type\":\"BreadcrumbList\",\"@id\":\"https:\\\/\\\/danse-soufie.com\\\/produit\\\/tote-bag-femme-vie-liberte\\\/#breadcrumb\",\"itemListElement\":[{\"@type\":\"ListItem\",\"position\":1,\"name\":\"Accueil\",\"item\":\"https:\\\/\\\/danse-soufie.com\\\/\"},{\"@type\":\"ListItem\",\"position\":2,\"name\":\"Produits\",\"item\":\"https:\\\/\\\/danse-soufie.com\\\/shop\\\/\"},{\"@type\":\"ListItem\",\"position\":3,\"name\":\"Tote Bag Femme, Vie, Libert\u00e9\"}]},{\"@type\":\"WebSite\",\"@id\":\"https:\\\/\\\/danse-soufie.com\\\/#website\",\"url\":\"https:\\\/\\\/danse-soufie.com\\\/\",\"name\":\"Danse Soufie\",\"description\":\"\",\"publisher\":{\"@id\":\"https:\\\/\\\/danse-soufie.com\\\/#organization\"},\"potentialAction\":[{\"@type\":\"SearchAction\",\"target\":{\"@type\":\"EntryPoint\",\"urlTemplate\":\"https:\\\/\\\/danse-soufie.com\\\/?s={search_term_string}\"},\"query-input\":{\"@type\":\"PropertyValueSpecification\",\"valueRequired\":true,\"valueName\":\"search_term_string\"}}],\"inLanguage\":\"fr-FR\"},{\"@type\":\"Organization\",\"@id\":\"https:\\\/\\\/danse-soufie.com\\\/#organization\",\"name\":\"Danse Soufie\",\"url\":\"https:\\\/\\\/danse-soufie.com\\\/\",\"logo\":{\"@type\":\"ImageObject\",\"inLanguage\":\"fr-FR\",\"@id\":\"https:\\\/\\\/danse-soufie.com\\\/#\\\/schema\\\/logo\\\/image\\\/\",\"url\":\"https:\\\/\\\/danse-soufie.com\\\/wp-content\\\/uploads\\\/2025\\\/04\\\/danse-soufie-logo.webp\",\"contentUrl\":\"https:\\\/\\\/danse-soufie.com\\\/wp-content\\\/uploads\\\/2025\\\/04\\\/danse-soufie-logo.webp\",\"width\":200,\"height\":106,\"caption\":\"Danse Soufie\"},\"image\":{\"@id\":\"https:\\\/\\\/danse-soufie.com\\\/#\\\/schema\\\/logo\\\/image\\\/\"},\"sameAs\":[\"https:\\\/\\\/web.facebook.com\\\/dansesoufie\",\"https:\\\/\\\/www.instagram.com\\\/sufi_dance_school\\\/\"]}]}<\/script>\n<!-- \/ Yoast SEO plugin. -->","yoast_head_json":{"title":"Tote Bag Femme, Vie, Libert\u00e9 - Danse Soufie","robots":{"index":"index","follow":"follow","max-snippet":"max-snippet:-1","max-image-preview":"max-image-preview:large","max-video-preview":"max-video-preview:-1"},"canonical":"https:\/\/danse-soufie.com\/fr\/produit\/tote-bag-femme-vie-liberte\/","og_locale":"fr_FR","og_type":"article","og_title":"Tote Bag Femme, Vie, Libert\u00e9 - Danse Soufie","og_description":"Fiche technique :\u00a0 Mati\u00e8re 100% Coton \u00c9paisseur Du Tissu 150 gr\/m2  Longueur Des Anses 70 cm Hauteur 42 cm Largeur 38 cm Capacit\u00e9 10 Litres Poids 72 g","og_url":"https:\/\/danse-soufie.com\/fr\/produit\/tote-bag-femme-vie-liberte\/","og_site_name":"Danse Soufie","article_publisher":"https:\/\/web.facebook.com\/dansesoufie","article_modified_time":"2026-02-16T12:35:24+00:00","og_image":[{"width":1080,"height":1080,"url":"https:\/\/danse-soufie.com\/wp-content\/uploads\/2025\/07\/Produit-1.png","type":"image\/png"}],"twitter_card":"summary_large_image","twitter_misc":{"Dur\u00e9e de lecture estim\u00e9e":"1 minute"},"schema":{"@context":"https:\/\/schema.org","@graph":[{"@type":"WebPage","@id":"https:\/\/danse-soufie.com\/produit\/tote-bag-femme-vie-liberte\/","url":"https:\/\/danse-soufie.com\/produit\/tote-bag-femme-vie-liberte\/","name":"Tote Bag Femme, Vie, Libert\u00e9 - Danse Soufie","isPartOf":{"@id":"https:\/\/danse-soufie.com\/#website"},"primaryImageOfPage":{"@id":"https:\/\/danse-soufie.com\/produit\/tote-bag-femme-vie-liberte\/#primaryimage"},"image":{"@id":"https:\/\/danse-soufie.com\/produit\/tote-bag-femme-vie-liberte\/#primaryimage"},"thumbnailUrl":"https:\/\/danse-soufie.com\/wp-content\/uploads\/2025\/07\/Produit-1.png","datePublished":"2025-07-07T14:17:00+00:00","dateModified":"2026-02-16T12:35:24+00:00","breadcrumb":{"@id":"https:\/\/danse-soufie.com\/produit\/tote-bag-femme-vie-liberte\/#breadcrumb"},"inLanguage":"fr-FR","potentialAction":[{"@type":"ReadAction","target":["https:\/\/danse-soufie.com\/produit\/tote-bag-femme-vie-liberte\/"]}]},{"@type":"ImageObject","inLanguage":"fr-FR","@id":"https:\/\/danse-soufie.com\/produit\/tote-bag-femme-vie-liberte\/#primaryimage","url":"https:\/\/danse-soufie.com\/wp-content\/uploads\/2025\/07\/Produit-1.png","contentUrl":"https:\/\/danse-soufie.com\/wp-content\/uploads\/2025\/07\/Produit-1.png","width":1080,"height":1080},{"@type":"BreadcrumbList","@id":"https:\/\/danse-soufie.com\/produit\/tote-bag-femme-vie-liberte\/#breadcrumb","itemListElement":[{"@type":"ListItem","position":1,"name":"Accueil","item":"https:\/\/danse-soufie.com\/"},{"@type":"ListItem","position":2,"name":"Produits","item":"https:\/\/danse-soufie.com\/shop\/"},{"@type":"ListItem","position":3,"name":"Tote Bag Femme, Vie, Libert\u00e9"}]},{"@type":"WebSite","@id":"https:\/\/danse-soufie.com\/#website","url":"https:\/\/danse-soufie.com\/","name":"Danse Soufie","description":"","publisher":{"@id":"https:\/\/danse-soufie.com\/#organization"},"potentialAction":[{"@type":"SearchAction","target":{"@type":"EntryPoint","urlTemplate":"https:\/\/danse-soufie.com\/?s={search_term_string}"},"query-input":{"@type":"PropertyValueSpecification","valueRequired":true,"valueName":"search_term_string"}}],"inLanguage":"fr-FR"},{"@type":"Organization","@id":"https:\/\/danse-soufie.com\/#organization","name":"Danse Soufie","url":"https:\/\/danse-soufie.com\/","logo":{"@type":"ImageObject","inLanguage":"fr-FR","@id":"https:\/\/danse-soufie.com\/#\/schema\/logo\/image\/","url":"https:\/\/danse-soufie.com\/wp-content\/uploads\/2025\/04\/danse-soufie-logo.webp","contentUrl":"https:\/\/danse-soufie.com\/wp-content\/uploads\/2025\/04\/danse-soufie-logo.webp","width":200,"height":106,"caption":"Danse Soufie"},"image":{"@id":"https:\/\/danse-soufie.com\/#\/schema\/logo\/image\/"},"sameAs":["https:\/\/web.facebook.com\/dansesoufie","https:\/\/www.instagram.com\/sufi_dance_school\/"]}]}},"_links":{"self":[{"href":"https:\/\/danse-soufie.com\/fr\/wp-json\/wp\/v2\/product\/1634","targetHints":{"allow":["GET"]}}],"collection":[{"href":"https:\/\/danse-soufie.com\/fr\/wp-json\/wp\/v2\/product"}],"about":[{"href":"https:\/\/danse-soufie.com\/fr\/wp-json\/wp\/v2\/types\/product"}],"version-history":[{"count":1,"href":"https:\/\/danse-soufie.com\/fr\/wp-json\/wp\/v2\/product\/1634\/revisions"}],"predecessor-version":[{"id":1635,"href":"https:\/\/danse-soufie.com\/fr\/wp-json\/wp\/v2\/product\/1634\/revisions\/1635"}],"wp:featuredmedia":[{"embeddable":true,"href":"https:\/\/danse-soufie.com\/fr\/wp-json\/wp\/v2\/media\/1518"}],"wp:attachment":[{"href":"https:\/\/danse-soufie.com\/fr\/wp-json\/wp\/v2\/media?parent=1634"}],"wp:term":[{"taxonomy":"product_brand","embeddable":true,"href":"https:\/\/danse-soufie.com\/fr\/wp-json\/wp\/v2\/product_brand?post=1634"},{"taxonomy":"product_cat","embeddable":true,"href":"https:\/\/danse-soufie.com\/fr\/wp-json\/wp\/v2\/product_cat?post=1634"},{"taxonomy":"product_tag","embeddable":true,"href":"https:\/\/danse-soufie.com\/fr\/wp-json\/wp\/v2\/product_tag?post=1634"}],"curies":[{"name":"wp","href":"https:\/\/api.w.org\/{rel}","templated":true}]}}